{"id":121,"date":"2024-08-29T07:59:45","date_gmt":"2024-08-29T05:59:45","guid":{"rendered":"https:\/\/g-block.be\/?page_id=121"},"modified":"2025-11-04T17:00:28","modified_gmt":"2025-11-04T16:00:28","slug":"confidentiality-policy-and-respect-for-r-g-p-d","status":"publish","type":"page","link":"https:\/\/g-block.be\/en\/confidentiality-policy-and-respect-for-r-g-p-d\/","title":{"rendered":"Confidentiality policy and compliance with the R.G.P.D."},"content":{"rendered":"<div class=\"wpb-content-wrapper\"><div class=\"stripe stripe-style-1\" style=\"background-position: top;background-repeat: no-repeat;background-attachment: scroll;background-size: auto;padding-top: 0px;padding-bottom: 0px;margin-top: 0px;margin-bottom: 0px\"><div class=\"vc_row wpb_row vc_row-fluid\" style=\"\"><div class=\"wpb_column vc_column_container vc_col-sm-12\"><div class=\"vc_column-inner vc_custom_1757358176932\"><div class=\"wpb_wrapper\">\n\t<div class=\"wpb_text_column wpb_content_element\" >\n\t\t<div class=\"wpb_wrapper\">\n\t\t\t<p>At G-Block S.A., we attach great importance to the confidentiality of your personal data. The purpose of this page is to provide you with transparent information on how we collect, use, store and protect your data, in accordance with the General Data Protection Regulation (GDPR - EU Regulation 2016\/679).<\/p>\n\n\t\t<\/div>\n\t<\/div>\n<div class=\"vc_row wpb_row vc_inner vc_row-fluid vc_column-gap-30\"><div class=\"wpb_column vc_column_container vc_col-sm-6\"><div class=\"vc_column-inner\"><div class=\"wpb_wrapper\">\n\t<div class=\"wpb_text_column wpb_content_element\" >\n\t\t<div class=\"wpb_wrapper\">\n\t\t\t<h4>Who is responsible for processing your data?<\/h4>\n<h5>The party responsible for processing your data is :<\/h5>\n<p><strong>G-Block S.A.<\/strong><br \/>\nGhislenghien Industrial Estate<br \/>\nChemin de Preuscamps 16, 7822 Ghislenghien - Belgium<br \/>\n<strong>ECB NO.<\/strong> BE0448569867<br \/>\n<strong>Tel.<\/strong> : +32 (0)68 26 66 10<br \/>\n<strong>E-mail<\/strong> :<a href=\"mailto:info@g-block.be\"> info@g-block.be<\/a><\/p>\n<p>Contact person for questions relating to data processing:<br \/>\nMr Santiago Gonzalez Navarro. E-mail: info@g-block.be<\/p>\n<h4>What data do we collect?<\/h4>\n<p>As part of our commercial activity, we may collect the following data:<\/p>\n<ul>\n<li>Full name<\/li>\n<li>Company name<\/li>\n<li>Postal address<\/li>\n<li>E-mail address<\/li>\n<li>Telephone number (landline and\/or mobile)<\/li>\n<li>Information relating to orders, deliveries or technical requests<\/li>\n<\/ul>\n<p>This data is only collected when you provide it to us voluntarily, via a form, a contact, an order or a commercial exchange.<\/p>\n<h4>Why do we process your data?<\/h4>\n<p>Your personal data will only be used for :<\/p>\n<ul>\n<li>Managing your requests for information, quotes or orders<\/li>\n<li>Communicating technical or commercial information<\/li>\n<li>Sending administrative documents (invoices, confirmations, offers, etc.)<\/li>\n<li>Customer care and management of our commercial relationship<\/li>\n<li>Improving our services<\/li>\n<li>The occasional sending of information e-mails or newsletters (if you have given your consent)<\/li>\n<\/ul>\n\n\t\t<\/div>\n\t<\/div>\n<\/div><\/div><\/div><div class=\"wpb_column vc_column_container vc_col-sm-6\"><div class=\"vc_column-inner\"><div class=\"wpb_wrapper\">\n\t<div class=\"wpb_text_column wpb_content_element\" >\n\t\t<div class=\"wpb_wrapper\">\n\t\t\t<h4>How do we protect your data?<\/h4>\n<p>Your data is kept in a secure environment and is only accessible to authorised persons. We implement appropriate technical and organisational measures to prevent any loss, misuse or unauthorised access.<\/p>\n<h4>How long do we keep your data?<\/h4>\n<p>Data is kept for as long as is necessary to achieve the purposes for which it was collected, or in accordance with legal obligations (for example, the retention period for accounting documents). You may exercise your right to have your data deleted at any time (see below).<\/p>\n<h4>Your rights with regard to personal data<\/h4>\n<h5>In accordance with the RGPD, you have the following rights:<\/h5>\n<ul>\n<li>Right of access to your data<\/li>\n<li>Right of rectification in the event of error<\/li>\n<li>Right to have your data erased (\"right to be forgotten\")<\/li>\n<li>Right to object to or limit processing<\/li>\n<li>Right to data portability, on request<\/li>\n<li>Right to withdraw your consent at any time<\/li>\n<\/ul>\n<p>To exercise any of these rights, simply send an e-mail to the following address:<br \/>\n<a href=\"mailto:info@g-block.be\">info@g-block.be<\/a><\/p>\n<p>We promise to get back to you as soon as possible, and within 30 days at the latest.<\/p>\n<h4>Sharing data with third parties<\/h4>\n<p>Your data is never sold or rented to third parties.<br \/>\nIt is only shared with technical partners or subcontractors when this is necessary for the performance of a contract or service, and always in compliance with the RGPD.<\/p>\n<h4>Updating this policy<\/h4>\n<p>This privacy policy may be updated at any time, in particular to take account of changes in legislation or in our business. It was last updated on: 04\/11\/2025<\/p>\n\n\t\t<\/div>\n\t<\/div>\n<\/div><\/div><\/div><\/div><\/div><\/div><\/div><\/div><\/div>\n<\/div>","protected":false},"excerpt":{"rendered":"<p>Chez G-Block S.A., nous accordons une grande importance \u00e0 la confidentialit\u00e9 de vos donn\u00e9es personnelles. Cette page a pour but de vous informer en toute transparence sur la mani\u00e8re dont nous collectons, utilisons, conservons et prot\u00e9geons vos donn\u00e9es, conform\u00e9ment au R\u00e8glement G\u00e9n\u00e9ral sur la Protection des Donn\u00e9es (RGPD \u2013 R\u00e8glement UE 2016\/679). Qui est responsable&hellip;<\/p>","protected":false},"author":1,"featured_media":1647,"parent":0,"menu_order":0,"comment_status":"closed","ping_status":"closed","template":"","meta":{"footnotes":""},"class_list":["post-121","page","type-page","status-publish","has-post-thumbnail","hentry","description-off"],"yoast_head":"<!-- This site is optimized with the Yoast SEO plugin v27.3 - https:\/\/yoast.com\/product\/yoast-seo-wordpress\/ -->\n<title>Mentions L\u00e9gales et RGPD | Informations L\u00e9gales | G-Block<\/title>\n<meta name=\"description\" content=\"Consultez les mentions l\u00e9gales et les d\u00e9tails sur la protection des donn\u00e9es personnelles (RGPD) de G-Block. Respect de la confidentialit\u00e9 et transparence garanties.\" \/>\n<meta name=\"robots\" content=\"index, follow, max-snippet:-1, max-image-preview:large, max-video-preview:-1\" \/>\n<link rel=\"canonical\" href=\"https:\/\/g-block.be\/en\/confidentiality-policy-and-respect-for-r-g-p-d\/\" \/>\n<meta property=\"og:locale\" content=\"en_GB\" \/>\n<meta property=\"og:type\" content=\"article\" \/>\n<meta property=\"og:title\" content=\"Mentions L\u00e9gales et RGPD | Informations L\u00e9gales | G-Block\" \/>\n<meta property=\"og:description\" content=\"Consultez les mentions l\u00e9gales et les d\u00e9tails sur la protection des donn\u00e9es personnelles (RGPD) de G-Block. Respect de la confidentialit\u00e9 et transparence garanties.\" \/>\n<meta property=\"og:url\" content=\"https:\/\/g-block.be\/en\/confidentiality-policy-and-respect-for-r-g-p-d\/\" \/>\n<meta property=\"og:site_name\" content=\"G-Block\" \/>\n<meta property=\"article:modified_time\" content=\"2025-11-04T16:00:28+00:00\" \/>\n<meta property=\"og:image\" content=\"https:\/\/g-block.be\/wp-content\/uploads\/2025\/02\/telechargement-2.jpg\" \/>\n\t<meta property=\"og:image:width\" content=\"219\" \/>\n\t<meta property=\"og:image:height\" content=\"230\" \/>\n\t<meta property=\"og:image:type\" content=\"image\/jpeg\" \/>\n<meta name=\"twitter:card\" content=\"summary_large_image\" \/>\n<meta name=\"twitter:title\" content=\"Mentions L\u00e9gales et RGPD | Informations L\u00e9gales | G-Block\" \/>\n<meta name=\"twitter:description\" content=\"Consultez les mentions l\u00e9gales et les d\u00e9tails sur la protection des donn\u00e9es personnelles (RGPD) de G-Block. Respect de la confidentialit\u00e9 et transparence garanties.\" \/>\n<meta name=\"twitter:image\" content=\"https:\/\/g-block.be\/wp-content\/uploads\/2025\/02\/telechargement-2.jpg\" \/>\n<meta name=\"twitter:label1\" content=\"Estimated reading time\" \/>\n\t<meta name=\"twitter:data1\" content=\"3 minutes\" \/>\n<script type=\"application\/ld+json\" class=\"yoast-schema-graph\">{\"@context\":\"https:\\\/\\\/schema.org\",\"@graph\":[{\"@type\":\"WebPage\",\"@id\":\"https:\\\/\\\/g-block.be\\\/politique-de-confidentialite-et-respect-du-r-g-p-d\\\/\",\"url\":\"https:\\\/\\\/g-block.be\\\/politique-de-confidentialite-et-respect-du-r-g-p-d\\\/\",\"name\":\"Mentions L\u00e9gales et RGPD | Informations L\u00e9gales | G-Block\",\"isPartOf\":{\"@id\":\"https:\\\/\\\/g-block.be\\\/#website\"},\"primaryImageOfPage\":{\"@id\":\"https:\\\/\\\/g-block.be\\\/politique-de-confidentialite-et-respect-du-r-g-p-d\\\/#primaryimage\"},\"image\":{\"@id\":\"https:\\\/\\\/g-block.be\\\/politique-de-confidentialite-et-respect-du-r-g-p-d\\\/#primaryimage\"},\"thumbnailUrl\":\"https:\\\/\\\/g-block.be\\\/wp-content\\\/uploads\\\/2025\\\/02\\\/telechargement-2.jpg\",\"datePublished\":\"2024-08-29T05:59:45+00:00\",\"dateModified\":\"2025-11-04T16:00:28+00:00\",\"description\":\"Consultez les mentions l\u00e9gales et les d\u00e9tails sur la protection des donn\u00e9es personnelles (RGPD) de G-Block. Respect de la confidentialit\u00e9 et transparence garanties.\",\"breadcrumb\":{\"@id\":\"https:\\\/\\\/g-block.be\\\/politique-de-confidentialite-et-respect-du-r-g-p-d\\\/#breadcrumb\"},\"inLanguage\":\"en-GB\",\"potentialAction\":[{\"@type\":\"ReadAction\",\"target\":[\"https:\\\/\\\/g-block.be\\\/politique-de-confidentialite-et-respect-du-r-g-p-d\\\/\"]}]},{\"@type\":\"ImageObject\",\"inLanguage\":\"en-GB\",\"@id\":\"https:\\\/\\\/g-block.be\\\/politique-de-confidentialite-et-respect-du-r-g-p-d\\\/#primaryimage\",\"url\":\"https:\\\/\\\/g-block.be\\\/wp-content\\\/uploads\\\/2025\\\/02\\\/telechargement-2.jpg\",\"contentUrl\":\"https:\\\/\\\/g-block.be\\\/wp-content\\\/uploads\\\/2025\\\/02\\\/telechargement-2.jpg\",\"width\":219,\"height\":230},{\"@type\":\"BreadcrumbList\",\"@id\":\"https:\\\/\\\/g-block.be\\\/politique-de-confidentialite-et-respect-du-r-g-p-d\\\/#breadcrumb\",\"itemListElement\":[{\"@type\":\"ListItem\",\"position\":1,\"name\":\"Accueil\",\"item\":\"https:\\\/\\\/g-block.be\\\/\"},{\"@type\":\"ListItem\",\"position\":2,\"name\":\"Politique de confidentialit\u00e9 et respect du R.G.P.D.\"}]},{\"@type\":\"WebSite\",\"@id\":\"https:\\\/\\\/g-block.be\\\/#website\",\"url\":\"https:\\\/\\\/g-block.be\\\/\",\"name\":\"G-Block\",\"description\":\"\",\"potentialAction\":[{\"@type\":\"SearchAction\",\"target\":{\"@type\":\"EntryPoint\",\"urlTemplate\":\"https:\\\/\\\/g-block.be\\\/?s={search_term_string}\"},\"query-input\":{\"@type\":\"PropertyValueSpecification\",\"valueRequired\":true,\"valueName\":\"search_term_string\"}}],\"inLanguage\":\"en-GB\"}]}<\/script>\n<!-- \/ Yoast SEO plugin. -->","yoast_head_json":{"title":"Legal Notice and RGPD | Legal Information | G-Block","description":"Consult G-Block's legal notice and details on the protection of personal data (RGPD). Confidentiality and transparency guaranteed.","robots":{"index":"index","follow":"follow","max-snippet":"max-snippet:-1","max-image-preview":"max-image-preview:large","max-video-preview":"max-video-preview:-1"},"canonical":"https:\/\/g-block.be\/en\/confidentiality-policy-and-respect-for-r-g-p-d\/","og_locale":"en_GB","og_type":"article","og_title":"Mentions L\u00e9gales et RGPD | Informations L\u00e9gales | G-Block","og_description":"Consultez les mentions l\u00e9gales et les d\u00e9tails sur la protection des donn\u00e9es personnelles (RGPD) de G-Block. Respect de la confidentialit\u00e9 et transparence garanties.","og_url":"https:\/\/g-block.be\/en\/confidentiality-policy-and-respect-for-r-g-p-d\/","og_site_name":"G-Block","article_modified_time":"2025-11-04T16:00:28+00:00","og_image":[{"width":219,"height":230,"url":"https:\/\/g-block.be\/wp-content\/uploads\/2025\/02\/telechargement-2.jpg","type":"image\/jpeg"}],"twitter_card":"summary_large_image","twitter_title":"Mentions L\u00e9gales et RGPD | Informations L\u00e9gales | G-Block","twitter_description":"Consultez les mentions l\u00e9gales et les d\u00e9tails sur la protection des donn\u00e9es personnelles (RGPD) de G-Block. Respect de la confidentialit\u00e9 et transparence garanties.","twitter_image":"https:\/\/g-block.be\/wp-content\/uploads\/2025\/02\/telechargement-2.jpg","twitter_misc":{"Estimated reading time":"3 minutes"},"schema":{"@context":"https:\/\/schema.org","@graph":[{"@type":"WebPage","@id":"https:\/\/g-block.be\/politique-de-confidentialite-et-respect-du-r-g-p-d\/","url":"https:\/\/g-block.be\/politique-de-confidentialite-et-respect-du-r-g-p-d\/","name":"Legal Notice and RGPD | Legal Information | G-Block","isPartOf":{"@id":"https:\/\/g-block.be\/#website"},"primaryImageOfPage":{"@id":"https:\/\/g-block.be\/politique-de-confidentialite-et-respect-du-r-g-p-d\/#primaryimage"},"image":{"@id":"https:\/\/g-block.be\/politique-de-confidentialite-et-respect-du-r-g-p-d\/#primaryimage"},"thumbnailUrl":"https:\/\/g-block.be\/wp-content\/uploads\/2025\/02\/telechargement-2.jpg","datePublished":"2024-08-29T05:59:45+00:00","dateModified":"2025-11-04T16:00:28+00:00","description":"Consult G-Block's legal notice and details on the protection of personal data (RGPD). Confidentiality and transparency guaranteed.","breadcrumb":{"@id":"https:\/\/g-block.be\/politique-de-confidentialite-et-respect-du-r-g-p-d\/#breadcrumb"},"inLanguage":"en-GB","potentialAction":[{"@type":"ReadAction","target":["https:\/\/g-block.be\/politique-de-confidentialite-et-respect-du-r-g-p-d\/"]}]},{"@type":"ImageObject","inLanguage":"en-GB","@id":"https:\/\/g-block.be\/politique-de-confidentialite-et-respect-du-r-g-p-d\/#primaryimage","url":"https:\/\/g-block.be\/wp-content\/uploads\/2025\/02\/telechargement-2.jpg","contentUrl":"https:\/\/g-block.be\/wp-content\/uploads\/2025\/02\/telechargement-2.jpg","width":219,"height":230},{"@type":"BreadcrumbList","@id":"https:\/\/g-block.be\/politique-de-confidentialite-et-respect-du-r-g-p-d\/#breadcrumb","itemListElement":[{"@type":"ListItem","position":1,"name":"Accueil","item":"https:\/\/g-block.be\/"},{"@type":"ListItem","position":2,"name":"Politique de confidentialit\u00e9 et respect du R.G.P.D."}]},{"@type":"WebSite","@id":"https:\/\/g-block.be\/#website","url":"https:\/\/g-block.be\/","name":"G-Block","description":"","potentialAction":[{"@type":"SearchAction","target":{"@type":"EntryPoint","urlTemplate":"https:\/\/g-block.be\/?s={search_term_string}"},"query-input":{"@type":"PropertyValueSpecification","valueRequired":true,"valueName":"search_term_string"}}],"inLanguage":"en-GB"}]}},"_links":{"self":[{"href":"https:\/\/g-block.be\/en\/wp-json\/wp\/v2\/pages\/121","targetHints":{"allow":["GET"]}}],"collection":[{"href":"https:\/\/g-block.be\/en\/wp-json\/wp\/v2\/pages"}],"about":[{"href":"https:\/\/g-block.be\/en\/wp-json\/wp\/v2\/types\/page"}],"author":[{"embeddable":true,"href":"https:\/\/g-block.be\/en\/wp-json\/wp\/v2\/users\/1"}],"replies":[{"embeddable":true,"href":"https:\/\/g-block.be\/en\/wp-json\/wp\/v2\/comments?post=121"}],"version-history":[{"count":5,"href":"https:\/\/g-block.be\/en\/wp-json\/wp\/v2\/pages\/121\/revisions"}],"predecessor-version":[{"id":4909,"href":"https:\/\/g-block.be\/en\/wp-json\/wp\/v2\/pages\/121\/revisions\/4909"}],"wp:featuredmedia":[{"embeddable":true,"href":"https:\/\/g-block.be\/en\/wp-json\/wp\/v2\/media\/1647"}],"wp:attachment":[{"href":"https:\/\/g-block.be\/en\/wp-json\/wp\/v2\/media?parent=121"}],"curies":[{"name":"wp","href":"https:\/\/api.w.org\/{rel}","templated":true}]}}