{"id":2996,"date":"2025-02-27T12:52:42","date_gmt":"2025-02-27T11:52:42","guid":{"rendered":"https:\/\/g-block.be\/?page_id=2996"},"modified":"2025-02-27T12:54:46","modified_gmt":"2025-02-27T11:54:46","slug":"t-shaped-frame-2","status":"publish","type":"page","link":"https:\/\/g-block.be\/en\/t-shaped-frame-2\/","title":{"rendered":"Huisserie en forme de T-2"},"content":{"rendered":"<div class=\"wpb-content-wrapper\"><div class=\"vc_row wpb_row vc_row-fluid dt-default\" style=\"margin-top: 0px;margin-bottom: 0px\"><div class=\"wpb_column vc_column_container vc_col-sm-12\"><div class=\"vc_column-inner\"><div class=\"wpb_wrapper\">\n\t<div class=\"wpb_text_column wpb_content_element\" >\n\t\t<div class=\"wpb_wrapper\">\n\t\t\t<h5>T-shaped frame<\/h5>\n<p>Le cadre en T auto-portant est une solution id\u00e9ale lorsque le mur pr\u00e9sente une bat\u00e9e. Il est con\u00e7u pour offrir une installation solide et durable, tout en s\u2019int\u00e9grant parfaitement dans l\u2019espace int\u00e9rieur de la baie.<\/p>\n\n\t\t<\/div>\n\t<\/div>\n<\/div><\/div><\/div><\/div>\n<\/div>","protected":false},"excerpt":{"rendered":"<p>Huisserie en forme de T Le cadre en T auto-portant est une solution id\u00e9ale lorsque le mur pr\u00e9sente une bat\u00e9e. Il est con\u00e7u pour offrir une installation solide et durable, tout en s\u2019int\u00e9grant parfaitement dans l\u2019espace int\u00e9rieur de la baie.<\/p>","protected":false},"author":2,"featured_media":750,"parent":0,"menu_order":0,"comment_status":"closed","ping_status":"closed","template":"","meta":{"footnotes":""},"class_list":["post-2996","page","type-page","status-publish","has-post-thumbnail","hentry","description-off"],"yoast_head":"<!-- This site is optimized with the Yoast SEO plugin v27.4 - https:\/\/yoast.com\/product\/yoast-seo-wordpress\/ -->\n<title>Huisserie en Forme de T | S\u00e9curit\u00e9 et Robustesse | G-Block<\/title>\n<meta name=\"description\" content=\"D\u00e9couvrez l\u2019huisserie en forme de T, une solution robuste et fiable pour renforcer la s\u00e9curit\u00e9 de vos portes. Fabrication de qualit\u00e9 pour une protection optimale.\" \/>\n<meta name=\"robots\" content=\"index, follow, max-snippet:-1, max-image-preview:large, max-video-preview:-1\" \/>\n<link rel=\"canonical\" href=\"https:\/\/g-block.be\/en\/t-shaped-frame-2\/\" \/>\n<meta property=\"og:locale\" content=\"en_GB\" \/>\n<meta property=\"og:type\" content=\"article\" \/>\n<meta property=\"og:title\" content=\"Huisserie en Forme de T | S\u00e9curit\u00e9 et Robustesse | G-Block\" \/>\n<meta property=\"og:description\" content=\"D\u00e9couvrez l\u2019huisserie en forme de T, une solution robuste et fiable pour renforcer la s\u00e9curit\u00e9 de vos portes. Fabrication de qualit\u00e9 pour une protection optimale\" \/>\n<meta property=\"og:url\" content=\"https:\/\/g-block.be\/en\/t-shaped-frame-2\/\" \/>\n<meta property=\"og:site_name\" content=\"G-Block\" \/>\n<meta property=\"article:modified_time\" content=\"2025-02-27T11:54:46+00:00\" \/>\n<meta property=\"og:image\" content=\"https:\/\/g-block.be\/wp-content\/uploads\/2025\/01\/img-02.webp\" \/>\n\t<meta property=\"og:image:width\" content=\"251\" \/>\n\t<meta property=\"og:image:height\" content=\"350\" \/>\n\t<meta property=\"og:image:type\" content=\"image\/webp\" \/>\n<meta name=\"twitter:card\" content=\"summary_large_image\" \/>\n<meta name=\"twitter:title\" content=\"Huisserie en Forme de T | S\u00e9curit\u00e9 et Robustesse | G-Block\" \/>\n<meta name=\"twitter:description\" content=\"D\u00e9couvrez l\u2019huisserie en forme de T, une solution robuste et fiable pour renforcer la s\u00e9curit\u00e9 de vos portes. Fabrication de qualit\u00e9 pour une protection optimale\" \/>\n<meta name=\"twitter:image\" content=\"https:\/\/g-block.be\/wp-content\/uploads\/2025\/01\/img-02.webp\" \/>\n<meta name=\"twitter:label1\" content=\"Estimated reading time\" \/>\n\t<meta name=\"twitter:data1\" content=\"1 minute\" \/>\n<script type=\"application\/ld+json\" class=\"yoast-schema-graph\">{\"@context\":\"https:\\\/\\\/schema.org\",\"@graph\":[{\"@type\":\"WebPage\",\"@id\":\"https:\\\/\\\/g-block.be\\\/huisserie-en-forme-de-t-2\\\/\",\"url\":\"https:\\\/\\\/g-block.be\\\/huisserie-en-forme-de-t-2\\\/\",\"name\":\"Huisserie en Forme de T | S\u00e9curit\u00e9 et Robustesse | G-Block\",\"isPartOf\":{\"@id\":\"https:\\\/\\\/g-block.be\\\/#website\"},\"primaryImageOfPage\":{\"@id\":\"https:\\\/\\\/g-block.be\\\/huisserie-en-forme-de-t-2\\\/#primaryimage\"},\"image\":{\"@id\":\"https:\\\/\\\/g-block.be\\\/huisserie-en-forme-de-t-2\\\/#primaryimage\"},\"thumbnailUrl\":\"https:\\\/\\\/g-block.be\\\/wp-content\\\/uploads\\\/2025\\\/01\\\/img-02.webp\",\"datePublished\":\"2025-02-27T11:52:42+00:00\",\"dateModified\":\"2025-02-27T11:54:46+00:00\",\"description\":\"D\u00e9couvrez l\u2019huisserie en forme de T, une solution robuste et fiable pour renforcer la s\u00e9curit\u00e9 de vos portes. Fabrication de qualit\u00e9 pour une protection optimale.\",\"breadcrumb\":{\"@id\":\"https:\\\/\\\/g-block.be\\\/huisserie-en-forme-de-t-2\\\/#breadcrumb\"},\"inLanguage\":\"en-GB\",\"potentialAction\":[{\"@type\":\"ReadAction\",\"target\":[\"https:\\\/\\\/g-block.be\\\/huisserie-en-forme-de-t-2\\\/\"]}]},{\"@type\":\"ImageObject\",\"inLanguage\":\"en-GB\",\"@id\":\"https:\\\/\\\/g-block.be\\\/huisserie-en-forme-de-t-2\\\/#primaryimage\",\"url\":\"https:\\\/\\\/g-block.be\\\/wp-content\\\/uploads\\\/2025\\\/01\\\/img-02.webp\",\"contentUrl\":\"https:\\\/\\\/g-block.be\\\/wp-content\\\/uploads\\\/2025\\\/01\\\/img-02.webp\",\"width\":251,\"height\":350},{\"@type\":\"BreadcrumbList\",\"@id\":\"https:\\\/\\\/g-block.be\\\/huisserie-en-forme-de-t-2\\\/#breadcrumb\",\"itemListElement\":[{\"@type\":\"ListItem\",\"position\":1,\"name\":\"Accueil\",\"item\":\"https:\\\/\\\/g-block.be\\\/\"},{\"@type\":\"ListItem\",\"position\":2,\"name\":\"Huisserie en forme de T-2\"}]},{\"@type\":\"WebSite\",\"@id\":\"https:\\\/\\\/g-block.be\\\/#website\",\"url\":\"https:\\\/\\\/g-block.be\\\/\",\"name\":\"G-Block\",\"description\":\"\",\"potentialAction\":[{\"@type\":\"SearchAction\",\"target\":{\"@type\":\"EntryPoint\",\"urlTemplate\":\"https:\\\/\\\/g-block.be\\\/?s={search_term_string}\"},\"query-input\":{\"@type\":\"PropertyValueSpecification\",\"valueRequired\":true,\"valueName\":\"search_term_string\"}}],\"inLanguage\":\"en-GB\"}]}<\/script>\n<!-- \/ Yoast SEO plugin. -->","yoast_head_json":{"title":"T-shaped frame | Security and Robustness | G-Block","description":"Discover the T-shaped frame, a robust and reliable solution for reinforcing the security of your doors. Quality construction for optimum protection.","robots":{"index":"index","follow":"follow","max-snippet":"max-snippet:-1","max-image-preview":"max-image-preview:large","max-video-preview":"max-video-preview:-1"},"canonical":"https:\/\/g-block.be\/en\/t-shaped-frame-2\/","og_locale":"en_GB","og_type":"article","og_title":"Huisserie en Forme de T | S\u00e9curit\u00e9 et Robustesse | G-Block","og_description":"D\u00e9couvrez l\u2019huisserie en forme de T, une solution robuste et fiable pour renforcer la s\u00e9curit\u00e9 de vos portes. Fabrication de qualit\u00e9 pour une protection optimale","og_url":"https:\/\/g-block.be\/en\/t-shaped-frame-2\/","og_site_name":"G-Block","article_modified_time":"2025-02-27T11:54:46+00:00","og_image":[{"width":251,"height":350,"url":"https:\/\/g-block.be\/wp-content\/uploads\/2025\/01\/img-02.webp","type":"image\/webp"}],"twitter_card":"summary_large_image","twitter_title":"Huisserie en Forme de T | S\u00e9curit\u00e9 et Robustesse | G-Block","twitter_description":"D\u00e9couvrez l\u2019huisserie en forme de T, une solution robuste et fiable pour renforcer la s\u00e9curit\u00e9 de vos portes. Fabrication de qualit\u00e9 pour une protection optimale","twitter_image":"https:\/\/g-block.be\/wp-content\/uploads\/2025\/01\/img-02.webp","twitter_misc":{"Estimated reading time":"1 minute"},"schema":{"@context":"https:\/\/schema.org","@graph":[{"@type":"WebPage","@id":"https:\/\/g-block.be\/huisserie-en-forme-de-t-2\/","url":"https:\/\/g-block.be\/huisserie-en-forme-de-t-2\/","name":"T-shaped frame | Security and Robustness | G-Block","isPartOf":{"@id":"https:\/\/g-block.be\/#website"},"primaryImageOfPage":{"@id":"https:\/\/g-block.be\/huisserie-en-forme-de-t-2\/#primaryimage"},"image":{"@id":"https:\/\/g-block.be\/huisserie-en-forme-de-t-2\/#primaryimage"},"thumbnailUrl":"https:\/\/g-block.be\/wp-content\/uploads\/2025\/01\/img-02.webp","datePublished":"2025-02-27T11:52:42+00:00","dateModified":"2025-02-27T11:54:46+00:00","description":"Discover the T-shaped frame, a robust and reliable solution for reinforcing the security of your doors. Quality construction for optimum protection.","breadcrumb":{"@id":"https:\/\/g-block.be\/huisserie-en-forme-de-t-2\/#breadcrumb"},"inLanguage":"en-GB","potentialAction":[{"@type":"ReadAction","target":["https:\/\/g-block.be\/huisserie-en-forme-de-t-2\/"]}]},{"@type":"ImageObject","inLanguage":"en-GB","@id":"https:\/\/g-block.be\/huisserie-en-forme-de-t-2\/#primaryimage","url":"https:\/\/g-block.be\/wp-content\/uploads\/2025\/01\/img-02.webp","contentUrl":"https:\/\/g-block.be\/wp-content\/uploads\/2025\/01\/img-02.webp","width":251,"height":350},{"@type":"BreadcrumbList","@id":"https:\/\/g-block.be\/huisserie-en-forme-de-t-2\/#breadcrumb","itemListElement":[{"@type":"ListItem","position":1,"name":"Accueil","item":"https:\/\/g-block.be\/"},{"@type":"ListItem","position":2,"name":"Huisserie en forme de T-2"}]},{"@type":"WebSite","@id":"https:\/\/g-block.be\/#website","url":"https:\/\/g-block.be\/","name":"G-Block","description":"","potentialAction":[{"@type":"SearchAction","target":{"@type":"EntryPoint","urlTemplate":"https:\/\/g-block.be\/?s={search_term_string}"},"query-input":{"@type":"PropertyValueSpecification","valueRequired":true,"valueName":"search_term_string"}}],"inLanguage":"en-GB"}]}},"_links":{"self":[{"href":"https:\/\/g-block.be\/en\/wp-json\/wp\/v2\/pages\/2996","targetHints":{"allow":["GET"]}}],"collection":[{"href":"https:\/\/g-block.be\/en\/wp-json\/wp\/v2\/pages"}],"about":[{"href":"https:\/\/g-block.be\/en\/wp-json\/wp\/v2\/types\/page"}],"author":[{"embeddable":true,"href":"https:\/\/g-block.be\/en\/wp-json\/wp\/v2\/users\/2"}],"replies":[{"embeddable":true,"href":"https:\/\/g-block.be\/en\/wp-json\/wp\/v2\/comments?post=2996"}],"version-history":[{"count":1,"href":"https:\/\/g-block.be\/en\/wp-json\/wp\/v2\/pages\/2996\/revisions"}],"predecessor-version":[{"id":2997,"href":"https:\/\/g-block.be\/en\/wp-json\/wp\/v2\/pages\/2996\/revisions\/2997"}],"wp:featuredmedia":[{"embeddable":true,"href":"https:\/\/g-block.be\/en\/wp-json\/wp\/v2\/media\/750"}],"wp:attachment":[{"href":"https:\/\/g-block.be\/en\/wp-json\/wp\/v2\/media?parent=2996"}],"curies":[{"name":"wp","href":"https:\/\/api.w.org\/{rel}","templated":true}]}}