{"id":121,"date":"2024-08-29T07:59:45","date_gmt":"2024-08-29T05:59:45","guid":{"rendered":"https:\/\/g-block.be\/?page_id=121"},"modified":"2025-11-04T17:00:28","modified_gmt":"2025-11-04T16:00:28","slug":"politica-de-confidencialidad-y-respeto-de-los-r-g-p-d","status":"publish","type":"page","link":"https:\/\/g-block.be\/es\/politica-de-confidencialidad-y-respeto-de-los-r-g-p-d\/","title":{"rendered":"Pol\u00edtica de confidencialidad y cumplimiento del R.G.P.D."},"content":{"rendered":"<div class=\"wpb-content-wrapper\"><div class=\"stripe stripe-style-1\" style=\"background-position: top;background-repeat: no-repeat;background-attachment: scroll;background-size: auto;padding-top: 0px;padding-bottom: 0px;margin-top: 0px;margin-bottom: 0px\"><div class=\"vc_row wpb_row vc_row-fluid\" style=\"\"><div class=\"wpb_column vc_column_container vc_col-sm-12\"><div class=\"vc_column-inner vc_custom_1757358176932\"><div class=\"wpb_wrapper\">\n\t<div class=\"wpb_text_column wpb_content_element\" >\n\t\t<div class=\"wpb_wrapper\">\n\t\t\t<p>En G-Block S.A. concedemos gran importancia a la confidencialidad de sus datos personales. El objetivo de esta p\u00e1gina es proporcionarle informaci\u00f3n transparente sobre c\u00f3mo recopilamos, utilizamos, almacenamos y protegemos sus datos, de conformidad con el Reglamento General de Protecci\u00f3n de Datos (RGPD - Reglamento UE 2016\/679).<\/p>\n\n\t\t<\/div>\n\t<\/div>\n<div class=\"vc_row wpb_row vc_inner vc_row-fluid vc_column-gap-30\"><div class=\"wpb_column vc_column_container vc_col-sm-6\"><div class=\"vc_column-inner\"><div class=\"wpb_wrapper\">\n\t<div class=\"wpb_text_column wpb_content_element\" >\n\t\t<div class=\"wpb_wrapper\">\n\t\t\t<h4>\u00bfQui\u00e9n es responsable del tratamiento de sus datos?<\/h4>\n<h5>El responsable del tratamiento de sus datos es :<\/h5>\n<p><strong>G-Block S.A.<\/strong><br \/>\nZoning Industriel de Ghislenghien<br \/>\nChemin de Preuscamps 16, 7822 Ghislenghien - B\u00e9lgica<br \/>\n<strong>BCE NO.<\/strong> BE0448569867<br \/>\n<strong>Tel.<\/strong> : +32 (0)68 26 66 10<br \/>\n<strong>Correo electr\u00f3nico<\/strong> :<a href=\"mailto:info@g-block.be\"> info@g-block.be<\/a><\/p>\n<p>Persona de contacto para cuestiones relacionadas con el tratamiento de datos:<br \/>\nSr. Santiago Gonz\u00e1lez Navarro. Correo electr\u00f3nico: info@g-block.be<\/p>\n<h4>\u00bfQu\u00e9 datos recogemos?<\/h4>\n<p>En el marco de nuestra actividad comercial, podemos recopilar los siguientes datos:<\/p>\n<ul>\n<li>Nombre y apellidos<\/li>\n<li>Nombre de la empresa<\/li>\n<li>Direcci\u00f3n postal<\/li>\n<li>Correo electr\u00f3nico<\/li>\n<li>N\u00famero de tel\u00e9fono (fijo y\/o m\u00f3vil)<\/li>\n<li>Informaci\u00f3n relativa a pedidos, entregas o solicitudes t\u00e9cnicas<\/li>\n<\/ul>\n<p>Estos datos s\u00f3lo se recogen cuando usted nos los proporciona voluntariamente, a trav\u00e9s de un formulario, un contacto, un pedido o un intercambio comercial.<\/p>\n<h4>\u00bfPor qu\u00e9 tratamos sus datos?<\/h4>\n<p>Sus datos personales s\u00f3lo se utilizar\u00e1n para :<\/p>\n<ul>\n<li>Gestionar sus solicitudes de informaci\u00f3n, presupuestos o pedidos<\/li>\n<li>Comunicar informaci\u00f3n t\u00e9cnica o comercial<\/li>\n<li>Env\u00edo de documentos administrativos (facturas, confirmaciones, ofertas, etc.)<\/li>\n<li>Atenci\u00f3n al cliente y gesti\u00f3n de nuestra relaci\u00f3n comercial<\/li>\n<li>Mejorar nuestros servicios<\/li>\n<li>El env\u00edo ocasional de correos electr\u00f3nicos informativos o boletines (si ha dado su consentimiento)<\/li>\n<\/ul>\n\n\t\t<\/div>\n\t<\/div>\n<\/div><\/div><\/div><div class=\"wpb_column vc_column_container vc_col-sm-6\"><div class=\"vc_column-inner\"><div class=\"wpb_wrapper\">\n\t<div class=\"wpb_text_column wpb_content_element\" >\n\t\t<div class=\"wpb_wrapper\">\n\t\t\t<h4>\u00bfC\u00f3mo protegemos sus datos?<\/h4>\n<p>Sus datos se guardan en un entorno seguro y s\u00f3lo pueden acceder a ellos las personas autorizadas. Aplicamos medidas t\u00e9cnicas y organizativas adecuadas para evitar cualquier p\u00e9rdida, uso indebido o acceso no autorizado.<\/p>\n<h4>\u00bfCu\u00e1nto tiempo conservamos sus datos?<\/h4>\n<p>Los datos se conservan durante el tiempo necesario para lograr los fines para los que se recogieron, o de acuerdo con las obligaciones legales (por ejemplo, el periodo de conservaci\u00f3n de documentos contables). Puede ejercer su derecho a la supresi\u00f3n de sus datos en cualquier momento (v\u00e9ase m\u00e1s abajo).<\/p>\n<h4>Sus derechos en materia de datos personales<\/h4>\n<h5>De conformidad con el RGPD, usted tiene los siguientes derechos:<\/h5>\n<ul>\n<li>Derecho de acceso a sus datos<\/li>\n<li>Derecho de rectificaci\u00f3n en caso de error<\/li>\n<li>Derecho a la supresi\u00f3n de sus datos (\"derecho al olvido\")<\/li>\n<li>Derecho a oponerse al tratamiento o a limitarlo<\/li>\n<li>Derecho a la portabilidad de los datos, previa solicitud<\/li>\n<li>Derecho a retirar su consentimiento en cualquier momento<\/li>\n<\/ul>\n<p>Para ejercer cualquiera de estos derechos, basta con enviar un correo electr\u00f3nico a la siguiente direcci\u00f3n:<br \/>\n<a href=\"mailto:info@g-block.be\">info@g-block.be<\/a><\/p>\n<p>Nos comprometemos a responderle lo antes posible, y a m\u00e1s tardar en un plazo de 30 d\u00edas.<\/p>\n<h4>Compartir datos con terceros<\/h4>\n<p>Sus datos nunca se venden ni se alquilan a terceros.<br \/>\nSolo se comparte con socios t\u00e9cnicos o subcontratistas cuando es necesario para la ejecuci\u00f3n de un contrato o servicio, y siempre en cumplimiento del RGPD.<\/p>\n<h4>Actualizaci\u00f3n de esta pol\u00edtica<\/h4>\n<p>Esta pol\u00edtica de privacidad puede ser actualizada en cualquier momento, en particular para tener en cuenta cambios en la legislaci\u00f3n o en nuestro negocio. \u00daltima actualizaci\u00f3n: 04\/11\/2025<\/p>\n\n\t\t<\/div>\n\t<\/div>\n<\/div><\/div><\/div><\/div><\/div><\/div><\/div><\/div><\/div>\n<\/div>","protected":false},"excerpt":{"rendered":"<p>Chez G-Block S.A., nous accordons une grande importance \u00e0 la confidentialit\u00e9 de vos donn\u00e9es personnelles. Cette page a pour but de vous informer en toute transparence sur la mani\u00e8re dont nous collectons, utilisons, conservons et prot\u00e9geons vos donn\u00e9es, conform\u00e9ment au R\u00e8glement G\u00e9n\u00e9ral sur la Protection des Donn\u00e9es (RGPD \u2013 R\u00e8glement UE 2016\/679). Qui est responsable&hellip;<\/p>","protected":false},"author":1,"featured_media":1647,"parent":0,"menu_order":0,"comment_status":"closed","ping_status":"closed","template":"","meta":{"footnotes":""},"class_list":["post-121","page","type-page","status-publish","has-post-thumbnail","hentry","description-off"],"yoast_head":"<!-- This site is optimized with the Yoast SEO plugin v27.3 - https:\/\/yoast.com\/product\/yoast-seo-wordpress\/ -->\n<title>Mentions L\u00e9gales et RGPD | Informations L\u00e9gales | G-Block<\/title>\n<meta name=\"description\" content=\"Consultez les mentions l\u00e9gales et les d\u00e9tails sur la protection des donn\u00e9es personnelles (RGPD) de G-Block. Respect de la confidentialit\u00e9 et transparence garanties.\" \/>\n<meta name=\"robots\" content=\"index, follow, max-snippet:-1, max-image-preview:large, max-video-preview:-1\" \/>\n<link rel=\"canonical\" href=\"https:\/\/g-block.be\/es\/politica-de-confidencialidad-y-respeto-de-los-r-g-p-d\/\" \/>\n<meta property=\"og:locale\" content=\"es_ES\" \/>\n<meta property=\"og:type\" content=\"article\" \/>\n<meta property=\"og:title\" content=\"Mentions L\u00e9gales et RGPD | Informations L\u00e9gales | G-Block\" \/>\n<meta property=\"og:description\" content=\"Consultez les mentions l\u00e9gales et les d\u00e9tails sur la protection des donn\u00e9es personnelles (RGPD) de G-Block. Respect de la confidentialit\u00e9 et transparence garanties.\" \/>\n<meta property=\"og:url\" content=\"https:\/\/g-block.be\/es\/politica-de-confidencialidad-y-respeto-de-los-r-g-p-d\/\" \/>\n<meta property=\"og:site_name\" content=\"G-Block\" \/>\n<meta property=\"article:modified_time\" content=\"2025-11-04T16:00:28+00:00\" \/>\n<meta property=\"og:image\" content=\"https:\/\/g-block.be\/wp-content\/uploads\/2025\/02\/telechargement-2.jpg\" \/>\n\t<meta property=\"og:image:width\" content=\"219\" \/>\n\t<meta property=\"og:image:height\" content=\"230\" \/>\n\t<meta property=\"og:image:type\" content=\"image\/jpeg\" \/>\n<meta name=\"twitter:card\" content=\"summary_large_image\" \/>\n<meta name=\"twitter:title\" content=\"Mentions L\u00e9gales et RGPD | Informations L\u00e9gales | G-Block\" \/>\n<meta name=\"twitter:description\" content=\"Consultez les mentions l\u00e9gales et les d\u00e9tails sur la protection des donn\u00e9es personnelles (RGPD) de G-Block. Respect de la confidentialit\u00e9 et transparence garanties.\" \/>\n<meta name=\"twitter:image\" content=\"https:\/\/g-block.be\/wp-content\/uploads\/2025\/02\/telechargement-2.jpg\" \/>\n<meta name=\"twitter:label1\" content=\"Tiempo de lectura\" \/>\n\t<meta name=\"twitter:data1\" content=\"3 minutos\" \/>\n<script type=\"application\/ld+json\" class=\"yoast-schema-graph\">{\"@context\":\"https:\\\/\\\/schema.org\",\"@graph\":[{\"@type\":\"WebPage\",\"@id\":\"https:\\\/\\\/g-block.be\\\/politique-de-confidentialite-et-respect-du-r-g-p-d\\\/\",\"url\":\"https:\\\/\\\/g-block.be\\\/politique-de-confidentialite-et-respect-du-r-g-p-d\\\/\",\"name\":\"Mentions L\u00e9gales et RGPD | Informations L\u00e9gales | G-Block\",\"isPartOf\":{\"@id\":\"https:\\\/\\\/g-block.be\\\/#website\"},\"primaryImageOfPage\":{\"@id\":\"https:\\\/\\\/g-block.be\\\/politique-de-confidentialite-et-respect-du-r-g-p-d\\\/#primaryimage\"},\"image\":{\"@id\":\"https:\\\/\\\/g-block.be\\\/politique-de-confidentialite-et-respect-du-r-g-p-d\\\/#primaryimage\"},\"thumbnailUrl\":\"https:\\\/\\\/g-block.be\\\/wp-content\\\/uploads\\\/2025\\\/02\\\/telechargement-2.jpg\",\"datePublished\":\"2024-08-29T05:59:45+00:00\",\"dateModified\":\"2025-11-04T16:00:28+00:00\",\"description\":\"Consultez les mentions l\u00e9gales et les d\u00e9tails sur la protection des donn\u00e9es personnelles (RGPD) de G-Block. Respect de la confidentialit\u00e9 et transparence garanties.\",\"breadcrumb\":{\"@id\":\"https:\\\/\\\/g-block.be\\\/politique-de-confidentialite-et-respect-du-r-g-p-d\\\/#breadcrumb\"},\"inLanguage\":\"es\",\"potentialAction\":[{\"@type\":\"ReadAction\",\"target\":[\"https:\\\/\\\/g-block.be\\\/politique-de-confidentialite-et-respect-du-r-g-p-d\\\/\"]}]},{\"@type\":\"ImageObject\",\"inLanguage\":\"es\",\"@id\":\"https:\\\/\\\/g-block.be\\\/politique-de-confidentialite-et-respect-du-r-g-p-d\\\/#primaryimage\",\"url\":\"https:\\\/\\\/g-block.be\\\/wp-content\\\/uploads\\\/2025\\\/02\\\/telechargement-2.jpg\",\"contentUrl\":\"https:\\\/\\\/g-block.be\\\/wp-content\\\/uploads\\\/2025\\\/02\\\/telechargement-2.jpg\",\"width\":219,\"height\":230},{\"@type\":\"BreadcrumbList\",\"@id\":\"https:\\\/\\\/g-block.be\\\/politique-de-confidentialite-et-respect-du-r-g-p-d\\\/#breadcrumb\",\"itemListElement\":[{\"@type\":\"ListItem\",\"position\":1,\"name\":\"Accueil\",\"item\":\"https:\\\/\\\/g-block.be\\\/\"},{\"@type\":\"ListItem\",\"position\":2,\"name\":\"Politique de confidentialit\u00e9 et respect du R.G.P.D.\"}]},{\"@type\":\"WebSite\",\"@id\":\"https:\\\/\\\/g-block.be\\\/#website\",\"url\":\"https:\\\/\\\/g-block.be\\\/\",\"name\":\"G-Block\",\"description\":\"\",\"potentialAction\":[{\"@type\":\"SearchAction\",\"target\":{\"@type\":\"EntryPoint\",\"urlTemplate\":\"https:\\\/\\\/g-block.be\\\/?s={search_term_string}\"},\"query-input\":{\"@type\":\"PropertyValueSpecification\",\"valueRequired\":true,\"valueName\":\"search_term_string\"}}],\"inLanguage\":\"es\"}]}<\/script>\n<!-- \/ Yoast SEO plugin. -->","yoast_head_json":{"title":"Aviso Legal y RGPD | Informaci\u00f3n Legal | Bloque G","description":"Consulte el aviso legal de G-Block y los detalles sobre la protecci\u00f3n de datos personales (RGPD). Confidencialidad y transparencia garantizadas.","robots":{"index":"index","follow":"follow","max-snippet":"max-snippet:-1","max-image-preview":"max-image-preview:large","max-video-preview":"max-video-preview:-1"},"canonical":"https:\/\/g-block.be\/es\/politica-de-confidencialidad-y-respeto-de-los-r-g-p-d\/","og_locale":"es_ES","og_type":"article","og_title":"Mentions L\u00e9gales et RGPD | Informations L\u00e9gales | G-Block","og_description":"Consultez les mentions l\u00e9gales et les d\u00e9tails sur la protection des donn\u00e9es personnelles (RGPD) de G-Block. Respect de la confidentialit\u00e9 et transparence garanties.","og_url":"https:\/\/g-block.be\/es\/politica-de-confidencialidad-y-respeto-de-los-r-g-p-d\/","og_site_name":"G-Block","article_modified_time":"2025-11-04T16:00:28+00:00","og_image":[{"width":219,"height":230,"url":"https:\/\/g-block.be\/wp-content\/uploads\/2025\/02\/telechargement-2.jpg","type":"image\/jpeg"}],"twitter_card":"summary_large_image","twitter_title":"Mentions L\u00e9gales et RGPD | Informations L\u00e9gales | G-Block","twitter_description":"Consultez les mentions l\u00e9gales et les d\u00e9tails sur la protection des donn\u00e9es personnelles (RGPD) de G-Block. Respect de la confidentialit\u00e9 et transparence garanties.","twitter_image":"https:\/\/g-block.be\/wp-content\/uploads\/2025\/02\/telechargement-2.jpg","twitter_misc":{"Tiempo de lectura":"3 minutos"},"schema":{"@context":"https:\/\/schema.org","@graph":[{"@type":"WebPage","@id":"https:\/\/g-block.be\/politique-de-confidentialite-et-respect-du-r-g-p-d\/","url":"https:\/\/g-block.be\/politique-de-confidentialite-et-respect-du-r-g-p-d\/","name":"Aviso Legal y RGPD | Informaci\u00f3n Legal | Bloque G","isPartOf":{"@id":"https:\/\/g-block.be\/#website"},"primaryImageOfPage":{"@id":"https:\/\/g-block.be\/politique-de-confidentialite-et-respect-du-r-g-p-d\/#primaryimage"},"image":{"@id":"https:\/\/g-block.be\/politique-de-confidentialite-et-respect-du-r-g-p-d\/#primaryimage"},"thumbnailUrl":"https:\/\/g-block.be\/wp-content\/uploads\/2025\/02\/telechargement-2.jpg","datePublished":"2024-08-29T05:59:45+00:00","dateModified":"2025-11-04T16:00:28+00:00","description":"Consulte el aviso legal de G-Block y los detalles sobre la protecci\u00f3n de datos personales (RGPD). Confidencialidad y transparencia garantizadas.","breadcrumb":{"@id":"https:\/\/g-block.be\/politique-de-confidentialite-et-respect-du-r-g-p-d\/#breadcrumb"},"inLanguage":"es","potentialAction":[{"@type":"ReadAction","target":["https:\/\/g-block.be\/politique-de-confidentialite-et-respect-du-r-g-p-d\/"]}]},{"@type":"ImageObject","inLanguage":"es","@id":"https:\/\/g-block.be\/politique-de-confidentialite-et-respect-du-r-g-p-d\/#primaryimage","url":"https:\/\/g-block.be\/wp-content\/uploads\/2025\/02\/telechargement-2.jpg","contentUrl":"https:\/\/g-block.be\/wp-content\/uploads\/2025\/02\/telechargement-2.jpg","width":219,"height":230},{"@type":"BreadcrumbList","@id":"https:\/\/g-block.be\/politique-de-confidentialite-et-respect-du-r-g-p-d\/#breadcrumb","itemListElement":[{"@type":"ListItem","position":1,"name":"Accueil","item":"https:\/\/g-block.be\/"},{"@type":"ListItem","position":2,"name":"Politique de confidentialit\u00e9 et respect du R.G.P.D."}]},{"@type":"WebSite","@id":"https:\/\/g-block.be\/#website","url":"https:\/\/g-block.be\/","name":"Bloque G","description":"","potentialAction":[{"@type":"SearchAction","target":{"@type":"EntryPoint","urlTemplate":"https:\/\/g-block.be\/?s={search_term_string}"},"query-input":{"@type":"PropertyValueSpecification","valueRequired":true,"valueName":"search_term_string"}}],"inLanguage":"es"}]}},"_links":{"self":[{"href":"https:\/\/g-block.be\/es\/wp-json\/wp\/v2\/pages\/121","targetHints":{"allow":["GET"]}}],"collection":[{"href":"https:\/\/g-block.be\/es\/wp-json\/wp\/v2\/pages"}],"about":[{"href":"https:\/\/g-block.be\/es\/wp-json\/wp\/v2\/types\/page"}],"author":[{"embeddable":true,"href":"https:\/\/g-block.be\/es\/wp-json\/wp\/v2\/users\/1"}],"replies":[{"embeddable":true,"href":"https:\/\/g-block.be\/es\/wp-json\/wp\/v2\/comments?post=121"}],"version-history":[{"count":5,"href":"https:\/\/g-block.be\/es\/wp-json\/wp\/v2\/pages\/121\/revisions"}],"predecessor-version":[{"id":4909,"href":"https:\/\/g-block.be\/es\/wp-json\/wp\/v2\/pages\/121\/revisions\/4909"}],"wp:featuredmedia":[{"embeddable":true,"href":"https:\/\/g-block.be\/es\/wp-json\/wp\/v2\/media\/1647"}],"wp:attachment":[{"href":"https:\/\/g-block.be\/es\/wp-json\/wp\/v2\/media?parent=121"}],"curies":[{"name":"wp","href":"https:\/\/api.w.org\/{rel}","templated":true}]}}