{"id":123,"date":"2024-08-29T08:00:13","date_gmt":"2024-08-29T06:00:13","guid":{"rendered":"https:\/\/g-block.be\/?page_id=123"},"modified":"2025-09-08T21:00:10","modified_gmt":"2025-09-08T19:00:10","slug":"condiciones-generales-de-venta","status":"publish","type":"page","link":"https:\/\/g-block.be\/es\/condiciones-generales-de-venta\/","title":{"rendered":"Condiciones generales de venta"},"content":{"rendered":"<div class=\"wpb-content-wrapper\"><div class=\"stripe stripe-style-1\" style=\"background-color: #FFFFFF;background-position: top;background-repeat: no-repeat;background-attachment: scroll;background-size: auto;padding-top: 0px;padding-bottom: 0px;margin-top: 0px;margin-bottom: 0px\"><div class=\"vc_row wpb_row vc_row-fluid\" style=\"\"><div class=\"wpb_column vc_column_container vc_col-sm-12\"><div class=\"vc_column-inner vc_custom_1757357936329\"><div class=\"wpb_wrapper\"><div class=\"vc_row wpb_row vc_inner vc_row-fluid vc_column-gap-30\"><div class=\"wpb_column vc_column_container vc_col-sm-6\"><div class=\"vc_column-inner\"><div class=\"wpb_wrapper\">\n\t<div class=\"wpb_text_column wpb_content_element  vc_custom_1757358008765\" >\n\t\t<div class=\"wpb_wrapper\">\n\t\t\t<h4>1 - Informaci\u00f3n general :<\/h4>\n<p>1.1 - Las presentes condiciones generales, junto con las condiciones particulares que les sean esenciales, regulan las operaciones de la sociedad an\u00f3nima G-Block.<\/p>\n<p>1.2 - El cliente renuncia a cualquier estipulaci\u00f3n contraria contenida en sus condiciones generales o particulares, aunque \u00e9stas estipulen que son las \u00fanicas v\u00e1lidas, o en cualquier otro documento emitido por el cliente.<\/p>\n<p>1.3. - Ninguna excepci\u00f3n a las presentes condiciones generales y particulares podr\u00e1 ser invocada contra la sociedad an\u00f3nima G-Block, si no ha sido objeto de un acuerdo particular aprobado por escrito por ella.<\/p>\n<p>1.4 - La sociedad an\u00f3nima G-Block, con domicilio social en 16 chemin Preuscamps en B-7822 Ghislenghien, se denominar\u00e1 en lo sucesivo \"la empresa\".<\/p>\n<h4>2 - Pedidos :<\/h4>\n<p>2.1 - La informaci\u00f3n que figura en las ofertas, cat\u00e1logos, anuncios y planos se facilita a t\u00edtulo meramente informativo y no constituye un elemento del contenido del contrato.<\/p>\n<p>2.2 - La aceptaci\u00f3n de la oferta por parte del cliente implica la aceptaci\u00f3n de las presentes condiciones generales.<\/p>\n<p>2.3 - Los planos, especificaciones o requisitos presentados por el cliente se utilizan \u00fanicamente a efectos de documentaci\u00f3n y el trabajo se realiza de acuerdo con las normas y reglas de la profesi\u00f3n.<\/p>\n<p>2.4 - La empresa no podr\u00e1 ser considerada responsable de un retraso de algunas semanas con respecto al plazo anunciado, sin perjuicio de la aplicaci\u00f3n de fuerza mayor.<\/p>\n<p>2.5 - Si est\u00e1 previsto en el presupuesto o en el formulario de pedido, deber\u00e1 abonarse un dep\u00f3sito en el momento en que el cliente realice el pedido. La empresa no encargar\u00e1 el material a su proveedor hasta que no haya recibido el anticipo. Por lo tanto, la fecha de entrega s\u00f3lo podr\u00e1 hacerse efectiva una vez recibido el dep\u00f3sito. Por consiguiente, la fecha de entrega anunciada en la hoja de pedido no podr\u00e1 respetarse si el dep\u00f3sito no puede cobrarse efectivamente en el momento del pedido. Esta fecha deber\u00e1 aplazarse por un periodo equivalente al que transcurra entre la fecha del pedido y la del cobro efectivo del dep\u00f3sito, incrementado en dos semanas y teniendo en cuenta las limitaciones de nuestra planificaci\u00f3n.<\/p>\n<p>Si la empresa no ha recibido el dep\u00f3sito en un plazo de quince d\u00edas a partir de la realizaci\u00f3n del pedido, la empresa tendr\u00e1 derecho a rescindir el pedido, en perjuicio y agravio del cliente.<\/p>\n<p>2.6 - Todos los casos de fuerza mayor eximen a la empresa de toda responsabilidad. Se consideran casos de fuerza mayor: los actos de la autoridad p\u00fablica, la falta de personal, la huelga, la guerra, la revuelta, la falta de materiales, los problemas de entrega, el incendio, la aver\u00eda de una m\u00e1quina, la recepci\u00f3n tard\u00eda de cualquier art\u00edculo, da\u00f1ado o no, etc. La aparici\u00f3n de un caso de fuerza mayor no permite a las partes rescindir el contrato a menos que dure m\u00e1s de dos meses. La aparici\u00f3n de un caso de fuerza mayor no autoriza a las partes a rescindir el contrato a menos que dure m\u00e1s de dos meses.<\/p>\n<p>2.7 - Sin perjuicio de cualquier otro derecho o reclamaci\u00f3n, la anulaci\u00f3n de un pedido antes de que el pedido haya sido realizado al proveedor de la propia empresa, o el trabajo haya sido realizado en los talleres de la empresa, dar\u00e1 lugar ipso iure a una indemnizaci\u00f3n de al menos 20% del importe total del pedido y a una indemnizaci\u00f3n de 70% del importe total del pedido si la empresa ha encargado el material a su propio proveedor, o el trabajo ha sido realizado seg\u00fan los requisitos espec\u00edficos del trabajo.<\/p>\n<p>2.8 - El precio y los plazos de los trabajos mencionados en la orden de pedido o en el presupuesto est\u00e1n sujetos a revisi\u00f3n cuando haya que realizar trabajos adicionales a los inicialmente previstos.<\/p>\n<p>Lo mismo se aplica si durante la ejecuci\u00f3n de los trabajos se detectan disconformidades con la informaci\u00f3n o los documentos b\u00e1sicos facilitados por el cliente.<\/p>\n<p>2.9 - Cualquier modificaci\u00f3n de la obra podr\u00e1 establecerse por cualquier medio legal.<\/p>\n<h4>3 - Ejecuci\u00f3n :<\/h4>\n<p>3.1 - El cliente se compromete a permitir la realizaci\u00f3n de los trabajos en la fecha y lugar acordados. Si no lo hace, correr\u00e1 con los gastos de almacenamiento e inmovilizaci\u00f3n hasta un m\u00ednimo de 5% del importe total del precio del trabajo por semana de retraso.<\/p>\n<p>3.2- Las reclamaciones relativas a vicios aparentes deber\u00e1n hacerse, bajo pena de caducidad, inmediatamente en el momento de la recogida o de la entrega y deber\u00e1n notificarse a la empresa por escrito mediante env\u00edo certificado en un plazo de ocho d\u00edas.<\/p>\n<p>3.3 - La aceptaci\u00f3n por parte del cliente debe tener lugar en el momento de la recogida o la entrega.<\/p>\n<h4>4 - Derechos de propiedad intelectual :<\/h4>\n<p>4.1 - Todos los dibujos, planos, diagramas, proyectos, documentos y estudios de cualquier tipo que la empresa entregue o env\u00ede al cliente seguir\u00e1n siendo de su entera propiedad y deber\u00e1n considerarse confidenciales. Sin perjuicio de da\u00f1os e intereses, no podr\u00e1n ser comunicados a terceros, copiados o ejecutados sin el acuerdo escrito de la empresa.<\/p>\n<p>4.2 - La empresa se compromete a respetar el secreto profesional en el desempe\u00f1o de las tareas que se le encomienden.<\/p>\n\n\t\t<\/div>\n\t<\/div>\n<\/div><\/div><\/div><div class=\"wpb_column vc_column_container vc_col-sm-6\"><div class=\"vc_column-inner\"><div class=\"wpb_wrapper\">\n\t<div class=\"wpb_text_column wpb_content_element\" >\n\t\t<div class=\"wpb_wrapper\">\n\t\t\t<h4>5 - Facturaci\u00f3n :<\/h4>\n<p>5.1 - Las facturas son pagaderas de acuerdo con las condiciones estipuladas en las hojas de pedido o presupuestos de la empresa.<\/p>\n<p>5.2 - Las facturas son pagaderas a la empresa sin descuento de ning\u00fan tipo, a menos que se estipule lo contrario por escrito en la factura.<\/p>\n<p>5.3 - Las facturas o notas de adeudo no cubiertas en la fecha de vencimiento estar\u00e1n autom\u00e1ticamente sujetas a un inter\u00e9s de demora de 1% al mes sin previo aviso ni notificaci\u00f3n formal. Adem\u00e1s, las facturas o notas de adeudo que permanezcan impagadas un mes despu\u00e9s de su fecha de vencimiento ser\u00e1n autom\u00e1ticamente incrementadas en una cantidad global igual a 15% del importe pendiente, con un m\u00ednimo de 100\u20ac + IVA.<\/p>\n<p>5.4 - El impago del vencimiento de una factura dejar\u00e1 sin efecto las condiciones de pago concedidas por la empresa al cliente, y todas las facturas pendientes y sumas adeudadas, por cualquier motivo, pasar\u00e1n a ser inmediatamente pagaderas sin previo aviso formal.<\/p>\n<p>5.5 - Las condiciones de pago acordadas no podr\u00e1n retrasarse por ning\u00fan motivo, ni siquiera en caso de litigio.<\/p>\n<p>5.6 - Sin perjuicio de cualquier otro derecho o reclamaci\u00f3n, en caso de impago de una factura en los t\u00e9rminos establecidos, la Empresa se reserva el derecho de suspender los trabajos o rescindir el contrato durante el transcurso de los mismos.<\/p>\n<p>5.7 - Las reclamaciones relativas a las facturas deber\u00e1n llegar a la empresa en un plazo de ocho d\u00edas a partir de su fecha. Transcurrido este plazo, se considerar\u00e1n definitivamente aceptadas.<\/p>\n<p>5.8 - A partir del 1 de enero de 2026, el Gobierno belga exigir\u00e1 a todas las personas jur\u00eddicas y f\u00edsicas sujetas al IVA que intercambien sus facturas electr\u00f3nicamente a trav\u00e9s de la red Peppol. Esto significa que le enviaremos facturas a trav\u00e9s de esta red y que est\u00e1 obligado a registrarse. G-Block no se hace responsable de su pertenencia o no pertenencia a esta red. No se excluye enviarle una copia en papel o por correo electr\u00f3nico pero \u00e9sta no tendr\u00e1 ning\u00fan valor legal. En este \u00faltimo caso, debe considerarse una copia y no un original.<\/p>\n<p>Para los clientes particulares, los canales tradicionales (como el papel o el correo electr\u00f3nico) siguen siendo v\u00e1lidos.<\/p>\n<h4>6 - Cl\u00e1usula de reserva de dominio :<\/h4>\n<p>6.1 - La transferencia de la propiedad de los productos al cliente en el momento de la recogida o entrega est\u00e1 sujeta al pago efectivo de la totalidad del precio en principal, intereses y costes accesorios en la fecha de vencimiento acordada.<\/p>\n<p>En caso de pago mediante letra de cambio, el pago no se considerar\u00e1 efectuado hasta el cobro efectivo.<\/p>\n<p>En caso de impago en la fecha de vencimiento, la empresa podr\u00e1 exigir la devoluci\u00f3n inmediata de los productos a cargo del cliente.<\/p>\n<p>6.2 - La devoluci\u00f3n a la empresa de los bienes reclamados impone al cliente la obligaci\u00f3n de compensar la p\u00e9rdida resultante de la depreciaci\u00f3n y, en cualquier caso, de la indisponibilidad de los bienes en cuesti\u00f3n.<\/p>\n<p>6.3 - Se proh\u00edbe al cliente transferir cualquier derecho sobre el trabajo hasta que la empresa haya recibido el pago, o realizar cualquier modificaci\u00f3n.<\/p>\n<h4>7 - Garant\u00eda :<\/h4>\n<p>7.1 - Los bienes entregados s\u00f3lo est\u00e1n cubiertos por las condiciones de garant\u00eda de los proveedores de la empresa.<\/p>\n<p>7.2 - La garant\u00eda cesa autom\u00e1ticamente si el cliente ha emprendido, por iniciativa propia, o hecho emprender por un tercero ajeno a la empresa, trabajos de reparaci\u00f3n o modificaciones.<\/p>\n<p>7.3 - Cualquiera que sea el defecto, la responsabilidad de la Empresa se limita a la sustituci\u00f3n del art\u00edculo defectuoso.<\/p>\n<p>7.4 - La empresa declina toda responsabilidad por da\u00f1os causados por falta de supervisi\u00f3n, mantenimiento, golpes o humedad.<\/p>\n<p>7.5 - En caso de sustituci\u00f3n de componentes en garant\u00eda, los gastos de desmontaje, montaje, transporte y supervisi\u00f3n correr\u00e1n a cargo del Cliente.<\/p>\n<p>7.6 - La empresa s\u00f3lo es responsable del objeto de su trabajo.<\/p>\n<p>7.7 - No puede ser considerado responsable solidario con otros oficios. No puede ser considerado responsable de da\u00f1os previsibles o imprevisibles causados por su trabajo, como defectos de vibraci\u00f3n.<\/p>\n<p>7.8 - Su responsabilidad ya no podr\u00e1 cuestionarse un a\u00f1o despu\u00e9s de la recogida o entrega del material.<\/p>\n<h4>8 - Marca :<\/h4>\n<p>El uso conjunto de la marca G-Block\u00ae o de las empresas representadas por G-Block s.a. (as\u00ed como de los logotipos) s\u00f3lo est\u00e1 permitido si la empresa o las empresas que representa han dado su consentimiento por escrito para ello.<\/p>\n<h4>9 - Ley aplicable y litigios :<\/h4>\n<p>9.1 - El presente contrato se rige por la legislaci\u00f3n belga.<\/p>\n<p>9.2 - La anulaci\u00f3n de una cl\u00e1usula no implica la anulaci\u00f3n del contrato.<\/p>\n<p>9.3 - Las partes se esforzar\u00e1n por resolver amistosamente los litigios que puedan surgir en relaci\u00f3n con un pedido. En su defecto, se someter\u00e1n a la jurisdicci\u00f3n del domicilio social del vendedor.<\/p>\n<p>9.4 - La sociedad an\u00f3nima G-Block, no obstante, tendr\u00e1 la posibilidad, cuando sea demandante, de acudir a cualquier otro tribunal competente en virtud del derecho com\u00fan.<\/p>\n<p>9.5 - Las condiciones generales de venta no impiden a la empresa mantener sus derechos en los casos no previstos por las condiciones generales de venta.<\/p>\n\n\t\t<\/div>\n\t<\/div>\n<\/div><\/div><\/div><\/div><\/div><\/div><\/div><\/div><\/div>\n<\/div>","protected":false},"excerpt":{"rendered":"<p>1 &#8211; G\u00e9n\u00e9ralit\u00e9s : 1.1 &#8211; Les pr\u00e9sentes conditions g\u00e9n\u00e9rales r\u00e9gissent avec les conditions particuli\u00e8res \u00e9ventuelles, qui rev\u00eatent avec elles un caract\u00e8re essentiel, les op\u00e9rations de la soci\u00e9t\u00e9 anonyme G-Block 1.2. &#8211; Le client renonce \u00e0 toutes stipulations contraires figurant dans ses conditions g\u00e9n\u00e9rales ou particuli\u00e8res, m\u00eame si celles-ci pr\u00e9voient qu&rsquo;elles sont seules valables, ou&hellip;<\/p>","protected":false},"author":1,"featured_media":192,"parent":0,"menu_order":0,"comment_status":"closed","ping_status":"closed","template":"","meta":{"footnotes":""},"class_list":["post-123","page","type-page","status-publish","has-post-thumbnail","hentry","description-off"],"yoast_head":"<!-- This site is optimized with the Yoast SEO plugin v27.3 - https:\/\/yoast.com\/product\/yoast-seo-wordpress\/ -->\n<title>Conditions G\u00e9n\u00e9rales de Vente | Termes et Conditions | G-Block<\/title>\n<meta name=\"description\" content=\"Consultez les conditions g\u00e9n\u00e9rales de vente de G-Block. Retrouvez les informations essentielles sur nos produits, services et modalit\u00e9s de vente.\" \/>\n<meta name=\"robots\" content=\"index, follow, max-snippet:-1, max-image-preview:large, max-video-preview:-1\" \/>\n<link rel=\"canonical\" href=\"https:\/\/g-block.be\/es\/condiciones-generales-de-venta\/\" \/>\n<meta property=\"og:locale\" content=\"es_ES\" \/>\n<meta property=\"og:type\" content=\"article\" \/>\n<meta property=\"og:title\" content=\"Conditions G\u00e9n\u00e9rales de Vente | Termes et Conditions | G-Block\" \/>\n<meta property=\"og:description\" content=\"Consultez les conditions g\u00e9n\u00e9rales de vente de G-Block. Retrouvez les informations essentielles sur nos produits, services et modalit\u00e9s de vente.\" \/>\n<meta property=\"og:url\" content=\"https:\/\/g-block.be\/es\/condiciones-generales-de-venta\/\" \/>\n<meta property=\"og:site_name\" content=\"G-Block\" \/>\n<meta property=\"article:modified_time\" content=\"2025-09-08T19:00:10+00:00\" \/>\n<meta property=\"og:image\" content=\"https:\/\/g-block.be\/wp-content\/uploads\/2024\/09\/1713310224_choisir-un-coffre-fort-domestique-criteres-essentiels-et-modeles-recommandes.jpg\" \/>\n\t<meta property=\"og:image:width\" content=\"1456\" \/>\n\t<meta property=\"og:image:height\" content=\"816\" \/>\n\t<meta property=\"og:image:type\" content=\"image\/jpeg\" \/>\n<meta name=\"twitter:card\" content=\"summary_large_image\" \/>\n<meta name=\"twitter:title\" content=\"Conditions G\u00e9n\u00e9rales de Vente | Termes et Conditions | G-Block\" \/>\n<meta name=\"twitter:description\" content=\"Consultez les conditions g\u00e9n\u00e9rales de vente de G-Block. Retrouvez les informations essentielles sur nos produits, services et modalit\u00e9s de vente.\" \/>\n<meta name=\"twitter:image\" content=\"https:\/\/g-block.be\/wp-content\/uploads\/2024\/09\/1713310224_choisir-un-coffre-fort-domestique-criteres-essentiels-et-modeles-recommandes.jpg\" \/>\n<meta name=\"twitter:label1\" content=\"Tiempo de lectura\" \/>\n\t<meta name=\"twitter:data1\" content=\"9 minutos\" \/>\n<script type=\"application\/ld+json\" class=\"yoast-schema-graph\">{\"@context\":\"https:\\\/\\\/schema.org\",\"@graph\":[{\"@type\":\"WebPage\",\"@id\":\"https:\\\/\\\/g-block.be\\\/conditions-generales-de-ventes\\\/\",\"url\":\"https:\\\/\\\/g-block.be\\\/conditions-generales-de-ventes\\\/\",\"name\":\"Conditions G\u00e9n\u00e9rales de Vente | Termes et Conditions | G-Block\",\"isPartOf\":{\"@id\":\"https:\\\/\\\/g-block.be\\\/#website\"},\"primaryImageOfPage\":{\"@id\":\"https:\\\/\\\/g-block.be\\\/conditions-generales-de-ventes\\\/#primaryimage\"},\"image\":{\"@id\":\"https:\\\/\\\/g-block.be\\\/conditions-generales-de-ventes\\\/#primaryimage\"},\"thumbnailUrl\":\"https:\\\/\\\/g-block.be\\\/wp-content\\\/uploads\\\/2024\\\/09\\\/1713310224_choisir-un-coffre-fort-domestique-criteres-essentiels-et-modeles-recommandes.jpg\",\"datePublished\":\"2024-08-29T06:00:13+00:00\",\"dateModified\":\"2025-09-08T19:00:10+00:00\",\"description\":\"Consultez les conditions g\u00e9n\u00e9rales de vente de G-Block. Retrouvez les informations essentielles sur nos produits, services et modalit\u00e9s de vente.\",\"breadcrumb\":{\"@id\":\"https:\\\/\\\/g-block.be\\\/conditions-generales-de-ventes\\\/#breadcrumb\"},\"inLanguage\":\"es\",\"potentialAction\":[{\"@type\":\"ReadAction\",\"target\":[\"https:\\\/\\\/g-block.be\\\/conditions-generales-de-ventes\\\/\"]}]},{\"@type\":\"ImageObject\",\"inLanguage\":\"es\",\"@id\":\"https:\\\/\\\/g-block.be\\\/conditions-generales-de-ventes\\\/#primaryimage\",\"url\":\"https:\\\/\\\/g-block.be\\\/wp-content\\\/uploads\\\/2024\\\/09\\\/1713310224_choisir-un-coffre-fort-domestique-criteres-essentiels-et-modeles-recommandes.jpg\",\"contentUrl\":\"https:\\\/\\\/g-block.be\\\/wp-content\\\/uploads\\\/2024\\\/09\\\/1713310224_choisir-un-coffre-fort-domestique-criteres-essentiels-et-modeles-recommandes.jpg\",\"width\":1456,\"height\":816},{\"@type\":\"BreadcrumbList\",\"@id\":\"https:\\\/\\\/g-block.be\\\/conditions-generales-de-ventes\\\/#breadcrumb\",\"itemListElement\":[{\"@type\":\"ListItem\",\"position\":1,\"name\":\"Accueil\",\"item\":\"https:\\\/\\\/g-block.be\\\/\"},{\"@type\":\"ListItem\",\"position\":2,\"name\":\"Conditions g\u00e9n\u00e9rales de ventes\"}]},{\"@type\":\"WebSite\",\"@id\":\"https:\\\/\\\/g-block.be\\\/#website\",\"url\":\"https:\\\/\\\/g-block.be\\\/\",\"name\":\"G-Block\",\"description\":\"\",\"potentialAction\":[{\"@type\":\"SearchAction\",\"target\":{\"@type\":\"EntryPoint\",\"urlTemplate\":\"https:\\\/\\\/g-block.be\\\/?s={search_term_string}\"},\"query-input\":{\"@type\":\"PropertyValueSpecification\",\"valueRequired\":true,\"valueName\":\"search_term_string\"}}],\"inLanguage\":\"es\"}]}<\/script>\n<!-- \/ Yoast SEO plugin. -->","yoast_head_json":{"title":"Condiciones generales | G-Block","description":"Consulte las condiciones generales de venta de G-Block. Encuentre la informaci\u00f3n esencial sobre nuestros productos, servicios y condiciones de venta.","robots":{"index":"index","follow":"follow","max-snippet":"max-snippet:-1","max-image-preview":"max-image-preview:large","max-video-preview":"max-video-preview:-1"},"canonical":"https:\/\/g-block.be\/es\/condiciones-generales-de-venta\/","og_locale":"es_ES","og_type":"article","og_title":"Conditions G\u00e9n\u00e9rales de Vente | Termes et Conditions | G-Block","og_description":"Consultez les conditions g\u00e9n\u00e9rales de vente de G-Block. Retrouvez les informations essentielles sur nos produits, services et modalit\u00e9s de vente.","og_url":"https:\/\/g-block.be\/es\/condiciones-generales-de-venta\/","og_site_name":"G-Block","article_modified_time":"2025-09-08T19:00:10+00:00","og_image":[{"width":1456,"height":816,"url":"https:\/\/g-block.be\/wp-content\/uploads\/2024\/09\/1713310224_choisir-un-coffre-fort-domestique-criteres-essentiels-et-modeles-recommandes.jpg","type":"image\/jpeg"}],"twitter_card":"summary_large_image","twitter_title":"Conditions G\u00e9n\u00e9rales de Vente | Termes et Conditions | G-Block","twitter_description":"Consultez les conditions g\u00e9n\u00e9rales de vente de G-Block. Retrouvez les informations essentielles sur nos produits, services et modalit\u00e9s de vente.","twitter_image":"https:\/\/g-block.be\/wp-content\/uploads\/2024\/09\/1713310224_choisir-un-coffre-fort-domestique-criteres-essentiels-et-modeles-recommandes.jpg","twitter_misc":{"Tiempo de lectura":"9 minutos"},"schema":{"@context":"https:\/\/schema.org","@graph":[{"@type":"WebPage","@id":"https:\/\/g-block.be\/conditions-generales-de-ventes\/","url":"https:\/\/g-block.be\/conditions-generales-de-ventes\/","name":"Condiciones generales | G-Block","isPartOf":{"@id":"https:\/\/g-block.be\/#website"},"primaryImageOfPage":{"@id":"https:\/\/g-block.be\/conditions-generales-de-ventes\/#primaryimage"},"image":{"@id":"https:\/\/g-block.be\/conditions-generales-de-ventes\/#primaryimage"},"thumbnailUrl":"https:\/\/g-block.be\/wp-content\/uploads\/2024\/09\/1713310224_choisir-un-coffre-fort-domestique-criteres-essentiels-et-modeles-recommandes.jpg","datePublished":"2024-08-29T06:00:13+00:00","dateModified":"2025-09-08T19:00:10+00:00","description":"Consulte las condiciones generales de venta de G-Block. Encuentre la informaci\u00f3n esencial sobre nuestros productos, servicios y condiciones de venta.","breadcrumb":{"@id":"https:\/\/g-block.be\/conditions-generales-de-ventes\/#breadcrumb"},"inLanguage":"es","potentialAction":[{"@type":"ReadAction","target":["https:\/\/g-block.be\/conditions-generales-de-ventes\/"]}]},{"@type":"ImageObject","inLanguage":"es","@id":"https:\/\/g-block.be\/conditions-generales-de-ventes\/#primaryimage","url":"https:\/\/g-block.be\/wp-content\/uploads\/2024\/09\/1713310224_choisir-un-coffre-fort-domestique-criteres-essentiels-et-modeles-recommandes.jpg","contentUrl":"https:\/\/g-block.be\/wp-content\/uploads\/2024\/09\/1713310224_choisir-un-coffre-fort-domestique-criteres-essentiels-et-modeles-recommandes.jpg","width":1456,"height":816},{"@type":"BreadcrumbList","@id":"https:\/\/g-block.be\/conditions-generales-de-ventes\/#breadcrumb","itemListElement":[{"@type":"ListItem","position":1,"name":"Accueil","item":"https:\/\/g-block.be\/"},{"@type":"ListItem","position":2,"name":"Conditions g\u00e9n\u00e9rales de ventes"}]},{"@type":"WebSite","@id":"https:\/\/g-block.be\/#website","url":"https:\/\/g-block.be\/","name":"Bloque G","description":"","potentialAction":[{"@type":"SearchAction","target":{"@type":"EntryPoint","urlTemplate":"https:\/\/g-block.be\/?s={search_term_string}"},"query-input":{"@type":"PropertyValueSpecification","valueRequired":true,"valueName":"search_term_string"}}],"inLanguage":"es"}]}},"_links":{"self":[{"href":"https:\/\/g-block.be\/es\/wp-json\/wp\/v2\/pages\/123","targetHints":{"allow":["GET"]}}],"collection":[{"href":"https:\/\/g-block.be\/es\/wp-json\/wp\/v2\/pages"}],"about":[{"href":"https:\/\/g-block.be\/es\/wp-json\/wp\/v2\/types\/page"}],"author":[{"embeddable":true,"href":"https:\/\/g-block.be\/es\/wp-json\/wp\/v2\/users\/1"}],"replies":[{"embeddable":true,"href":"https:\/\/g-block.be\/es\/wp-json\/wp\/v2\/comments?post=123"}],"version-history":[{"count":5,"href":"https:\/\/g-block.be\/es\/wp-json\/wp\/v2\/pages\/123\/revisions"}],"predecessor-version":[{"id":4844,"href":"https:\/\/g-block.be\/es\/wp-json\/wp\/v2\/pages\/123\/revisions\/4844"}],"wp:featuredmedia":[{"embeddable":true,"href":"https:\/\/g-block.be\/es\/wp-json\/wp\/v2\/media\/192"}],"wp:attachment":[{"href":"https:\/\/g-block.be\/es\/wp-json\/wp\/v2\/media?parent=123"}],"curies":[{"name":"wp","href":"https:\/\/api.w.org\/{rel}","templated":true}]}}