{"id":1476,"date":"2025-01-22T23:59:26","date_gmt":"2025-01-22T22:59:26","guid":{"rendered":"https:\/\/g-block.be\/?page_id=1476"},"modified":"2025-02-28T12:20:04","modified_gmt":"2025-02-28T11:20:04","slug":"hoja","status":"publish","type":"page","link":"https:\/\/g-block.be\/es\/hoja\/","title":{"rendered":"Hoja"},"content":{"rendered":"<div class=\"wpb-content-wrapper\"><div class=\"vc_row wpb_row vc_row-fluid dt-default\" style=\"margin-top: 0px;margin-bottom: 0px\"><div class=\"wpb_column vc_column_container vc_col-sm-12\"><div class=\"vc_column-inner\"><div class=\"wpb_wrapper\"><div class=\"vc_tta-container\" data-vc-action=\"collapseAll\"><div class=\"vc_general vc_tta vc_tta-accordion vc_tta-color-grey vc_tta-style-classic vc_tta-shape-rounded vc_tta-o-shape-group vc_tta-controls-align-default vc_tta-o-all-clickable\"><div class=\"vc_tta-panels-container\"><div class=\"vc_tta-panels\"><div class=\"vc_tta-panel\" id=\"1737586146864-6206c0cb-e308\" data-vc-content=\".vc_tta-panel-body\"><div class=\"vc_tta-panel-heading\"><h4 class=\"vc_tta-panel-title vc_tta-controls-icon-position-left\"><a href=\"#1737586146864-6206c0cb-e308\" data-vc-accordion data-vc-container=\".vc_tta-container\"><span class=\"vc_tta-title-text\">Hoja<\/span><i class=\"vc_tta-controls-icon vc_tta-controls-icon-plus\"><\/i><\/a><\/h4><\/div><div class=\"vc_tta-panel-body\"><div class=\"vc_row wpb_row vc_inner vc_row-fluid\"><div class=\"wpb_column vc_column_container vc_col-sm-4\"><div class=\"vc_column-inner\"><div class=\"wpb_wrapper\">\n\t<div  class=\"wpb_single_image wpb_content_element vc_align_left\">\n\t\t\n\t\t<figure class=\"wpb_wrapper vc_figure\">\n\t\t\t<div class=\"vc_single_image-wrapper   vc_box_border_grey\"><img loading=\"lazy\" decoding=\"async\" width=\"251\" height=\"350\" src=\"https:\/\/g-block.be\/wp-content\/uploads\/2025\/01\/img-02.webp\" class=\"vc_single_image-img attachment-full\" alt=\"\" title=\"img-02\" srcset=\"https:\/\/g-block.be\/wp-content\/uploads\/2025\/01\/img-02.webp 251w, https:\/\/g-block.be\/wp-content\/uploads\/2025\/01\/img-02-215x300.webp 215w\" sizes=\"auto, (max-width: 251px) 100vw, 251px\"  data-dt-location=\"https:\/\/g-block.be\/es\/prueba-de-plantilla\/img-02\/\" \/><\/div>\n\t\t<\/figure>\n\t<\/div>\n<\/div><\/div><\/div><div class=\"wpb_column vc_column_container vc_col-sm-8\"><div class=\"vc_column-inner\"><div class=\"wpb_wrapper\">\n\t<div class=\"wpb_text_column wpb_content_element\" >\n\t\t<div class=\"wpb_wrapper\">\n\t\t\t<h4>Seguridad y aislamiento<\/h4>\n<p>Las hojas de puerta son una parte esencial de sus puertas, ya que proporcionan seguridad y aislamiento. En G-Block, ofrecemos hojas met\u00e1licas de alta calidad, dise\u00f1adas para satisfacer sus requisitos m\u00e1s exigentes.<\/p>\n<h5>Caracter\u00edsticas<\/h5>\n<p><strong>Tipo :<\/strong> configuraciones de una o dos hojas<\/p>\n<p><strong>Dise\u00f1ado por :<\/strong> con un solape en tres lados y un grosor aproximado de 60 mm. Est\u00e1n fabricadas con paneles de puerta macizos de doble pared, formados por dos chapas electrogalvanizadas 15\/10 por hoja.<\/p>\n<p><strong>Aislamiento y refuerzo :<\/strong> El aislamiento interior es de lana de roca de alta densidad, reforzada con omega 15\/10. Este dise\u00f1o garantiza un excelente aislamiento t\u00e9rmico y ac\u00fastico, al tiempo que asegura la m\u00e1xima robustez.<\/p>\n\n\t\t<\/div>\n\t<\/div>\n<\/div><\/div><\/div><\/div><\/div><\/div><\/div><\/div><\/div><\/div><\/div><\/div><\/div><\/div>\n<\/div>","protected":false},"excerpt":{"rendered":"<p>Vantail S\u00e9curit\u00e9 et isolation Les vantaux sont des \u00e9l\u00e9ments essentiels de vos portes, assurant \u00e0 la fois s\u00e9curit\u00e9 et isolation. Chez G-Block, nous proposons des vantaux m\u00e9talliques de haute qualit\u00e9, con\u00e7us pour r\u00e9pondre \u00e0 vos exigences les plus strictes. Caract\u00e9ristiques Type : configurations \u00e0 un ou deux battants Conception : avec recouvrement sur trois c\u00f4t\u00e9s&hellip;<\/p>","protected":false},"author":1,"featured_media":0,"parent":0,"menu_order":0,"comment_status":"closed","ping_status":"closed","template":"","meta":{"footnotes":""},"class_list":["post-1476","page","type-page","status-publish","hentry","description-off"],"yoast_head":"<!-- This site is optimized with the Yoast SEO plugin v27.4 - https:\/\/yoast.com\/product\/yoast-seo-wordpress\/ -->\n<title>Vantaux pour portes<\/title>\n<meta name=\"description\" content=\"Nos vantaux con\u00e7us pour renforcer la s\u00e9curit\u00e9 et la robustesse de vos portes. Adapt\u00e9s \u00e0 diverses applications, ils garantissent fiabilit\u00e9 et durabilit\u00e9.\" \/>\n<meta name=\"robots\" content=\"index, follow, max-snippet:-1, max-image-preview:large, max-video-preview:-1\" \/>\n<link rel=\"canonical\" href=\"https:\/\/g-block.be\/es\/hoja\/\" \/>\n<meta property=\"og:locale\" content=\"es_ES\" \/>\n<meta property=\"og:type\" content=\"article\" \/>\n<meta property=\"og:title\" content=\"Vantaux pour portes\" \/>\n<meta property=\"og:description\" content=\"Des vantaux robustes pour une s\u00e9curit\u00e9 renforc\u00e9e ! Optez pour la qualit\u00e9 et la durabilit\u00e9 avec nos solutions adapt\u00e9es \u00e0 tous types de portes.\" \/>\n<meta property=\"og:url\" content=\"https:\/\/g-block.be\/es\/hoja\/\" \/>\n<meta property=\"og:site_name\" content=\"G-Block\" \/>\n<meta property=\"article:modified_time\" content=\"2025-02-28T11:20:04+00:00\" \/>\n<meta name=\"twitter:card\" content=\"summary_large_image\" \/>\n<meta name=\"twitter:title\" content=\"Vantaux pour portes\" \/>\n<meta name=\"twitter:description\" content=\"Des vantaux robustes pour une s\u00e9curit\u00e9 renforc\u00e9e ! Optez pour la qualit\u00e9 et la durabilit\u00e9 avec nos solutions adapt\u00e9es \u00e0 tous types de portes.\" \/>\n<meta name=\"twitter:label1\" content=\"Tiempo de lectura\" \/>\n\t<meta name=\"twitter:data1\" content=\"1 minuto\" \/>\n<script type=\"application\/ld+json\" class=\"yoast-schema-graph\">{\"@context\":\"https:\\\/\\\/schema.org\",\"@graph\":[{\"@type\":\"WebPage\",\"@id\":\"https:\\\/\\\/g-block.be\\\/vantail\\\/\",\"url\":\"https:\\\/\\\/g-block.be\\\/vantail\\\/\",\"name\":\"Vantaux pour portes\",\"isPartOf\":{\"@id\":\"https:\\\/\\\/g-block.be\\\/#website\"},\"datePublished\":\"2025-01-22T22:59:26+00:00\",\"dateModified\":\"2025-02-28T11:20:04+00:00\",\"description\":\"Nos vantaux con\u00e7us pour renforcer la s\u00e9curit\u00e9 et la robustesse de vos portes. Adapt\u00e9s \u00e0 diverses applications, ils garantissent fiabilit\u00e9 et durabilit\u00e9.\",\"breadcrumb\":{\"@id\":\"https:\\\/\\\/g-block.be\\\/vantail\\\/#breadcrumb\"},\"inLanguage\":\"es\",\"potentialAction\":[{\"@type\":\"ReadAction\",\"target\":[\"https:\\\/\\\/g-block.be\\\/vantail\\\/\"]}]},{\"@type\":\"BreadcrumbList\",\"@id\":\"https:\\\/\\\/g-block.be\\\/vantail\\\/#breadcrumb\",\"itemListElement\":[{\"@type\":\"ListItem\",\"position\":1,\"name\":\"Accueil\",\"item\":\"https:\\\/\\\/g-block.be\\\/\"},{\"@type\":\"ListItem\",\"position\":2,\"name\":\"Vantail\"}]},{\"@type\":\"WebSite\",\"@id\":\"https:\\\/\\\/g-block.be\\\/#website\",\"url\":\"https:\\\/\\\/g-block.be\\\/\",\"name\":\"G-Block\",\"description\":\"\",\"potentialAction\":[{\"@type\":\"SearchAction\",\"target\":{\"@type\":\"EntryPoint\",\"urlTemplate\":\"https:\\\/\\\/g-block.be\\\/?s={search_term_string}\"},\"query-input\":{\"@type\":\"PropertyValueSpecification\",\"valueRequired\":true,\"valueName\":\"search_term_string\"}}],\"inLanguage\":\"es\"}]}<\/script>\n<!-- \/ Yoast SEO plugin. -->","yoast_head_json":{"title":"Hojas de puerta","description":"Nuestras hojas de puerta est\u00e1n dise\u00f1adas para mejorar la seguridad y robustez de sus puertas. Adaptadas a una gran variedad de aplicaciones, garantizan fiabilidad y durabilidad.","robots":{"index":"index","follow":"follow","max-snippet":"max-snippet:-1","max-image-preview":"max-image-preview:large","max-video-preview":"max-video-preview:-1"},"canonical":"https:\/\/g-block.be\/es\/hoja\/","og_locale":"es_ES","og_type":"article","og_title":"Vantaux pour portes","og_description":"Des vantaux robustes pour une s\u00e9curit\u00e9 renforc\u00e9e ! Optez pour la qualit\u00e9 et la durabilit\u00e9 avec nos solutions adapt\u00e9es \u00e0 tous types de portes.","og_url":"https:\/\/g-block.be\/es\/hoja\/","og_site_name":"G-Block","article_modified_time":"2025-02-28T11:20:04+00:00","twitter_card":"summary_large_image","twitter_title":"Vantaux pour portes","twitter_description":"Des vantaux robustes pour une s\u00e9curit\u00e9 renforc\u00e9e ! Optez pour la qualit\u00e9 et la durabilit\u00e9 avec nos solutions adapt\u00e9es \u00e0 tous types de portes.","twitter_misc":{"Tiempo de lectura":"1 minuto"},"schema":{"@context":"https:\/\/schema.org","@graph":[{"@type":"WebPage","@id":"https:\/\/g-block.be\/vantail\/","url":"https:\/\/g-block.be\/vantail\/","name":"Hojas de puerta","isPartOf":{"@id":"https:\/\/g-block.be\/#website"},"datePublished":"2025-01-22T22:59:26+00:00","dateModified":"2025-02-28T11:20:04+00:00","description":"Nuestras hojas de puerta est\u00e1n dise\u00f1adas para mejorar la seguridad y robustez de sus puertas. Adaptadas a una gran variedad de aplicaciones, garantizan fiabilidad y durabilidad.","breadcrumb":{"@id":"https:\/\/g-block.be\/vantail\/#breadcrumb"},"inLanguage":"es","potentialAction":[{"@type":"ReadAction","target":["https:\/\/g-block.be\/vantail\/"]}]},{"@type":"BreadcrumbList","@id":"https:\/\/g-block.be\/vantail\/#breadcrumb","itemListElement":[{"@type":"ListItem","position":1,"name":"Accueil","item":"https:\/\/g-block.be\/"},{"@type":"ListItem","position":2,"name":"Vantail"}]},{"@type":"WebSite","@id":"https:\/\/g-block.be\/#website","url":"https:\/\/g-block.be\/","name":"Bloque G","description":"","potentialAction":[{"@type":"SearchAction","target":{"@type":"EntryPoint","urlTemplate":"https:\/\/g-block.be\/?s={search_term_string}"},"query-input":{"@type":"PropertyValueSpecification","valueRequired":true,"valueName":"search_term_string"}}],"inLanguage":"es"}]}},"_links":{"self":[{"href":"https:\/\/g-block.be\/es\/wp-json\/wp\/v2\/pages\/1476","targetHints":{"allow":["GET"]}}],"collection":[{"href":"https:\/\/g-block.be\/es\/wp-json\/wp\/v2\/pages"}],"about":[{"href":"https:\/\/g-block.be\/es\/wp-json\/wp\/v2\/types\/page"}],"author":[{"embeddable":true,"href":"https:\/\/g-block.be\/es\/wp-json\/wp\/v2\/users\/1"}],"replies":[{"embeddable":true,"href":"https:\/\/g-block.be\/es\/wp-json\/wp\/v2\/comments?post=1476"}],"version-history":[{"count":4,"href":"https:\/\/g-block.be\/es\/wp-json\/wp\/v2\/pages\/1476\/revisions"}],"predecessor-version":[{"id":2285,"href":"https:\/\/g-block.be\/es\/wp-json\/wp\/v2\/pages\/1476\/revisions\/2285"}],"wp:attachment":[{"href":"https:\/\/g-block.be\/es\/wp-json\/wp\/v2\/media?parent=1476"}],"curies":[{"name":"wp","href":"https:\/\/api.w.org\/{rel}","templated":true}]}}