{"id":24,"date":"2024-08-28T21:46:25","date_gmt":"2024-08-28T19:46:25","guid":{"rendered":"https:\/\/g-block.be\/?page_id=24"},"modified":"2025-02-27T10:52:48","modified_gmt":"2025-02-27T09:52:48","slug":"noticias","status":"publish","type":"page","link":"https:\/\/g-block.be\/es\/noticias\/","title":{"rendered":"Informaci\u00f3n"},"content":{"rendered":"","protected":false},"excerpt":{"rendered":"","protected":false},"author":1,"featured_media":17,"parent":0,"menu_order":0,"comment_status":"closed","ping_status":"closed","template":"","meta":{"footnotes":""},"class_list":["post-24","page","type-page","status-publish","has-post-thumbnail","hentry","description-off"],"yoast_head":"<!-- This site is optimized with the Yoast SEO plugin v27.3 - https:\/\/yoast.com\/product\/yoast-seo-wordpress\/ -->\n<title>Informations S\u00e9curitaires | Conseils et Actualit\u00e9s | G-Block<\/title>\n<meta name=\"description\" content=\"Restez inform\u00e9 avec les derni\u00e8res actualit\u00e9s et conseils sur les portes blind\u00e9es, coffres-forts et solutions de s\u00e9curit\u00e9.\" \/>\n<meta name=\"robots\" content=\"index, follow, max-snippet:-1, max-image-preview:large, max-video-preview:-1\" \/>\n<link rel=\"canonical\" href=\"https:\/\/g-block.be\/es\/noticias\/\" \/>\n<meta property=\"og:locale\" content=\"es_ES\" \/>\n<meta property=\"og:type\" content=\"article\" \/>\n<meta property=\"og:title\" content=\"Informations S\u00e9curitaires | Conseils et Actualit\u00e9s | G-Block\" \/>\n<meta property=\"og:description\" content=\"Restez inform\u00e9 avec les derni\u00e8res actualit\u00e9s et conseils sur les portes blind\u00e9es, coffres-forts et solutions de s\u00e9curit\u00e9.\" \/>\n<meta property=\"og:url\" content=\"https:\/\/g-block.be\/es\/noticias\/\" \/>\n<meta property=\"og:site_name\" content=\"G-Block\" \/>\n<meta property=\"article:modified_time\" content=\"2025-02-27T09:52:48+00:00\" \/>\n<meta property=\"og:image\" content=\"https:\/\/g-block.be\/wp-content\/uploads\/2024\/08\/logo-GBLOCK-Retina.webp\" \/>\n\t<meta property=\"og:image:width\" content=\"491\" \/>\n\t<meta property=\"og:image:height\" content=\"121\" \/>\n\t<meta property=\"og:image:type\" content=\"image\/webp\" \/>\n<meta name=\"twitter:card\" content=\"summary_large_image\" \/>\n<meta name=\"twitter:title\" content=\"Informations S\u00e9curitaires | Conseils et Actualit\u00e9s | G-Block\" \/>\n<meta name=\"twitter:description\" content=\"Restez inform\u00e9 avec les derni\u00e8res actualit\u00e9s et conseils sur les portes blind\u00e9es, coffres-forts et solutions de s\u00e9curit\u00e9.\" \/>\n<meta name=\"twitter:image\" content=\"https:\/\/g-block.be\/wp-content\/uploads\/2024\/08\/logo-GBLOCK-Retina.webp\" \/>\n<meta name=\"twitter:label1\" content=\"Tiempo de lectura\" \/>\n\t<meta name=\"twitter:data1\" content=\"1 minuto\" \/>\n<script type=\"application\/ld+json\" class=\"yoast-schema-graph\">{\"@context\":\"https:\\\/\\\/schema.org\",\"@graph\":[{\"@type\":\"WebPage\",\"@id\":\"https:\\\/\\\/g-block.be\\\/infos\\\/\",\"url\":\"https:\\\/\\\/g-block.be\\\/infos\\\/\",\"name\":\"Informations S\u00e9curitaires | Conseils et Actualit\u00e9s | G-Block\",\"isPartOf\":{\"@id\":\"https:\\\/\\\/g-block.be\\\/#website\"},\"primaryImageOfPage\":{\"@id\":\"https:\\\/\\\/g-block.be\\\/infos\\\/#primaryimage\"},\"image\":{\"@id\":\"https:\\\/\\\/g-block.be\\\/infos\\\/#primaryimage\"},\"thumbnailUrl\":\"https:\\\/\\\/g-block.be\\\/wp-content\\\/uploads\\\/2024\\\/08\\\/logo-GBLOCK-Retina.webp\",\"datePublished\":\"2024-08-28T19:46:25+00:00\",\"dateModified\":\"2025-02-27T09:52:48+00:00\",\"description\":\"Restez inform\u00e9 avec les derni\u00e8res actualit\u00e9s et conseils sur les portes blind\u00e9es, coffres-forts et solutions de s\u00e9curit\u00e9.\",\"breadcrumb\":{\"@id\":\"https:\\\/\\\/g-block.be\\\/infos\\\/#breadcrumb\"},\"inLanguage\":\"es\",\"potentialAction\":[{\"@type\":\"ReadAction\",\"target\":[\"https:\\\/\\\/g-block.be\\\/infos\\\/\"]}]},{\"@type\":\"ImageObject\",\"inLanguage\":\"es\",\"@id\":\"https:\\\/\\\/g-block.be\\\/infos\\\/#primaryimage\",\"url\":\"https:\\\/\\\/g-block.be\\\/wp-content\\\/uploads\\\/2024\\\/08\\\/logo-GBLOCK-Retina.webp\",\"contentUrl\":\"https:\\\/\\\/g-block.be\\\/wp-content\\\/uploads\\\/2024\\\/08\\\/logo-GBLOCK-Retina.webp\",\"width\":491,\"height\":121},{\"@type\":\"BreadcrumbList\",\"@id\":\"https:\\\/\\\/g-block.be\\\/infos\\\/#breadcrumb\",\"itemListElement\":[{\"@type\":\"ListItem\",\"position\":1,\"name\":\"Accueil\",\"item\":\"https:\\\/\\\/g-block.be\\\/\"},{\"@type\":\"ListItem\",\"position\":2,\"name\":\"Infos\"}]},{\"@type\":\"WebSite\",\"@id\":\"https:\\\/\\\/g-block.be\\\/#website\",\"url\":\"https:\\\/\\\/g-block.be\\\/\",\"name\":\"G-Block\",\"description\":\"\",\"potentialAction\":[{\"@type\":\"SearchAction\",\"target\":{\"@type\":\"EntryPoint\",\"urlTemplate\":\"https:\\\/\\\/g-block.be\\\/?s={search_term_string}\"},\"query-input\":{\"@type\":\"PropertyValueSpecification\",\"valueRequired\":true,\"valueName\":\"search_term_string\"}}],\"inLanguage\":\"es\"}]}<\/script>\n<!-- \/ Yoast SEO plugin. -->","yoast_head_json":{"title":"Informaci\u00f3n sobre seguridad | Consejos y noticias | G-Block","description":"Mant\u00e9ngase al d\u00eda de las \u00faltimas noticias y consejos sobre puertas acorazadas, cajas fuertes y soluciones de seguridad.","robots":{"index":"index","follow":"follow","max-snippet":"max-snippet:-1","max-image-preview":"max-image-preview:large","max-video-preview":"max-video-preview:-1"},"canonical":"https:\/\/g-block.be\/es\/noticias\/","og_locale":"es_ES","og_type":"article","og_title":"Informations S\u00e9curitaires | Conseils et Actualit\u00e9s | G-Block","og_description":"Restez inform\u00e9 avec les derni\u00e8res actualit\u00e9s et conseils sur les portes blind\u00e9es, coffres-forts et solutions de s\u00e9curit\u00e9.","og_url":"https:\/\/g-block.be\/es\/noticias\/","og_site_name":"G-Block","article_modified_time":"2025-02-27T09:52:48+00:00","og_image":[{"width":491,"height":121,"url":"https:\/\/g-block.be\/wp-content\/uploads\/2024\/08\/logo-GBLOCK-Retina.webp","type":"image\/webp"}],"twitter_card":"summary_large_image","twitter_title":"Informations S\u00e9curitaires | Conseils et Actualit\u00e9s | G-Block","twitter_description":"Restez inform\u00e9 avec les derni\u00e8res actualit\u00e9s et conseils sur les portes blind\u00e9es, coffres-forts et solutions de s\u00e9curit\u00e9.","twitter_image":"https:\/\/g-block.be\/wp-content\/uploads\/2024\/08\/logo-GBLOCK-Retina.webp","twitter_misc":{"Tiempo de lectura":"1 minuto"},"schema":{"@context":"https:\/\/schema.org","@graph":[{"@type":"WebPage","@id":"https:\/\/g-block.be\/infos\/","url":"https:\/\/g-block.be\/infos\/","name":"Informaci\u00f3n sobre seguridad | Consejos y noticias | G-Block","isPartOf":{"@id":"https:\/\/g-block.be\/#website"},"primaryImageOfPage":{"@id":"https:\/\/g-block.be\/infos\/#primaryimage"},"image":{"@id":"https:\/\/g-block.be\/infos\/#primaryimage"},"thumbnailUrl":"https:\/\/g-block.be\/wp-content\/uploads\/2024\/08\/logo-GBLOCK-Retina.webp","datePublished":"2024-08-28T19:46:25+00:00","dateModified":"2025-02-27T09:52:48+00:00","description":"Mant\u00e9ngase al d\u00eda de las \u00faltimas noticias y consejos sobre puertas acorazadas, cajas fuertes y soluciones de seguridad.","breadcrumb":{"@id":"https:\/\/g-block.be\/infos\/#breadcrumb"},"inLanguage":"es","potentialAction":[{"@type":"ReadAction","target":["https:\/\/g-block.be\/infos\/"]}]},{"@type":"ImageObject","inLanguage":"es","@id":"https:\/\/g-block.be\/infos\/#primaryimage","url":"https:\/\/g-block.be\/wp-content\/uploads\/2024\/08\/logo-GBLOCK-Retina.webp","contentUrl":"https:\/\/g-block.be\/wp-content\/uploads\/2024\/08\/logo-GBLOCK-Retina.webp","width":491,"height":121},{"@type":"BreadcrumbList","@id":"https:\/\/g-block.be\/infos\/#breadcrumb","itemListElement":[{"@type":"ListItem","position":1,"name":"Accueil","item":"https:\/\/g-block.be\/"},{"@type":"ListItem","position":2,"name":"Infos"}]},{"@type":"WebSite","@id":"https:\/\/g-block.be\/#website","url":"https:\/\/g-block.be\/","name":"Bloque G","description":"","potentialAction":[{"@type":"SearchAction","target":{"@type":"EntryPoint","urlTemplate":"https:\/\/g-block.be\/?s={search_term_string}"},"query-input":{"@type":"PropertyValueSpecification","valueRequired":true,"valueName":"search_term_string"}}],"inLanguage":"es"}]}},"_links":{"self":[{"href":"https:\/\/g-block.be\/es\/wp-json\/wp\/v2\/pages\/24","targetHints":{"allow":["GET"]}}],"collection":[{"href":"https:\/\/g-block.be\/es\/wp-json\/wp\/v2\/pages"}],"about":[{"href":"https:\/\/g-block.be\/es\/wp-json\/wp\/v2\/types\/page"}],"author":[{"embeddable":true,"href":"https:\/\/g-block.be\/es\/wp-json\/wp\/v2\/users\/1"}],"replies":[{"embeddable":true,"href":"https:\/\/g-block.be\/es\/wp-json\/wp\/v2\/comments?post=24"}],"version-history":[{"count":1,"href":"https:\/\/g-block.be\/es\/wp-json\/wp\/v2\/pages\/24\/revisions"}],"predecessor-version":[{"id":25,"href":"https:\/\/g-block.be\/es\/wp-json\/wp\/v2\/pages\/24\/revisions\/25"}],"wp:featuredmedia":[{"embeddable":true,"href":"https:\/\/g-block.be\/es\/wp-json\/wp\/v2\/media\/17"}],"wp:attachment":[{"href":"https:\/\/g-block.be\/es\/wp-json\/wp\/v2\/media?parent=24"}],"curies":[{"name":"wp","href":"https:\/\/api.w.org\/{rel}","templated":true}]}}