{"id":2990,"date":"2025-02-27T12:35:36","date_gmt":"2025-02-27T11:35:36","guid":{"rendered":"https:\/\/g-block.be\/?page_id=2990"},"modified":"2025-02-28T12:21:06","modified_gmt":"2025-02-28T11:21:06","slug":"hoja-2","status":"publish","type":"page","link":"https:\/\/g-block.be\/es\/hoja-2\/","title":{"rendered":"Hoja-2"},"content":{"rendered":"<div class=\"wpb-content-wrapper\"><div class=\"vc_row wpb_row vc_row-fluid dt-default\" style=\"margin-top: 0px;margin-bottom: 0px\"><div class=\"wpb_column vc_column_container vc_col-sm-12\"><div class=\"vc_column-inner\"><div class=\"wpb_wrapper\">\n\t<div class=\"wpb_text_column wpb_content_element\" >\n\t\t<div class=\"wpb_wrapper\">\n\t\t\t<p><a href=\"https:\/\/g-block.be\/es\/puertas-de-seguridad\/portes-blindees\/grille-serie-jupiter\/\">Puertas<\/a><\/p>\n<p>Las hojas de puerta son una parte esencial de sus puertas, ya que proporcionan seguridad y aislamiento. En G-Block, ofrecemos hojas met\u00e1licas de alta calidad, dise\u00f1adas para satisfacer sus requisitos m\u00e1s exigentes.<\/p>\n\n\t\t<\/div>\n\t<\/div>\n<\/div><\/div><\/div><\/div>\n<\/div>","protected":false},"excerpt":{"rendered":"<p>Vantails Les vantaux sont des \u00e9l\u00e9ments essentiels de vos portes, assurant \u00e0 la fois s\u00e9curit\u00e9 et isolation. Chez G-Block, nous proposons des vantaux m\u00e9talliques de haute qualit\u00e9, con\u00e7us pour r\u00e9pondre \u00e0 vos exigences les plus strictes.<\/p>","protected":false},"author":2,"featured_media":0,"parent":0,"menu_order":0,"comment_status":"closed","ping_status":"closed","template":"","meta":{"footnotes":""},"class_list":["post-2990","page","type-page","status-publish","hentry","description-off"],"yoast_head":"<!-- This site is optimized with the Yoast SEO plugin v27.5 - https:\/\/yoast.com\/product\/yoast-seo-wordpress\/ -->\n<title>Vantaux pour portes<\/title>\n<meta name=\"description\" content=\"D\u00e9couvrez nos vantaux con\u00e7us pour renforcer la s\u00e9curit\u00e9 et la robustesse de vos portes. Adapt\u00e9s \u00e0 diverses applications, ils garantissent fiabilit\u00e9 et durabilit\u00e9.\" \/>\n<meta name=\"robots\" content=\"index, follow, max-snippet:-1, max-image-preview:large, max-video-preview:-1\" \/>\n<link rel=\"canonical\" href=\"https:\/\/g-block.be\/es\/hoja-2\/\" \/>\n<meta property=\"og:locale\" content=\"es_ES\" \/>\n<meta property=\"og:type\" content=\"article\" \/>\n<meta property=\"og:title\" content=\"Vantaux pour portes\" \/>\n<meta property=\"og:description\" content=\"Des vantaux robustes pour une s\u00e9curit\u00e9 renforc\u00e9e ! Optez pour la qualit\u00e9 et la durabilit\u00e9 avec nos solutions adapt\u00e9es \u00e0 tous types de portes.\" \/>\n<meta property=\"og:url\" content=\"https:\/\/g-block.be\/es\/hoja-2\/\" \/>\n<meta property=\"og:site_name\" content=\"G-Block\" \/>\n<meta property=\"article:modified_time\" content=\"2025-02-28T11:21:06+00:00\" \/>\n<meta name=\"twitter:card\" content=\"summary_large_image\" \/>\n<meta name=\"twitter:title\" content=\"Vantaux pour portes\" \/>\n<meta name=\"twitter:description\" content=\"Des vantaux robustes pour une s\u00e9curit\u00e9 renforc\u00e9e ! Optez pour la qualit\u00e9 et la durabilit\u00e9 avec nos solutions adapt\u00e9es \u00e0 tous types de portes.\" \/>\n<meta name=\"twitter:label1\" content=\"Tiempo de lectura\" \/>\n\t<meta name=\"twitter:data1\" content=\"1 minuto\" \/>\n<script type=\"application\/ld+json\" class=\"yoast-schema-graph\">{\"@context\":\"https:\\\/\\\/schema.org\",\"@graph\":[{\"@type\":\"WebPage\",\"@id\":\"https:\\\/\\\/g-block.be\\\/vantail-2\\\/\",\"url\":\"https:\\\/\\\/g-block.be\\\/vantail-2\\\/\",\"name\":\"Vantaux pour portes\",\"isPartOf\":{\"@id\":\"https:\\\/\\\/g-block.be\\\/#website\"},\"datePublished\":\"2025-02-27T11:35:36+00:00\",\"dateModified\":\"2025-02-28T11:21:06+00:00\",\"description\":\"D\u00e9couvrez nos vantaux con\u00e7us pour renforcer la s\u00e9curit\u00e9 et la robustesse de vos portes. Adapt\u00e9s \u00e0 diverses applications, ils garantissent fiabilit\u00e9 et durabilit\u00e9.\",\"breadcrumb\":{\"@id\":\"https:\\\/\\\/g-block.be\\\/vantail-2\\\/#breadcrumb\"},\"inLanguage\":\"es\",\"potentialAction\":[{\"@type\":\"ReadAction\",\"target\":[\"https:\\\/\\\/g-block.be\\\/vantail-2\\\/\"]}]},{\"@type\":\"BreadcrumbList\",\"@id\":\"https:\\\/\\\/g-block.be\\\/vantail-2\\\/#breadcrumb\",\"itemListElement\":[{\"@type\":\"ListItem\",\"position\":1,\"name\":\"Accueil\",\"item\":\"https:\\\/\\\/g-block.be\\\/\"},{\"@type\":\"ListItem\",\"position\":2,\"name\":\"Vantail-2\"}]},{\"@type\":\"WebSite\",\"@id\":\"https:\\\/\\\/g-block.be\\\/#website\",\"url\":\"https:\\\/\\\/g-block.be\\\/\",\"name\":\"G-Block\",\"description\":\"\",\"potentialAction\":[{\"@type\":\"SearchAction\",\"target\":{\"@type\":\"EntryPoint\",\"urlTemplate\":\"https:\\\/\\\/g-block.be\\\/?s={search_term_string}\"},\"query-input\":{\"@type\":\"PropertyValueSpecification\",\"valueRequired\":true,\"valueName\":\"search_term_string\"}}],\"inLanguage\":\"es\"}]}<\/script>\n<!-- \/ Yoast SEO plugin. -->","yoast_head_json":{"title":"Hojas de puerta","description":"Descubra nuestras hojas de puerta dise\u00f1adas para mejorar la seguridad y robustez de sus puertas. Adecuadas para una gran variedad de aplicaciones, garantizan fiabilidad y durabilidad.","robots":{"index":"index","follow":"follow","max-snippet":"max-snippet:-1","max-image-preview":"max-image-preview:large","max-video-preview":"max-video-preview:-1"},"canonical":"https:\/\/g-block.be\/es\/hoja-2\/","og_locale":"es_ES","og_type":"article","og_title":"Vantaux pour portes","og_description":"Des vantaux robustes pour une s\u00e9curit\u00e9 renforc\u00e9e ! Optez pour la qualit\u00e9 et la durabilit\u00e9 avec nos solutions adapt\u00e9es \u00e0 tous types de portes.","og_url":"https:\/\/g-block.be\/es\/hoja-2\/","og_site_name":"G-Block","article_modified_time":"2025-02-28T11:21:06+00:00","twitter_card":"summary_large_image","twitter_title":"Vantaux pour portes","twitter_description":"Des vantaux robustes pour une s\u00e9curit\u00e9 renforc\u00e9e ! Optez pour la qualit\u00e9 et la durabilit\u00e9 avec nos solutions adapt\u00e9es \u00e0 tous types de portes.","twitter_misc":{"Tiempo de lectura":"1 minuto"},"schema":{"@context":"https:\/\/schema.org","@graph":[{"@type":"WebPage","@id":"https:\/\/g-block.be\/vantail-2\/","url":"https:\/\/g-block.be\/vantail-2\/","name":"Hojas de puerta","isPartOf":{"@id":"https:\/\/g-block.be\/#website"},"datePublished":"2025-02-27T11:35:36+00:00","dateModified":"2025-02-28T11:21:06+00:00","description":"Descubra nuestras hojas de puerta dise\u00f1adas para mejorar la seguridad y robustez de sus puertas. Adecuadas para una gran variedad de aplicaciones, garantizan fiabilidad y durabilidad.","breadcrumb":{"@id":"https:\/\/g-block.be\/vantail-2\/#breadcrumb"},"inLanguage":"es","potentialAction":[{"@type":"ReadAction","target":["https:\/\/g-block.be\/vantail-2\/"]}]},{"@type":"BreadcrumbList","@id":"https:\/\/g-block.be\/vantail-2\/#breadcrumb","itemListElement":[{"@type":"ListItem","position":1,"name":"Accueil","item":"https:\/\/g-block.be\/"},{"@type":"ListItem","position":2,"name":"Vantail-2"}]},{"@type":"WebSite","@id":"https:\/\/g-block.be\/#website","url":"https:\/\/g-block.be\/","name":"Bloque G","description":"","potentialAction":[{"@type":"SearchAction","target":{"@type":"EntryPoint","urlTemplate":"https:\/\/g-block.be\/?s={search_term_string}"},"query-input":{"@type":"PropertyValueSpecification","valueRequired":true,"valueName":"search_term_string"}}],"inLanguage":"es"}]}},"_links":{"self":[{"href":"https:\/\/g-block.be\/es\/wp-json\/wp\/v2\/pages\/2990","targetHints":{"allow":["GET"]}}],"collection":[{"href":"https:\/\/g-block.be\/es\/wp-json\/wp\/v2\/pages"}],"about":[{"href":"https:\/\/g-block.be\/es\/wp-json\/wp\/v2\/types\/page"}],"author":[{"embeddable":true,"href":"https:\/\/g-block.be\/es\/wp-json\/wp\/v2\/users\/2"}],"replies":[{"embeddable":true,"href":"https:\/\/g-block.be\/es\/wp-json\/wp\/v2\/comments?post=2990"}],"version-history":[{"count":6,"href":"https:\/\/g-block.be\/es\/wp-json\/wp\/v2\/pages\/2990\/revisions"}],"predecessor-version":[{"id":3002,"href":"https:\/\/g-block.be\/es\/wp-json\/wp\/v2\/pages\/2990\/revisions\/3002"}],"wp:attachment":[{"href":"https:\/\/g-block.be\/es\/wp-json\/wp\/v2\/media?parent=2990"}],"curies":[{"name":"wp","href":"https:\/\/api.w.org\/{rel}","templated":true}]}}