{"id":121,"date":"2024-08-29T07:59:45","date_gmt":"2024-08-29T05:59:45","guid":{"rendered":"https:\/\/g-block.be\/?page_id=121"},"modified":"2025-11-04T17:00:28","modified_gmt":"2025-11-04T16:00:28","slug":"vertrouwelijkheidsbeleid-en-respect-voor-r-g-p-d","status":"publish","type":"page","link":"https:\/\/g-block.be\/nl\/vertrouwelijkheidsbeleid-en-respect-voor-r-g-p-d\/","title":{"rendered":"Vertrouwelijkheidsbeleid en naleving van de R.G.P.D."},"content":{"rendered":"<div class=\"wpb-content-wrapper\"><div class=\"stripe stripe-style-1\" style=\"background-position: top;background-repeat: no-repeat;background-attachment: scroll;background-size: auto;padding-top: 0px;padding-bottom: 0px;margin-top: 0px;margin-bottom: 0px\"><div class=\"vc_row wpb_row vc_row-fluid\" style=\"\"><div class=\"wpb_column vc_column_container vc_col-sm-12\"><div class=\"vc_column-inner vc_custom_1757358176932\"><div class=\"wpb_wrapper\">\n\t<div class=\"wpb_text_column wpb_content_element\" >\n\t\t<div class=\"wpb_wrapper\">\n\t\t\t<p>Bij G-Block S.A. hechten we veel belang aan de vertrouwelijkheid van uw persoonlijke gegevens. Het doel van deze pagina is om u transparante informatie te geven over hoe wij uw gegevens verzamelen, gebruiken, opslaan en beschermen, in overeenstemming met de General Data Protection Regulation (GDPR - EU-verordening 2016\/679).<\/p>\n\n\t\t<\/div>\n\t<\/div>\n<div class=\"vc_row wpb_row vc_inner vc_row-fluid vc_column-gap-30\"><div class=\"wpb_column vc_column_container vc_col-sm-6\"><div class=\"vc_column-inner\"><div class=\"wpb_wrapper\">\n\t<div class=\"wpb_text_column wpb_content_element\" >\n\t\t<div class=\"wpb_wrapper\">\n\t\t\t<h4>Wie is verantwoordelijk voor de verwerking van uw gegevens?<\/h4>\n<h5>De partij die verantwoordelijk is voor de verwerking van uw gegevens is :<\/h5>\n<p><strong>G-Block S.A.<\/strong><br \/>\nIndustrieterrein Ghislenghien<br \/>\nChemin de Preuscamps 16, 7822 Ghislenghien - Belgi\u00eb<br \/>\n<strong>ECB NO.<\/strong> BE0448569867<br \/>\n<strong>Tel.<\/strong> : +32 (0)68 26 66 10<br \/>\n<strong>E-mail<\/strong> :<a href=\"mailto:info@g-block.be\"> info@g-block.be<\/a><\/p>\n<p>Contactpersoon voor vragen over gegevensverwerking:<br \/>\nDe heer Santiago Gonzalez Navarro. E-mail: info@g-block.be<\/p>\n<h4>Welke gegevens verzamelen we?<\/h4>\n<p>Als onderdeel van onze commerci\u00eble activiteiten kunnen we de volgende gegevens verzamelen:<\/p>\n<ul>\n<li>Volledige naam<\/li>\n<li>Bedrijfsnaam<\/li>\n<li>Postadres<\/li>\n<li>E-mailadres<\/li>\n<li>Telefoonnummer (vast en\/of mobiel)<\/li>\n<li>Informatie met betrekking tot bestellingen, leveringen of technische verzoeken<\/li>\n<\/ul>\n<p>Deze gegevens worden alleen verzameld wanneer u ze vrijwillig aan ons verstrekt, via een formulier, een contact, een bestelling of een commerci\u00eble uitwisseling.<\/p>\n<h4>Waarom verwerken we uw gegevens?<\/h4>\n<p>Uw persoonlijke gegevens worden alleen gebruikt voor :<\/p>\n<ul>\n<li>Het beheren van uw verzoeken om informatie, offertes of orders<\/li>\n<li>Communiceren van technische of commerci\u00eble informatie<\/li>\n<li>Versturen van administratieve documenten (facturen, bevestigingen, offertes, enz.)<\/li>\n<li>Klantenzorg en beheer van onze commerci\u00eble relatie<\/li>\n<li>Onze diensten verbeteren<\/li>\n<li>Het af en toe versturen van informatieve e-mails of nieuwsbrieven (als u hiervoor toestemming hebt gegeven)<\/li>\n<\/ul>\n\n\t\t<\/div>\n\t<\/div>\n<\/div><\/div><\/div><div class=\"wpb_column vc_column_container vc_col-sm-6\"><div class=\"vc_column-inner\"><div class=\"wpb_wrapper\">\n\t<div class=\"wpb_text_column wpb_content_element\" >\n\t\t<div class=\"wpb_wrapper\">\n\t\t\t<h4>Hoe beschermen we uw gegevens?<\/h4>\n<p>Uw gegevens worden bewaard in een beveiligde omgeving en zijn alleen toegankelijk voor bevoegde personen. We implementeren passende technische en organisatorische maatregelen om verlies, misbruik of ongeautoriseerde toegang te voorkomen.<\/p>\n<h4>Hoe lang bewaren we je gegevens?<\/h4>\n<p>Gegevens worden bewaard zolang als nodig is om de doelen te bereiken waarvoor ze zijn verzameld, of in overeenstemming met wettelijke verplichtingen (bijvoorbeeld de bewaartermijn voor boekhoudkundige documenten). U kunt te allen tijde gebruik maken van uw recht om uw gegevens te laten verwijderen (zie hieronder).<\/p>\n<h4>Uw rechten met betrekking tot persoonlijke gegevens<\/h4>\n<h5>In overeenstemming met de RGPD heeft u de volgende rechten:<\/h5>\n<ul>\n<li>Recht op toegang tot uw gegevens<\/li>\n<li>Recht op correctie in geval van een fout<\/li>\n<li>Recht om uw gegevens te laten wissen (\"recht om vergeten te worden\")<\/li>\n<li>Recht op bezwaar tegen of beperking van de verwerking<\/li>\n<li>Recht op gegevensoverdraagbaarheid, op verzoek<\/li>\n<li>Recht om uw toestemming op elk moment in te trekken<\/li>\n<\/ul>\n<p>U kunt een van deze rechten uitoefenen door een e-mail te sturen naar het volgende adres:<br \/>\n<a href=\"mailto:info@g-block.be\">info@g-block.be<\/a><\/p>\n<p>We beloven je zo snel mogelijk, uiterlijk binnen 30 dagen, contact met je op te nemen.<\/p>\n<h4>Gegevens delen met derden<\/h4>\n<p>Je gegevens worden nooit verkocht of verhuurd aan derden.<br \/>\nHet wordt alleen gedeeld met technische partners of onderaannemers wanneer dit noodzakelijk is voor de uitvoering van een contract of dienst, en altijd in overeenstemming met de RGPD.<\/p>\n<h4>Dit beleid bijwerken<\/h4>\n<p>Dit privacybeleid kan te allen tijde worden bijgewerkt, met name om rekening te houden met wijzigingen in de wetgeving of in ons bedrijf. Het is voor het laatst bijgewerkt op: 04\/11\/2025<\/p>\n\n\t\t<\/div>\n\t<\/div>\n<\/div><\/div><\/div><\/div><\/div><\/div><\/div><\/div><\/div>\n<\/div>","protected":false},"excerpt":{"rendered":"<p>Chez G-Block S.A., nous accordons une grande importance \u00e0 la confidentialit\u00e9 de vos donn\u00e9es personnelles. Cette page a pour but de vous informer en toute transparence sur la mani\u00e8re dont nous collectons, utilisons, conservons et prot\u00e9geons vos donn\u00e9es, conform\u00e9ment au R\u00e8glement G\u00e9n\u00e9ral sur la Protection des Donn\u00e9es (RGPD \u2013 R\u00e8glement UE 2016\/679). Qui est responsable&hellip;<\/p>","protected":false},"author":1,"featured_media":1647,"parent":0,"menu_order":0,"comment_status":"closed","ping_status":"closed","template":"","meta":{"footnotes":""},"class_list":["post-121","page","type-page","status-publish","has-post-thumbnail","hentry","description-off"],"yoast_head":"<!-- This site is optimized with the Yoast SEO plugin v27.3 - https:\/\/yoast.com\/product\/yoast-seo-wordpress\/ -->\n<title>Mentions L\u00e9gales et RGPD | Informations L\u00e9gales | G-Block<\/title>\n<meta name=\"description\" content=\"Consultez les mentions l\u00e9gales et les d\u00e9tails sur la protection des donn\u00e9es personnelles (RGPD) de G-Block. Respect de la confidentialit\u00e9 et transparence garanties.\" \/>\n<meta name=\"robots\" content=\"index, follow, max-snippet:-1, max-image-preview:large, max-video-preview:-1\" \/>\n<link rel=\"canonical\" href=\"https:\/\/g-block.be\/nl\/vertrouwelijkheidsbeleid-en-respect-voor-r-g-p-d\/\" \/>\n<meta property=\"og:locale\" content=\"nl_NL\" \/>\n<meta property=\"og:type\" content=\"article\" \/>\n<meta property=\"og:title\" content=\"Mentions L\u00e9gales et RGPD | Informations L\u00e9gales | G-Block\" \/>\n<meta property=\"og:description\" content=\"Consultez les mentions l\u00e9gales et les d\u00e9tails sur la protection des donn\u00e9es personnelles (RGPD) de G-Block. Respect de la confidentialit\u00e9 et transparence garanties.\" \/>\n<meta property=\"og:url\" content=\"https:\/\/g-block.be\/nl\/vertrouwelijkheidsbeleid-en-respect-voor-r-g-p-d\/\" \/>\n<meta property=\"og:site_name\" content=\"G-Block\" \/>\n<meta property=\"article:modified_time\" content=\"2025-11-04T16:00:28+00:00\" \/>\n<meta property=\"og:image\" content=\"https:\/\/g-block.be\/wp-content\/uploads\/2025\/02\/telechargement-2.jpg\" \/>\n\t<meta property=\"og:image:width\" content=\"219\" \/>\n\t<meta property=\"og:image:height\" content=\"230\" \/>\n\t<meta property=\"og:image:type\" content=\"image\/jpeg\" \/>\n<meta name=\"twitter:card\" content=\"summary_large_image\" \/>\n<meta name=\"twitter:title\" content=\"Mentions L\u00e9gales et RGPD | Informations L\u00e9gales | G-Block\" \/>\n<meta name=\"twitter:description\" content=\"Consultez les mentions l\u00e9gales et les d\u00e9tails sur la protection des donn\u00e9es personnelles (RGPD) de G-Block. Respect de la confidentialit\u00e9 et transparence garanties.\" \/>\n<meta name=\"twitter:image\" content=\"https:\/\/g-block.be\/wp-content\/uploads\/2025\/02\/telechargement-2.jpg\" \/>\n<meta name=\"twitter:label1\" content=\"Geschatte leestijd\" \/>\n\t<meta name=\"twitter:data1\" content=\"3 minuten\" \/>\n<script type=\"application\/ld+json\" class=\"yoast-schema-graph\">{\"@context\":\"https:\\\/\\\/schema.org\",\"@graph\":[{\"@type\":\"WebPage\",\"@id\":\"https:\\\/\\\/g-block.be\\\/politique-de-confidentialite-et-respect-du-r-g-p-d\\\/\",\"url\":\"https:\\\/\\\/g-block.be\\\/politique-de-confidentialite-et-respect-du-r-g-p-d\\\/\",\"name\":\"Mentions L\u00e9gales et RGPD | Informations L\u00e9gales | G-Block\",\"isPartOf\":{\"@id\":\"https:\\\/\\\/g-block.be\\\/#website\"},\"primaryImageOfPage\":{\"@id\":\"https:\\\/\\\/g-block.be\\\/politique-de-confidentialite-et-respect-du-r-g-p-d\\\/#primaryimage\"},\"image\":{\"@id\":\"https:\\\/\\\/g-block.be\\\/politique-de-confidentialite-et-respect-du-r-g-p-d\\\/#primaryimage\"},\"thumbnailUrl\":\"https:\\\/\\\/g-block.be\\\/wp-content\\\/uploads\\\/2025\\\/02\\\/telechargement-2.jpg\",\"datePublished\":\"2024-08-29T05:59:45+00:00\",\"dateModified\":\"2025-11-04T16:00:28+00:00\",\"description\":\"Consultez les mentions l\u00e9gales et les d\u00e9tails sur la protection des donn\u00e9es personnelles (RGPD) de G-Block. Respect de la confidentialit\u00e9 et transparence garanties.\",\"breadcrumb\":{\"@id\":\"https:\\\/\\\/g-block.be\\\/politique-de-confidentialite-et-respect-du-r-g-p-d\\\/#breadcrumb\"},\"inLanguage\":\"nl-NL\",\"potentialAction\":[{\"@type\":\"ReadAction\",\"target\":[\"https:\\\/\\\/g-block.be\\\/politique-de-confidentialite-et-respect-du-r-g-p-d\\\/\"]}]},{\"@type\":\"ImageObject\",\"inLanguage\":\"nl-NL\",\"@id\":\"https:\\\/\\\/g-block.be\\\/politique-de-confidentialite-et-respect-du-r-g-p-d\\\/#primaryimage\",\"url\":\"https:\\\/\\\/g-block.be\\\/wp-content\\\/uploads\\\/2025\\\/02\\\/telechargement-2.jpg\",\"contentUrl\":\"https:\\\/\\\/g-block.be\\\/wp-content\\\/uploads\\\/2025\\\/02\\\/telechargement-2.jpg\",\"width\":219,\"height\":230},{\"@type\":\"BreadcrumbList\",\"@id\":\"https:\\\/\\\/g-block.be\\\/politique-de-confidentialite-et-respect-du-r-g-p-d\\\/#breadcrumb\",\"itemListElement\":[{\"@type\":\"ListItem\",\"position\":1,\"name\":\"Accueil\",\"item\":\"https:\\\/\\\/g-block.be\\\/\"},{\"@type\":\"ListItem\",\"position\":2,\"name\":\"Politique de confidentialit\u00e9 et respect du R.G.P.D.\"}]},{\"@type\":\"WebSite\",\"@id\":\"https:\\\/\\\/g-block.be\\\/#website\",\"url\":\"https:\\\/\\\/g-block.be\\\/\",\"name\":\"G-Block\",\"description\":\"\",\"potentialAction\":[{\"@type\":\"SearchAction\",\"target\":{\"@type\":\"EntryPoint\",\"urlTemplate\":\"https:\\\/\\\/g-block.be\\\/?s={search_term_string}\"},\"query-input\":{\"@type\":\"PropertyValueSpecification\",\"valueRequired\":true,\"valueName\":\"search_term_string\"}}],\"inLanguage\":\"nl-NL\"}]}<\/script>\n<!-- \/ Yoast SEO plugin. -->","yoast_head_json":{"title":"Wettelijke kennisgeving en RGPD | Wettelijke informatie | G-Block","description":"Raadpleeg G-Block's wettelijke kennisgeving en details over de bescherming van persoonsgegevens (RGPD). Vertrouwelijkheid en transparantie gegarandeerd.","robots":{"index":"index","follow":"follow","max-snippet":"max-snippet:-1","max-image-preview":"max-image-preview:large","max-video-preview":"max-video-preview:-1"},"canonical":"https:\/\/g-block.be\/nl\/vertrouwelijkheidsbeleid-en-respect-voor-r-g-p-d\/","og_locale":"nl_NL","og_type":"article","og_title":"Mentions L\u00e9gales et RGPD | Informations L\u00e9gales | G-Block","og_description":"Consultez les mentions l\u00e9gales et les d\u00e9tails sur la protection des donn\u00e9es personnelles (RGPD) de G-Block. Respect de la confidentialit\u00e9 et transparence garanties.","og_url":"https:\/\/g-block.be\/nl\/vertrouwelijkheidsbeleid-en-respect-voor-r-g-p-d\/","og_site_name":"G-Block","article_modified_time":"2025-11-04T16:00:28+00:00","og_image":[{"width":219,"height":230,"url":"https:\/\/g-block.be\/wp-content\/uploads\/2025\/02\/telechargement-2.jpg","type":"image\/jpeg"}],"twitter_card":"summary_large_image","twitter_title":"Mentions L\u00e9gales et RGPD | Informations L\u00e9gales | G-Block","twitter_description":"Consultez les mentions l\u00e9gales et les d\u00e9tails sur la protection des donn\u00e9es personnelles (RGPD) de G-Block. Respect de la confidentialit\u00e9 et transparence garanties.","twitter_image":"https:\/\/g-block.be\/wp-content\/uploads\/2025\/02\/telechargement-2.jpg","twitter_misc":{"Geschatte leestijd":"3 minuten"},"schema":{"@context":"https:\/\/schema.org","@graph":[{"@type":"WebPage","@id":"https:\/\/g-block.be\/politique-de-confidentialite-et-respect-du-r-g-p-d\/","url":"https:\/\/g-block.be\/politique-de-confidentialite-et-respect-du-r-g-p-d\/","name":"Wettelijke kennisgeving en RGPD | Wettelijke informatie | G-Block","isPartOf":{"@id":"https:\/\/g-block.be\/#website"},"primaryImageOfPage":{"@id":"https:\/\/g-block.be\/politique-de-confidentialite-et-respect-du-r-g-p-d\/#primaryimage"},"image":{"@id":"https:\/\/g-block.be\/politique-de-confidentialite-et-respect-du-r-g-p-d\/#primaryimage"},"thumbnailUrl":"https:\/\/g-block.be\/wp-content\/uploads\/2025\/02\/telechargement-2.jpg","datePublished":"2024-08-29T05:59:45+00:00","dateModified":"2025-11-04T16:00:28+00:00","description":"Raadpleeg G-Block's wettelijke kennisgeving en details over de bescherming van persoonsgegevens (RGPD). Vertrouwelijkheid en transparantie gegarandeerd.","breadcrumb":{"@id":"https:\/\/g-block.be\/politique-de-confidentialite-et-respect-du-r-g-p-d\/#breadcrumb"},"inLanguage":"nl-NL","potentialAction":[{"@type":"ReadAction","target":["https:\/\/g-block.be\/politique-de-confidentialite-et-respect-du-r-g-p-d\/"]}]},{"@type":"ImageObject","inLanguage":"nl-NL","@id":"https:\/\/g-block.be\/politique-de-confidentialite-et-respect-du-r-g-p-d\/#primaryimage","url":"https:\/\/g-block.be\/wp-content\/uploads\/2025\/02\/telechargement-2.jpg","contentUrl":"https:\/\/g-block.be\/wp-content\/uploads\/2025\/02\/telechargement-2.jpg","width":219,"height":230},{"@type":"BreadcrumbList","@id":"https:\/\/g-block.be\/politique-de-confidentialite-et-respect-du-r-g-p-d\/#breadcrumb","itemListElement":[{"@type":"ListItem","position":1,"name":"Accueil","item":"https:\/\/g-block.be\/"},{"@type":"ListItem","position":2,"name":"Politique de confidentialit\u00e9 et respect du R.G.P.D."}]},{"@type":"WebSite","@id":"https:\/\/g-block.be\/#website","url":"https:\/\/g-block.be\/","name":"G-blok","description":"","potentialAction":[{"@type":"SearchAction","target":{"@type":"EntryPoint","urlTemplate":"https:\/\/g-block.be\/?s={search_term_string}"},"query-input":{"@type":"PropertyValueSpecification","valueRequired":true,"valueName":"search_term_string"}}],"inLanguage":"nl-NL"}]}},"_links":{"self":[{"href":"https:\/\/g-block.be\/nl\/wp-json\/wp\/v2\/pages\/121","targetHints":{"allow":["GET"]}}],"collection":[{"href":"https:\/\/g-block.be\/nl\/wp-json\/wp\/v2\/pages"}],"about":[{"href":"https:\/\/g-block.be\/nl\/wp-json\/wp\/v2\/types\/page"}],"author":[{"embeddable":true,"href":"https:\/\/g-block.be\/nl\/wp-json\/wp\/v2\/users\/1"}],"replies":[{"embeddable":true,"href":"https:\/\/g-block.be\/nl\/wp-json\/wp\/v2\/comments?post=121"}],"version-history":[{"count":5,"href":"https:\/\/g-block.be\/nl\/wp-json\/wp\/v2\/pages\/121\/revisions"}],"predecessor-version":[{"id":4909,"href":"https:\/\/g-block.be\/nl\/wp-json\/wp\/v2\/pages\/121\/revisions\/4909"}],"wp:featuredmedia":[{"embeddable":true,"href":"https:\/\/g-block.be\/nl\/wp-json\/wp\/v2\/media\/1647"}],"wp:attachment":[{"href":"https:\/\/g-block.be\/nl\/wp-json\/wp\/v2\/media?parent=121"}],"curies":[{"name":"wp","href":"https:\/\/api.w.org\/{rel}","templated":true}]}}