{"id":1480,"date":"2025-01-23T00:06:55","date_gmt":"2025-01-22T23:06:55","guid":{"rendered":"https:\/\/g-block.be\/?page_id=1480"},"modified":"2025-04-28T10:01:15","modified_gmt":"2025-04-28T08:01:15","slug":"t-vormig-frame","status":"publish","type":"page","link":"https:\/\/g-block.be\/nl\/t-vormig-frame\/","title":{"rendered":"T-vormig frame"},"content":{"rendered":"<div class=\"wpb-content-wrapper\"><div class=\"vc_row wpb_row vc_row-fluid dt-default\" style=\"margin-top: 0px;margin-bottom: 0px\"><div class=\"wpb_column vc_column_container vc_col-sm-12\"><div class=\"vc_column-inner\"><div class=\"wpb_wrapper\"><div class=\"vc_tta-container\" data-vc-action=\"collapseAll\"><div class=\"vc_general vc_tta vc_tta-accordion vc_tta-color-grey vc_tta-style-classic vc_tta-shape-rounded vc_tta-o-shape-group vc_tta-controls-align-default vc_tta-o-all-clickable\"><div class=\"vc_tta-panels-container\"><div class=\"vc_tta-panels\"><div class=\"vc_tta-panel\" id=\"1737586146864-6206c0cb-e308\" data-vc-content=\".vc_tta-panel-body\"><div class=\"vc_tta-panel-heading\"><h4 class=\"vc_tta-panel-title vc_tta-controls-icon-position-left\"><a href=\"#1737586146864-6206c0cb-e308\" data-vc-accordion data-vc-container=\".vc_tta-container\"><span class=\"vc_tta-title-text\">T-vormig frame<\/span><i class=\"vc_tta-controls-icon vc_tta-controls-icon-plus\"><\/i><\/a><\/h4><\/div><div class=\"vc_tta-panel-body\"><div class=\"vc_row wpb_row vc_inner vc_row-fluid\"><div class=\"wpb_column vc_column_container vc_col-sm-4\"><div class=\"vc_column-inner\"><div class=\"wpb_wrapper\">\n\t<div  class=\"wpb_single_image wpb_content_element vc_align_left\">\n\t\t\n\t\t<figure class=\"wpb_wrapper vc_figure\">\n\t\t\t<div class=\"vc_single_image-wrapper   vc_box_border_grey\"><img loading=\"lazy\" decoding=\"async\" width=\"1058\" height=\"1497\" src=\"https:\/\/g-block.be\/wp-content\/uploads\/2025\/04\/Cadre-T-fixations-pdf.jpg\" class=\"vc_single_image-img attachment-full\" alt=\"\" title=\"T-frame bevestigingen\"  data-dt-location=\"https:\/\/g-block.be\/nl\/t-vormig-frame\/frame-t-bevestigingen\/\" \/><\/div>\n\t\t<\/figure>\n\t<\/div>\n<\/div><\/div><\/div><div class=\"wpb_column vc_column_container vc_col-sm-8\"><div class=\"vc_column-inner\"><div class=\"wpb_wrapper\">\n\t<div class=\"wpb_text_column wpb_content_element\" >\n\t\t<div class=\"wpb_wrapper\">\n\t\t\t<h4><span class=\"TextRun SCXW127330745 BCX2\" lang=\"FR-BE\" xml:lang=\"FR-BE\" data-contrast=\"none\"><span class=\"NormalTextRun SCXW127330745 BCX2\">T-frame <\/span><span class=\"NormalTextRun SpellingErrorV2Themed SCXW127330745 BCX2\">zelfdragend<\/span><span class=\"NormalTextRun SCXW127330745 BCX2\"> aan \u00e9\u00e9n stuk<\/span><\/span><\/h4>\n<p>Het zelfdragende T-frame is een ideale oplossing als de muur een lat heeft. Het is ontworpen voor een solide, duurzame installatie en past perfect in de binnenruimte van de erker.<\/p>\n<h5>Kenmerken<\/h5>\n<p><strong>Robuust ontwerp :<\/strong> Het T-profiel is gemaakt van buizen met een minimale doorsnede van 60x60x3 mm, wat zorgt voor een stevige structuur. Het wordt aan de opening vastgeschroefd met ten minste twee schroeven per stijl, waarbij het aantal, de positie en het type bevestiging door de installateur worden bepaald op basis van het metselwerk.<\/p>\n<p>De lijst, gemaakt van koudgevormd 20\/10 elektrolytisch verzinkt plaatstaal, verbergt de opening tussen de vleugel en het kozijn aan de niet-gehangen kant en garandeert een aantrekkelijke, nette afwerking.<\/p>\n\n\t\t<\/div>\n\t<\/div>\n<\/div><\/div><\/div><\/div><\/div><\/div><\/div><\/div><\/div><\/div><\/div><\/div><\/div><\/div>\n<\/div>","protected":false},"excerpt":{"rendered":"<p>Huisserie en forme de T Cadre en T auto-portant en une pi\u00e8ce Le cadre en T auto-portant est une solution id\u00e9ale lorsque le mur pr\u00e9sente une bat\u00e9e. Il est con\u00e7u pour offrir une installation solide et durable, tout en s&rsquo;int\u00e9grant parfaitement dans l&rsquo;espace int\u00e9rieur de la baie. Caract\u00e9ristiques Conception robuste : Le cadre en T&hellip;<\/p>","protected":false},"author":1,"featured_media":750,"parent":0,"menu_order":0,"comment_status":"closed","ping_status":"closed","template":"","meta":{"footnotes":""},"class_list":["post-1480","page","type-page","status-publish","has-post-thumbnail","hentry","description-off"],"yoast_head":"<!-- This site is optimized with the Yoast SEO plugin v27.4 - https:\/\/yoast.com\/product\/yoast-seo-wordpress\/ -->\n<title>Huisserie en Forme de T | S\u00e9curit\u00e9 et Robustesse | G-Block<\/title>\n<meta name=\"description\" content=\"D\u00e9couvrez l\u2019huisserie en forme de T, une solution robuste et fiable pour renforcer la s\u00e9curit\u00e9 de vos portes. Fabrication de qualit\u00e9 pour une protection optimale.\" \/>\n<meta name=\"robots\" content=\"index, follow, max-snippet:-1, max-image-preview:large, max-video-preview:-1\" \/>\n<link rel=\"canonical\" href=\"https:\/\/g-block.be\/nl\/t-vormig-frame\/\" \/>\n<meta property=\"og:locale\" content=\"nl_NL\" \/>\n<meta property=\"og:type\" content=\"article\" \/>\n<meta property=\"og:title\" content=\"Huisserie en Forme de T | S\u00e9curit\u00e9 et Robustesse | G-Block\" \/>\n<meta property=\"og:description\" content=\"D\u00e9couvrez l\u2019huisserie en forme de T, une solution robuste et fiable pour renforcer la s\u00e9curit\u00e9 de vos portes. Fabrication de qualit\u00e9 pour une protection optimale\" \/>\n<meta property=\"og:url\" content=\"https:\/\/g-block.be\/nl\/t-vormig-frame\/\" \/>\n<meta property=\"og:site_name\" content=\"G-Block\" \/>\n<meta property=\"article:modified_time\" content=\"2025-04-28T08:01:15+00:00\" \/>\n<meta property=\"og:image\" content=\"https:\/\/g-block.be\/wp-content\/uploads\/2025\/01\/img-02.webp\" \/>\n\t<meta property=\"og:image:width\" content=\"251\" \/>\n\t<meta property=\"og:image:height\" content=\"350\" \/>\n\t<meta property=\"og:image:type\" content=\"image\/webp\" \/>\n<meta name=\"twitter:card\" content=\"summary_large_image\" \/>\n<meta name=\"twitter:title\" content=\"Huisserie en Forme de T | S\u00e9curit\u00e9 et Robustesse | G-Block\" \/>\n<meta name=\"twitter:description\" content=\"D\u00e9couvrez l\u2019huisserie en forme de T, une solution robuste et fiable pour renforcer la s\u00e9curit\u00e9 de vos portes. Fabrication de qualit\u00e9 pour une protection optimale\" \/>\n<meta name=\"twitter:image\" content=\"https:\/\/g-block.be\/wp-content\/uploads\/2025\/01\/img-02.webp\" \/>\n<meta name=\"twitter:label1\" content=\"Geschatte leestijd\" \/>\n\t<meta name=\"twitter:data1\" content=\"2 minuten\" \/>\n<script type=\"application\/ld+json\" class=\"yoast-schema-graph\">{\"@context\":\"https:\\\/\\\/schema.org\",\"@graph\":[{\"@type\":\"WebPage\",\"@id\":\"https:\\\/\\\/g-block.be\\\/huisserie-en-forme-de-t\\\/\",\"url\":\"https:\\\/\\\/g-block.be\\\/huisserie-en-forme-de-t\\\/\",\"name\":\"Huisserie en Forme de T | S\u00e9curit\u00e9 et Robustesse | G-Block\",\"isPartOf\":{\"@id\":\"https:\\\/\\\/g-block.be\\\/#website\"},\"primaryImageOfPage\":{\"@id\":\"https:\\\/\\\/g-block.be\\\/huisserie-en-forme-de-t\\\/#primaryimage\"},\"image\":{\"@id\":\"https:\\\/\\\/g-block.be\\\/huisserie-en-forme-de-t\\\/#primaryimage\"},\"thumbnailUrl\":\"https:\\\/\\\/g-block.be\\\/wp-content\\\/uploads\\\/2025\\\/01\\\/img-02.webp\",\"datePublished\":\"2025-01-22T23:06:55+00:00\",\"dateModified\":\"2025-04-28T08:01:15+00:00\",\"description\":\"D\u00e9couvrez l\u2019huisserie en forme de T, une solution robuste et fiable pour renforcer la s\u00e9curit\u00e9 de vos portes. Fabrication de qualit\u00e9 pour une protection optimale.\",\"breadcrumb\":{\"@id\":\"https:\\\/\\\/g-block.be\\\/huisserie-en-forme-de-t\\\/#breadcrumb\"},\"inLanguage\":\"nl-NL\",\"potentialAction\":[{\"@type\":\"ReadAction\",\"target\":[\"https:\\\/\\\/g-block.be\\\/huisserie-en-forme-de-t\\\/\"]}]},{\"@type\":\"ImageObject\",\"inLanguage\":\"nl-NL\",\"@id\":\"https:\\\/\\\/g-block.be\\\/huisserie-en-forme-de-t\\\/#primaryimage\",\"url\":\"https:\\\/\\\/g-block.be\\\/wp-content\\\/uploads\\\/2025\\\/01\\\/img-02.webp\",\"contentUrl\":\"https:\\\/\\\/g-block.be\\\/wp-content\\\/uploads\\\/2025\\\/01\\\/img-02.webp\",\"width\":251,\"height\":350},{\"@type\":\"BreadcrumbList\",\"@id\":\"https:\\\/\\\/g-block.be\\\/huisserie-en-forme-de-t\\\/#breadcrumb\",\"itemListElement\":[{\"@type\":\"ListItem\",\"position\":1,\"name\":\"Accueil\",\"item\":\"https:\\\/\\\/g-block.be\\\/\"},{\"@type\":\"ListItem\",\"position\":2,\"name\":\"Huisserie en forme de T\"}]},{\"@type\":\"WebSite\",\"@id\":\"https:\\\/\\\/g-block.be\\\/#website\",\"url\":\"https:\\\/\\\/g-block.be\\\/\",\"name\":\"G-Block\",\"description\":\"\",\"potentialAction\":[{\"@type\":\"SearchAction\",\"target\":{\"@type\":\"EntryPoint\",\"urlTemplate\":\"https:\\\/\\\/g-block.be\\\/?s={search_term_string}\"},\"query-input\":{\"@type\":\"PropertyValueSpecification\",\"valueRequired\":true,\"valueName\":\"search_term_string\"}}],\"inLanguage\":\"nl-NL\"}]}<\/script>\n<!-- \/ Yoast SEO plugin. -->","yoast_head_json":{"title":"T-vormig frame | Veiligheid en robuustheid | G-blok","description":"Ontdek het T-vormige frame, een robuuste en betrouwbare oplossing om de beveiliging van je deuren te versterken. Kwaliteitsconstructie voor optimale bescherming.","robots":{"index":"index","follow":"follow","max-snippet":"max-snippet:-1","max-image-preview":"max-image-preview:large","max-video-preview":"max-video-preview:-1"},"canonical":"https:\/\/g-block.be\/nl\/t-vormig-frame\/","og_locale":"nl_NL","og_type":"article","og_title":"Huisserie en Forme de T | S\u00e9curit\u00e9 et Robustesse | G-Block","og_description":"D\u00e9couvrez l\u2019huisserie en forme de T, une solution robuste et fiable pour renforcer la s\u00e9curit\u00e9 de vos portes. Fabrication de qualit\u00e9 pour une protection optimale","og_url":"https:\/\/g-block.be\/nl\/t-vormig-frame\/","og_site_name":"G-Block","article_modified_time":"2025-04-28T08:01:15+00:00","og_image":[{"width":251,"height":350,"url":"https:\/\/g-block.be\/wp-content\/uploads\/2025\/01\/img-02.webp","type":"image\/webp"}],"twitter_card":"summary_large_image","twitter_title":"Huisserie en Forme de T | S\u00e9curit\u00e9 et Robustesse | G-Block","twitter_description":"D\u00e9couvrez l\u2019huisserie en forme de T, une solution robuste et fiable pour renforcer la s\u00e9curit\u00e9 de vos portes. Fabrication de qualit\u00e9 pour une protection optimale","twitter_image":"https:\/\/g-block.be\/wp-content\/uploads\/2025\/01\/img-02.webp","twitter_misc":{"Geschatte leestijd":"2 minuten"},"schema":{"@context":"https:\/\/schema.org","@graph":[{"@type":"WebPage","@id":"https:\/\/g-block.be\/huisserie-en-forme-de-t\/","url":"https:\/\/g-block.be\/huisserie-en-forme-de-t\/","name":"T-vormig frame | Veiligheid en robuustheid | G-blok","isPartOf":{"@id":"https:\/\/g-block.be\/#website"},"primaryImageOfPage":{"@id":"https:\/\/g-block.be\/huisserie-en-forme-de-t\/#primaryimage"},"image":{"@id":"https:\/\/g-block.be\/huisserie-en-forme-de-t\/#primaryimage"},"thumbnailUrl":"https:\/\/g-block.be\/wp-content\/uploads\/2025\/01\/img-02.webp","datePublished":"2025-01-22T23:06:55+00:00","dateModified":"2025-04-28T08:01:15+00:00","description":"Ontdek het T-vormige frame, een robuuste en betrouwbare oplossing om de beveiliging van je deuren te versterken. Kwaliteitsconstructie voor optimale bescherming.","breadcrumb":{"@id":"https:\/\/g-block.be\/huisserie-en-forme-de-t\/#breadcrumb"},"inLanguage":"nl-NL","potentialAction":[{"@type":"ReadAction","target":["https:\/\/g-block.be\/huisserie-en-forme-de-t\/"]}]},{"@type":"ImageObject","inLanguage":"nl-NL","@id":"https:\/\/g-block.be\/huisserie-en-forme-de-t\/#primaryimage","url":"https:\/\/g-block.be\/wp-content\/uploads\/2025\/01\/img-02.webp","contentUrl":"https:\/\/g-block.be\/wp-content\/uploads\/2025\/01\/img-02.webp","width":251,"height":350},{"@type":"BreadcrumbList","@id":"https:\/\/g-block.be\/huisserie-en-forme-de-t\/#breadcrumb","itemListElement":[{"@type":"ListItem","position":1,"name":"Accueil","item":"https:\/\/g-block.be\/"},{"@type":"ListItem","position":2,"name":"Huisserie en forme de T"}]},{"@type":"WebSite","@id":"https:\/\/g-block.be\/#website","url":"https:\/\/g-block.be\/","name":"G-blok","description":"","potentialAction":[{"@type":"SearchAction","target":{"@type":"EntryPoint","urlTemplate":"https:\/\/g-block.be\/?s={search_term_string}"},"query-input":{"@type":"PropertyValueSpecification","valueRequired":true,"valueName":"search_term_string"}}],"inLanguage":"nl-NL"}]}},"_links":{"self":[{"href":"https:\/\/g-block.be\/nl\/wp-json\/wp\/v2\/pages\/1480","targetHints":{"allow":["GET"]}}],"collection":[{"href":"https:\/\/g-block.be\/nl\/wp-json\/wp\/v2\/pages"}],"about":[{"href":"https:\/\/g-block.be\/nl\/wp-json\/wp\/v2\/types\/page"}],"author":[{"embeddable":true,"href":"https:\/\/g-block.be\/nl\/wp-json\/wp\/v2\/users\/1"}],"replies":[{"embeddable":true,"href":"https:\/\/g-block.be\/nl\/wp-json\/wp\/v2\/comments?post=1480"}],"version-history":[{"count":7,"href":"https:\/\/g-block.be\/nl\/wp-json\/wp\/v2\/pages\/1480\/revisions"}],"predecessor-version":[{"id":4721,"href":"https:\/\/g-block.be\/nl\/wp-json\/wp\/v2\/pages\/1480\/revisions\/4721"}],"wp:featuredmedia":[{"embeddable":true,"href":"https:\/\/g-block.be\/nl\/wp-json\/wp\/v2\/media\/750"}],"wp:attachment":[{"href":"https:\/\/g-block.be\/nl\/wp-json\/wp\/v2\/media?parent=1480"}],"curies":[{"name":"wp","href":"https:\/\/api.w.org\/{rel}","templated":true}]}}