{"id":2697,"date":"2025-02-24T10:45:24","date_gmt":"2025-02-24T09:45:24","guid":{"rendered":"https:\/\/g-block.be\/?page_id=2697"},"modified":"2025-11-05T07:58:23","modified_gmt":"2025-11-05T06:58:23","slug":"computerkluizen","status":"publish","type":"page","link":"https:\/\/g-block.be\/nl\/kluizen-kasten\/computerkluizen\/","title":{"rendered":"Computerkluizen"},"content":{"rendered":"<div class=\"wpb-content-wrapper\"><div class=\"stripe stripe-style-1\" style=\"background-position: top;background-repeat: no-repeat;background-attachment: scroll;background-size: auto;padding-top: 0px;padding-bottom: 0px;margin-top: 0px;margin-bottom: 0px\"><div class=\"vc_row wpb_row vc_row-fluid\" style=\"\"><div class=\"wpb_column vc_column_container vc_col-sm-12\"><div class=\"vc_column-inner vc_custom_1736413521499\"><div class=\"wpb_wrapper\"><div class=\"vc_row wpb_row vc_inner vc_row-fluid vc_custom_1736411880813 vc_column-gap-30\"><div class=\"wpb_column vc_column_container vc_col-sm-6\"><div class=\"vc_column-inner\"><div class=\"wpb_wrapper\">\n\t<div class=\"wpb_text_column wpb_content_element  wpb_animate_when_almost_visible wpb_fadeInUp fadeInUp vc_custom_1740391217237\" >\n\t\t<div class=\"wpb_wrapper\">\n\t\t\t<h6><span class=\"dt-highlight\" style=\"color: #000000; background: #ffdd22 !important;\">Computerkluis<\/span><\/h6>\n\n\t\t<\/div>\n\t<\/div>\n\n\t<div class=\"wpb_text_column wpb_content_element  vc_custom_1740389988933\" >\n\t\t<div class=\"wpb_wrapper\">\n\t\t\t<h2>Beveiliging voor uw servers met kluizen<\/h2>\n\n\t\t<\/div>\n\t<\/div>\n<style type=\"text\/css\" data-type=\"the7_shortcodes-inline-css\">.gallery-shortcode.gallery-masonry-shortcode-id-765a4b6db5168435d462c3920b73418d figure,\n.gallery-shortcode.gallery-masonry-shortcode-id-765a4b6db5168435d462c3920b73418d .rollover,\n.gallery-shortcode.gallery-masonry-shortcode-id-765a4b6db5168435d462c3920b73418d img,\n.gallery-shortcode.gallery-masonry-shortcode-id-765a4b6db5168435d462c3920b73418d .gallery-rollover {\n  border-radius: 0px;\n}\n.gallery-shortcode.gallery-masonry-shortcode-id-765a4b6db5168435d462c3920b73418d.enable-bg-rollover .gallery-rollover {\n  background: -webkit-linear-gradient();\n  background: linear-gradient();\n}\n.gallery-shortcode.gallery-masonry-shortcode-id-765a4b6db5168435d462c3920b73418d.enable-bg-rollover.hover-scale figure .rollover:after {\n  background: -webkit-linear-gradient();\n  background: linear-gradient();\n}\n.gallery-shortcode.gallery-masonry-shortcode-id-765a4b6db5168435d462c3920b73418d .gallery-zoom-ico {\n  width: 44px;\n  height: 44px;\n  line-height: 44px;\n  border-radius: 100px;\n  margin: -22px 0 0 -22px;\n  border-width: 0px;\n  color: #ffffff;\n}\n.dt-icon-bg-on.gallery-shortcode.gallery-masonry-shortcode-id-765a4b6db5168435d462c3920b73418d .gallery-zoom-ico {\n  background: rgba(255,255,255,0.3);\n  box-shadow: none;\n}\n.gallery-shortcode.gallery-masonry-shortcode-id-765a4b6db5168435d462c3920b73418d .gallery-zoom-ico:before,\n.gallery-shortcode.gallery-masonry-shortcode-id-765a4b6db5168435d462c3920b73418d .gallery-zoom-ico span {\n  font-size: 32px;\n  line-height: 44px;\n  color: #ffffff;\n}\n.gallery-shortcode.gallery-masonry-shortcode-id-765a4b6db5168435d462c3920b73418d:not(.resize-by-browser-width) .dt-css-grid {\n  grid-row-gap: 10px;\n  grid-column-gap: 10px;\n  grid-template-columns: repeat(auto-fill,minmax(,1fr));\n}\n.gallery-shortcode.gallery-masonry-shortcode-id-765a4b6db5168435d462c3920b73418d:not(.resize-by-browser-width) .dt-css-grid .double-width {\n  grid-column: span 2;\n}\n.cssgridlegacy.no-cssgrid .gallery-shortcode.gallery-masonry-shortcode-id-765a4b6db5168435d462c3920b73418d:not(.resize-by-browser-width) .dt-css-grid,\n.no-cssgridlegacy.no-cssgrid .gallery-shortcode.gallery-masonry-shortcode-id-765a4b6db5168435d462c3920b73418d:not(.resize-by-browser-width) .dt-css-grid {\n  display: flex;\n  flex-flow: row wrap;\n  margin: -5px;\n}\n.cssgridlegacy.no-cssgrid .gallery-shortcode.gallery-masonry-shortcode-id-765a4b6db5168435d462c3920b73418d:not(.resize-by-browser-width) .dt-css-grid .wf-cell,\n.no-cssgridlegacy.no-cssgrid .gallery-shortcode.gallery-masonry-shortcode-id-765a4b6db5168435d462c3920b73418d:not(.resize-by-browser-width) .dt-css-grid .wf-cell {\n  flex: 1 0 ;\n  max-width: 100%;\n  padding: 5px;\n  box-sizing: border-box;\n}\n.gallery-shortcode.gallery-masonry-shortcode-id-765a4b6db5168435d462c3920b73418d.resize-by-browser-width .dt-css-grid {\n  grid-template-columns: repeat(2,1fr);\n  grid-template-rows: auto;\n  grid-column-gap: 10px;\n  grid-row-gap: 10px;\n}\n.gallery-shortcode.gallery-masonry-shortcode-id-765a4b6db5168435d462c3920b73418d.resize-by-browser-width .dt-css-grid .double-width {\n  grid-column: span 2;\n}\n.cssgridlegacy.no-cssgrid .gallery-shortcode.gallery-masonry-shortcode-id-765a4b6db5168435d462c3920b73418d.resize-by-browser-width .dt-css-grid {\n  margin: -5px;\n}\n.cssgridlegacy.no-cssgrid .gallery-shortcode.gallery-masonry-shortcode-id-765a4b6db5168435d462c3920b73418d.resize-by-browser-width .dt-css-grid .wf-cell {\n  width: 50%;\n  padding: 5px;\n}\n.cssgridlegacy.no-cssgrid .gallery-shortcode.gallery-masonry-shortcode-id-765a4b6db5168435d462c3920b73418d.resize-by-browser-width .dt-css-grid .wf-cell.double-width {\n  width: calc(50%) * 2;\n}\n.gallery-shortcode.gallery-masonry-shortcode-id-765a4b6db5168435d462c3920b73418d.resize-by-browser-width:not(.centered-layout-list):not(.content-bg-on) .dt-css-grid {\n  grid-row-gap: 10px - ;\n}\n@media screen and (max-width: 1199px) {\n  .gallery-shortcode.gallery-masonry-shortcode-id-765a4b6db5168435d462c3920b73418d.resize-by-browser-width .dt-css-grid {\n    grid-template-columns: repeat(2,1fr);\n  }\n  .cssgridlegacy.no-cssgrid .gallery-shortcode.gallery-masonry-shortcode-id-765a4b6db5168435d462c3920b73418d.resize-by-browser-width .dt-css-grid .wf-cell,\n  .no-cssgridlegacy.no-cssgrid .gallery-shortcode.gallery-masonry-shortcode-id-765a4b6db5168435d462c3920b73418d.resize-by-browser-width .dt-css-grid .wf-cell {\n    width: 50%;\n  }\n  .cssgridlegacy.no-cssgrid .gallery-shortcode.gallery-masonry-shortcode-id-765a4b6db5168435d462c3920b73418d.resize-by-browser-width .dt-css-grid .wf-cell.double-width,\n  .no-cssgridlegacy.no-cssgrid .gallery-shortcode.gallery-masonry-shortcode-id-765a4b6db5168435d462c3920b73418d.resize-by-browser-width .dt-css-grid .wf-cell.double-width {\n    width: calc(50%)*2;\n  }\n}\n@media screen and (max-width: 991px) {\n  .gallery-shortcode.gallery-masonry-shortcode-id-765a4b6db5168435d462c3920b73418d.resize-by-browser-width .dt-css-grid {\n    grid-template-columns: repeat(1,1fr);\n  }\n  .cssgridlegacy.no-cssgrid .gallery-shortcode.gallery-masonry-shortcode-id-765a4b6db5168435d462c3920b73418d.resize-by-browser-width .dt-css-grid .wf-cell,\n  .no-cssgridlegacy.no-cssgrid .gallery-shortcode.gallery-masonry-shortcode-id-765a4b6db5168435d462c3920b73418d.resize-by-browser-width .dt-css-grid .wf-cell {\n    width: 100%;\n  }\n  .cssgridlegacy.no-cssgrid .gallery-shortcode.gallery-masonry-shortcode-id-765a4b6db5168435d462c3920b73418d.resize-by-browser-width .dt-css-grid .wf-cell.double-width,\n  .no-cssgridlegacy.no-cssgrid .gallery-shortcode.gallery-masonry-shortcode-id-765a4b6db5168435d462c3920b73418d.resize-by-browser-width .dt-css-grid .wf-cell.double-width {\n    width: calc(100%)*2;\n  }\n}\n@media screen and (max-width: 767px) {\n  .gallery-shortcode.gallery-masonry-shortcode-id-765a4b6db5168435d462c3920b73418d.resize-by-browser-width .dt-css-grid {\n    grid-template-columns: repeat(1,1fr);\n  }\n  .cssgridlegacy.no-cssgrid .gallery-shortcode.gallery-masonry-shortcode-id-765a4b6db5168435d462c3920b73418d.resize-by-browser-width .dt-css-grid .wf-cell,\n  .no-cssgridlegacy.no-cssgrid .gallery-shortcode.gallery-masonry-shortcode-id-765a4b6db5168435d462c3920b73418d.resize-by-browser-width .dt-css-grid .wf-cell {\n    width: 100%;\n  }\n  .cssgridlegacy.no-cssgrid .gallery-shortcode.gallery-masonry-shortcode-id-765a4b6db5168435d462c3920b73418d.resize-by-browser-width .dt-css-grid .wf-cell.double-width,\n  .no-cssgridlegacy.no-cssgrid .gallery-shortcode.gallery-masonry-shortcode-id-765a4b6db5168435d462c3920b73418d.resize-by-browser-width .dt-css-grid .wf-cell.double-width {\n    width: calc(100%)*2;\n  }\n}<\/style><div class=\"gallery-shortcode dt-gallery-container gallery-masonry-shortcode-id-765a4b6db5168435d462c3920b73418d mode-grid jquery-filter dt-icon-bg-off quick-scale-img dt-css-grid-wrap enable-bg-rollover resize-by-browser-width  vc_custom_1743421362266 hover-fade loading-effect-fade-in description-on-hover\" data-padding=\"5px\" data-cur-page=\"1\" data-post-limit=\"-1\" data-pagination-mode=\"none\" data-desktop-columns-num=\"2\" data-v-tablet-columns-num=\"1\" data-h-tablet-columns-num=\"2\" data-phone-columns-num=\"1\" data-width=\"0px\" data-columns=\"0\"><div class=\"dt-css-grid\" ><div class=\"wf-cell\" data-post-id=\"4562\" data-date=\"2025-03-31T13:42:33+02:00\" data-name=\"001-coffre-informatique-G-Block-01\"><figure class=\"post visible\"><a href=\"https:\/\/g-block.be\/wp-content\/uploads\/2025\/03\/001-coffre-informatique-G-Block-01.png\" class=\"rollover dt-pswp-item layzr-bg\" data-large_image_width=\"960\" data-large_image_height=\"720\" data-dt-img-description=\"\" title=\"001-coffre-informatique-G-Block-01\"><img fetchpriority=\"high\" decoding=\"async\" class=\"preload-me iso-lazy-load aspect\" src=\"data:image\/svg+xml,%3Csvg%20xmlns%3D&#39;http%3A%2F%2Fwww.w3.org%2F2000%2Fsvg&#39;%20viewBox%3D&#39;0%200%20960%20719&#39;%2F%3E\" data-src=\"https:\/\/g-block.be\/wp-content\/uploads\/2025\/03\/001-coffre-informatique-G-Block-01.png\" data-srcset=\"https:\/\/g-block.be\/wp-content\/uploads\/2025\/03\/001-coffre-informatique-G-Block-01.png 960w\" loading=\"eager\" style=\"--ratio: 960 \/ 719\" sizes=\"(max-width: 960px) 100vw, 960px\" alt=\"\" width=\"960\" height=\"719\"  \/><span class=\"gallery-rollover\"><span class=\"gallery-zoom-ico icomoon-the7-font-the7-expand-04\"><span><\/span><\/span><\/span><\/a><\/figure><\/div><\/div><!-- iso-container|iso-grid --><\/div>\n\t<div class=\"wpb_text_column wpb_content_element  vc_custom_1740390024548\" >\n\t\t<div class=\"wpb_wrapper\">\n\t\t\t<h5>Onze IT-kluizen zijn speciaal ontworpen om uw gevoelige IT-apparatuur te beschermen tegen diefstal en schade. Ze voldoen aan de veiligheidsnormen en bieden een robuuste oplossing voor de veilige opslag van uw servers en andere IT-apparatuur.<\/h5>\n\n\t\t<\/div>\n\t<\/div>\n<\/div><\/div><\/div><div class=\"tour wpb_column vc_column_container vc_col-sm-6\"><div class=\"vc_column-inner\"><div class=\"wpb_wrapper\">\n\t<div class=\"wpb_text_column wpb_content_element\" >\n\t\t<div class=\"wpb_wrapper\">\n\t\t\t<h5>Technische specificaties<\/h5>\n<ul>\n<li>Veiligheidsnormen: Gecertificeerd volgens ECB.S R16 en EN1143-1 Klasse I IT.<\/li>\n<li>Afscherming: versterkte bescherming<\/li>\n<li>Rek :\n<ul>\n<li>Gecertificeerd volgens NSA 94-106\/EN50147-1.<\/li>\n<li>De 19\" standaard kan tot 15 HE ondersteunen.<\/li>\n<\/ul>\n<\/li>\n<li>Ventilatie: Automatische ventilatoren met ge\u00efntegreerde temperatuursensoren.<\/li>\n<li>Montage: Montageplaat voor kabelbeheer op maat.<\/li>\n<\/ul>\n\n\t\t<\/div>\n\t<\/div>\n<div class=\"vc_separator wpb_content_element vc_separator_align_center vc_sep_width_100 vc_sep_pos_align_center vc_separator_no_text vc_sep_color_black vc_custom_1726379098262 wpb_content_element  vc_custom_1726379098262 wpb_content_element\" ><span class=\"vc_sep_holder vc_sep_holder_l\"><span class=\"vc_sep_line\"><\/span><\/span><span class=\"vc_sep_holder vc_sep_holder_r\"><span class=\"vc_sep_line\"><\/span><\/span>\n<\/div><div class=\"vc_separator wpb_content_element vc_separator_align_center vc_sep_width_100 vc_sep_pos_align_center vc_separator_no_text vc_sep_color_black vc_custom_1726379092136 wpb_content_element  vc_custom_1726379092136 wpb_content_element\" ><span class=\"vc_sep_holder vc_sep_holder_l\"><span class=\"vc_sep_line\"><\/span><\/span><span class=\"vc_sep_holder vc_sep_holder_r\"><span class=\"vc_sep_line\"><\/span><\/span>\n<\/div>\n\t<div class=\"wpb_text_column wpb_content_element\" >\n\t\t<div class=\"wpb_wrapper\">\n\t\t\t<h5>Neem contact met ons op<\/h5>\n<p>Voor meer informatie over onze computerkluizen of om uw specifieke wensen te bespreken, bel ons vandaag nog of neem contact met ons op voor een persoonlijke offerte.<\/p>\n\n\t\t<\/div>\n\t<\/div>\n<style type=\"text\/css\" data-type=\"the7_shortcodes-inline-css\">#default-btn-d4f54c92cfe9084661a3eb805a20a61b {\n  border-radius: 0px;\n  font-size: 18px;\n  line-height: 20px;\n}\n.btn-shadow#default-btn-d4f54c92cfe9084661a3eb805a20a61b {\n  box-shadow: 0 1px 6px rgba(0,0,0,0.12);\n  transition: box-shadow 0.2s ease-out, opacity 0.45s;\n}\n.btn-shadow#default-btn-d4f54c92cfe9084661a3eb805a20a61b:hover {\n  box-shadow: 0 5px 11px 0 rgba(0,0,0,0.18), 0 4px 15px 0 rgba(0,0,0,0.15);\n}\n.btn-3d#default-btn-d4f54c92cfe9084661a3eb805a20a61b:hover {\n  box-shadow: 0px 2px 0px 0px #1e243e;\n}\n.btn-flat#default-btn-d4f54c92cfe9084661a3eb805a20a61b {\n  box-shadow: none;\n}\n.btn-flat#default-btn-d4f54c92cfe9084661a3eb805a20a61b:hover {\n  box-shadow: none;\n}\n#default-btn-d4f54c92cfe9084661a3eb805a20a61b.ico-right-side > i {\n  margin-right: 0px;\n  margin-left: 8px;\n}\n#default-btn-d4f54c92cfe9084661a3eb805a20a61b > i {\n  margin-right: 8px;\n  font-size: 12px;\n}\n#default-btn-d4f54c92cfe9084661a3eb805a20a61b:not(:hover) {\n  border-width: 1px;\n  border-color: #223377 !important;\n  color: #223377;\n  background: none !important;\n  padding: 15px 18px 15px 18px;\n}\n#default-btn-d4f54c92cfe9084661a3eb805a20a61b:not(:hover) * {\n  color: #223377;\n}\n#default-btn-d4f54c92cfe9084661a3eb805a20a61b:hover {\n  border-width: 1px;\n  border-color: #223377 !important;\n  color: #ffffff;\n  background: #223377 !important;\n  padding: 15px 18px 15px 18px;\n}\n#default-btn-d4f54c92cfe9084661a3eb805a20a61b:hover * {\n  color: #ffffff;\n}\n#default-btn-d4f54c92cfe9084661a3eb805a20a61b.ico-right-side > i {\n  margin-right: 0px;\n  margin-left: 8px;\n}\n#default-btn-d4f54c92cfe9084661a3eb805a20a61b > i {\n  margin-right: 8px;\n}<\/style><a href=\"https:\/\/g-block.be\/nl\/neem-contact-op-met\/\" class=\"default-btn-shortcode dt-btn link-hover-off btn-inline-left btn-flat  vc_custom_1762325893021\" id=\"default-btn-d4f54c92cfe9084661a3eb805a20a61b\" title=\"Neem contact op met\"><span>Bel ons<\/span><\/a><style type=\"text\/css\" data-type=\"the7_shortcodes-inline-css\">#default-btn-cd9f049942af83448b617bc0722f961c {\n  border-radius: 0px;\n  font-size: 18px;\n  line-height: 20px;\n}\n.btn-shadow#default-btn-cd9f049942af83448b617bc0722f961c {\n  box-shadow: 0 1px 6px rgba(0,0,0,0.12);\n  transition: box-shadow 0.2s ease-out, opacity 0.45s;\n}\n.btn-shadow#default-btn-cd9f049942af83448b617bc0722f961c:hover {\n  box-shadow: 0 5px 11px 0 rgba(0,0,0,0.18), 0 4px 15px 0 rgba(0,0,0,0.15);\n}\n.btn-3d#default-btn-cd9f049942af83448b617bc0722f961c:hover {\n  box-shadow: 0px 2px 0px 0px #1e243e;\n}\n.btn-flat#default-btn-cd9f049942af83448b617bc0722f961c {\n  box-shadow: none;\n}\n.btn-flat#default-btn-cd9f049942af83448b617bc0722f961c:hover {\n  box-shadow: none;\n}\n#default-btn-cd9f049942af83448b617bc0722f961c.ico-right-side > i {\n  margin-right: 0px;\n  margin-left: 8px;\n}\n#default-btn-cd9f049942af83448b617bc0722f961c > i {\n  margin-right: 8px;\n  font-size: 12px;\n}\n#default-btn-cd9f049942af83448b617bc0722f961c:not(:hover) {\n  border-width: 1px;\n  border-color: #223377 !important;\n  color: #223377;\n  background: none !important;\n  padding: 15px 18px 15px 18px;\n}\n#default-btn-cd9f049942af83448b617bc0722f961c:not(:hover) * {\n  color: #223377;\n}\n#default-btn-cd9f049942af83448b617bc0722f961c:hover {\n  border-width: 1px;\n  border-color: #223377 !important;\n  color: #ffffff;\n  background: #223377 !important;\n  padding: 15px 18px 15px 18px;\n}\n#default-btn-cd9f049942af83448b617bc0722f961c:hover * {\n  color: #ffffff;\n}\n#default-btn-cd9f049942af83448b617bc0722f961c.ico-right-side > i {\n  margin-right: 0px;\n  margin-left: 8px;\n}\n#default-btn-cd9f049942af83448b617bc0722f961c > i {\n  margin-right: 8px;\n}<\/style><a href=\"https:\/\/g-block.be\/nl\/neem-contact-op-met\/\" class=\"default-btn-shortcode dt-btn link-hover-off btn-inline-left btn-flat  vc_custom_1762325899401\" id=\"default-btn-cd9f049942af83448b617bc0722f961c\" title=\"Neem contact op met\"><span>Neem contact met ons op<\/span><\/a><\/div><\/div><\/div><\/div><\/div><\/div><\/div><\/div><\/div>\n<\/div>","protected":false},"excerpt":{"rendered":"<p>Coffre fort\u00a0 pour informatique S\u00e9curit\u00e9 pour vos serveurs gr\u00e2ce aux coffres-forts Nos coffres-forts pour informatiques sont sp\u00e9cialement con\u00e7us pour prot\u00e9ger vos \u00e9quipements informatiques sensibles contre le vol et les dommages. Conformes aux normes de s\u00e9curit\u00e9, ils offrent une solution robuste pour le stockage s\u00e9curis\u00e9 de vos serveurs et autres \u00e9quipements informatiques. Caract\u00e9ristiques techniques Normes de&hellip;<\/p>","protected":false},"author":2,"featured_media":2699,"parent":75,"menu_order":0,"comment_status":"closed","ping_status":"closed","template":"","meta":{"footnotes":""},"class_list":["post-2697","page","type-page","status-publish","has-post-thumbnail","hentry","description-off"],"yoast_head":"<!-- This site is optimized with the Yoast SEO plugin v27.3 - https:\/\/yoast.com\/product\/yoast-seo-wordpress\/ -->\n<title>Coffres-forts pour informatiques | S\u00e9curit\u00e9 pour serveurs | G-Block<\/title>\n<meta name=\"description\" content=\"D\u00e9couvrez les coffres-forts pour informatiques : s\u00e9curit\u00e9 certifi\u00e9e, design fonctionnel, et options personnalisables pour prot\u00e9ger vos serveurs. Contactez-nous !\" \/>\n<meta name=\"robots\" content=\"index, follow, max-snippet:-1, max-image-preview:large, max-video-preview:-1\" \/>\n<link rel=\"canonical\" href=\"https:\/\/g-block.be\/nl\/kluizen-kasten\/computerkluizen\/\" \/>\n<meta property=\"og:locale\" content=\"nl_NL\" \/>\n<meta property=\"og:type\" content=\"article\" \/>\n<meta property=\"og:title\" content=\"Coffres-forts pour informatiques | S\u00e9curit\u00e9 pour serveurs | G-Block\" \/>\n<meta property=\"og:description\" content=\"D\u00e9couvrez les coffres-forts pour informatiques : s\u00e9curit\u00e9 certifi\u00e9e, design fonctionnel, et options personnalisables pour prot\u00e9ger vos serveurs. Contactez-nous !\" \/>\n<meta property=\"og:url\" content=\"https:\/\/g-block.be\/nl\/kluizen-kasten\/computerkluizen\/\" \/>\n<meta property=\"og:site_name\" content=\"G-Block\" \/>\n<meta property=\"article:modified_time\" content=\"2025-11-05T06:58:23+00:00\" \/>\n<meta property=\"og:image\" content=\"https:\/\/g-block.be\/wp-content\/uploads\/2025\/02\/001-coffre-informatique-G-Block.jpg\" \/>\n\t<meta property=\"og:image:width\" content=\"535\" \/>\n\t<meta property=\"og:image:height\" content=\"515\" \/>\n\t<meta property=\"og:image:type\" content=\"image\/jpeg\" \/>\n<meta name=\"twitter:card\" content=\"summary_large_image\" \/>\n<meta name=\"twitter:title\" content=\"Coffres-forts pour informatiques | S\u00e9curit\u00e9 pour serveurs | G-Block\" \/>\n<meta name=\"twitter:description\" content=\"D\u00e9couvrez les coffres-forts pour informatiques : s\u00e9curit\u00e9 certifi\u00e9e, design fonctionnel, et options personnalisables pour prot\u00e9ger vos serveurs. Contactez-nous !\" \/>\n<meta name=\"twitter:image\" content=\"https:\/\/g-block.be\/wp-content\/uploads\/2025\/02\/001-coffre-informatique-G-Block.jpg\" \/>\n<meta name=\"twitter:label1\" content=\"Geschatte leestijd\" \/>\n\t<meta name=\"twitter:data1\" content=\"2 minuten\" \/>\n<script type=\"application\/ld+json\" class=\"yoast-schema-graph\">{\"@context\":\"https:\\\/\\\/schema.org\",\"@graph\":[{\"@type\":\"WebPage\",\"@id\":\"https:\\\/\\\/g-block.be\\\/coffres-forts-armoires\\\/coffres-forts-pour-informatiques\\\/\",\"url\":\"https:\\\/\\\/g-block.be\\\/coffres-forts-armoires\\\/coffres-forts-pour-informatiques\\\/\",\"name\":\"Coffres-forts pour informatiques | S\u00e9curit\u00e9 pour serveurs | G-Block\",\"isPartOf\":{\"@id\":\"https:\\\/\\\/g-block.be\\\/#website\"},\"primaryImageOfPage\":{\"@id\":\"https:\\\/\\\/g-block.be\\\/coffres-forts-armoires\\\/coffres-forts-pour-informatiques\\\/#primaryimage\"},\"image\":{\"@id\":\"https:\\\/\\\/g-block.be\\\/coffres-forts-armoires\\\/coffres-forts-pour-informatiques\\\/#primaryimage\"},\"thumbnailUrl\":\"https:\\\/\\\/g-block.be\\\/wp-content\\\/uploads\\\/2025\\\/02\\\/001-coffre-informatique-G-Block.jpg\",\"datePublished\":\"2025-02-24T09:45:24+00:00\",\"dateModified\":\"2025-11-05T06:58:23+00:00\",\"description\":\"D\u00e9couvrez les coffres-forts pour informatiques : s\u00e9curit\u00e9 certifi\u00e9e, design fonctionnel, et options personnalisables pour prot\u00e9ger vos serveurs. Contactez-nous !\",\"breadcrumb\":{\"@id\":\"https:\\\/\\\/g-block.be\\\/coffres-forts-armoires\\\/coffres-forts-pour-informatiques\\\/#breadcrumb\"},\"inLanguage\":\"nl-NL\",\"potentialAction\":[{\"@type\":\"ReadAction\",\"target\":[\"https:\\\/\\\/g-block.be\\\/coffres-forts-armoires\\\/coffres-forts-pour-informatiques\\\/\"]}]},{\"@type\":\"ImageObject\",\"inLanguage\":\"nl-NL\",\"@id\":\"https:\\\/\\\/g-block.be\\\/coffres-forts-armoires\\\/coffres-forts-pour-informatiques\\\/#primaryimage\",\"url\":\"https:\\\/\\\/g-block.be\\\/wp-content\\\/uploads\\\/2025\\\/02\\\/001-coffre-informatique-G-Block.jpg\",\"contentUrl\":\"https:\\\/\\\/g-block.be\\\/wp-content\\\/uploads\\\/2025\\\/02\\\/001-coffre-informatique-G-Block.jpg\",\"width\":535,\"height\":515},{\"@type\":\"BreadcrumbList\",\"@id\":\"https:\\\/\\\/g-block.be\\\/coffres-forts-armoires\\\/coffres-forts-pour-informatiques\\\/#breadcrumb\",\"itemListElement\":[{\"@type\":\"ListItem\",\"position\":1,\"name\":\"Accueil\",\"item\":\"https:\\\/\\\/g-block.be\\\/\"},{\"@type\":\"ListItem\",\"position\":2,\"name\":\"Coffres-forts \u2013 Armoires\",\"item\":\"https:\\\/\\\/g-block.be\\\/coffres-forts-armoires\\\/\"},{\"@type\":\"ListItem\",\"position\":3,\"name\":\"Coffres-forts pour informatiques\"}]},{\"@type\":\"WebSite\",\"@id\":\"https:\\\/\\\/g-block.be\\\/#website\",\"url\":\"https:\\\/\\\/g-block.be\\\/\",\"name\":\"G-Block\",\"description\":\"\",\"potentialAction\":[{\"@type\":\"SearchAction\",\"target\":{\"@type\":\"EntryPoint\",\"urlTemplate\":\"https:\\\/\\\/g-block.be\\\/?s={search_term_string}\"},\"query-input\":{\"@type\":\"PropertyValueSpecification\",\"valueRequired\":true,\"valueName\":\"search_term_string\"}}],\"inLanguage\":\"nl-NL\"}]}<\/script>\n<!-- \/ Yoast SEO plugin. -->","yoast_head_json":{"title":"Computerkluizen | Serverbeveiliging | G-Block","description":"Ontdek onze IT-kluizen: gecertificeerde beveiliging, functioneel ontwerp en aanpasbare opties om uw servers te beschermen. Neem contact met ons op!","robots":{"index":"index","follow":"follow","max-snippet":"max-snippet:-1","max-image-preview":"max-image-preview:large","max-video-preview":"max-video-preview:-1"},"canonical":"https:\/\/g-block.be\/nl\/kluizen-kasten\/computerkluizen\/","og_locale":"nl_NL","og_type":"article","og_title":"Coffres-forts pour informatiques | S\u00e9curit\u00e9 pour serveurs | G-Block","og_description":"D\u00e9couvrez les coffres-forts pour informatiques : s\u00e9curit\u00e9 certifi\u00e9e, design fonctionnel, et options personnalisables pour prot\u00e9ger vos serveurs. Contactez-nous !","og_url":"https:\/\/g-block.be\/nl\/kluizen-kasten\/computerkluizen\/","og_site_name":"G-Block","article_modified_time":"2025-11-05T06:58:23+00:00","og_image":[{"width":535,"height":515,"url":"https:\/\/g-block.be\/wp-content\/uploads\/2025\/02\/001-coffre-informatique-G-Block.jpg","type":"image\/jpeg"}],"twitter_card":"summary_large_image","twitter_title":"Coffres-forts pour informatiques | S\u00e9curit\u00e9 pour serveurs | G-Block","twitter_description":"D\u00e9couvrez les coffres-forts pour informatiques : s\u00e9curit\u00e9 certifi\u00e9e, design fonctionnel, et options personnalisables pour prot\u00e9ger vos serveurs. Contactez-nous !","twitter_image":"https:\/\/g-block.be\/wp-content\/uploads\/2025\/02\/001-coffre-informatique-G-Block.jpg","twitter_misc":{"Geschatte leestijd":"2 minuten"},"schema":{"@context":"https:\/\/schema.org","@graph":[{"@type":"WebPage","@id":"https:\/\/g-block.be\/coffres-forts-armoires\/coffres-forts-pour-informatiques\/","url":"https:\/\/g-block.be\/coffres-forts-armoires\/coffres-forts-pour-informatiques\/","name":"Computerkluizen | Serverbeveiliging | G-Block","isPartOf":{"@id":"https:\/\/g-block.be\/#website"},"primaryImageOfPage":{"@id":"https:\/\/g-block.be\/coffres-forts-armoires\/coffres-forts-pour-informatiques\/#primaryimage"},"image":{"@id":"https:\/\/g-block.be\/coffres-forts-armoires\/coffres-forts-pour-informatiques\/#primaryimage"},"thumbnailUrl":"https:\/\/g-block.be\/wp-content\/uploads\/2025\/02\/001-coffre-informatique-G-Block.jpg","datePublished":"2025-02-24T09:45:24+00:00","dateModified":"2025-11-05T06:58:23+00:00","description":"Ontdek onze IT-kluizen: gecertificeerde beveiliging, functioneel ontwerp en aanpasbare opties om uw servers te beschermen. Neem contact met ons op!","breadcrumb":{"@id":"https:\/\/g-block.be\/coffres-forts-armoires\/coffres-forts-pour-informatiques\/#breadcrumb"},"inLanguage":"nl-NL","potentialAction":[{"@type":"ReadAction","target":["https:\/\/g-block.be\/coffres-forts-armoires\/coffres-forts-pour-informatiques\/"]}]},{"@type":"ImageObject","inLanguage":"nl-NL","@id":"https:\/\/g-block.be\/coffres-forts-armoires\/coffres-forts-pour-informatiques\/#primaryimage","url":"https:\/\/g-block.be\/wp-content\/uploads\/2025\/02\/001-coffre-informatique-G-Block.jpg","contentUrl":"https:\/\/g-block.be\/wp-content\/uploads\/2025\/02\/001-coffre-informatique-G-Block.jpg","width":535,"height":515},{"@type":"BreadcrumbList","@id":"https:\/\/g-block.be\/coffres-forts-armoires\/coffres-forts-pour-informatiques\/#breadcrumb","itemListElement":[{"@type":"ListItem","position":1,"name":"Accueil","item":"https:\/\/g-block.be\/"},{"@type":"ListItem","position":2,"name":"Coffres-forts \u2013 Armoires","item":"https:\/\/g-block.be\/coffres-forts-armoires\/"},{"@type":"ListItem","position":3,"name":"Coffres-forts pour informatiques"}]},{"@type":"WebSite","@id":"https:\/\/g-block.be\/#website","url":"https:\/\/g-block.be\/","name":"G-blok","description":"","potentialAction":[{"@type":"SearchAction","target":{"@type":"EntryPoint","urlTemplate":"https:\/\/g-block.be\/?s={search_term_string}"},"query-input":{"@type":"PropertyValueSpecification","valueRequired":true,"valueName":"search_term_string"}}],"inLanguage":"nl-NL"}]}},"_links":{"self":[{"href":"https:\/\/g-block.be\/nl\/wp-json\/wp\/v2\/pages\/2697","targetHints":{"allow":["GET"]}}],"collection":[{"href":"https:\/\/g-block.be\/nl\/wp-json\/wp\/v2\/pages"}],"about":[{"href":"https:\/\/g-block.be\/nl\/wp-json\/wp\/v2\/types\/page"}],"author":[{"embeddable":true,"href":"https:\/\/g-block.be\/nl\/wp-json\/wp\/v2\/users\/2"}],"replies":[{"embeddable":true,"href":"https:\/\/g-block.be\/nl\/wp-json\/wp\/v2\/comments?post=2697"}],"version-history":[{"count":8,"href":"https:\/\/g-block.be\/nl\/wp-json\/wp\/v2\/pages\/2697\/revisions"}],"predecessor-version":[{"id":4921,"href":"https:\/\/g-block.be\/nl\/wp-json\/wp\/v2\/pages\/2697\/revisions\/4921"}],"up":[{"embeddable":true,"href":"https:\/\/g-block.be\/nl\/wp-json\/wp\/v2\/pages\/75"}],"wp:featuredmedia":[{"embeddable":true,"href":"https:\/\/g-block.be\/nl\/wp-json\/wp\/v2\/media\/2699"}],"wp:attachment":[{"href":"https:\/\/g-block.be\/nl\/wp-json\/wp\/v2\/media?parent=2697"}],"curies":[{"name":"wp","href":"https:\/\/api.w.org\/{rel}","templated":true}]}}