{"id":4398,"date":"2025-03-25T15:16:28","date_gmt":"2025-03-25T14:16:28","guid":{"rendered":"https:\/\/g-block.be\/?page_id=4398"},"modified":"2025-03-31T10:55:56","modified_gmt":"2025-03-31T08:55:56","slug":"houten-afwerking","status":"publish","type":"page","link":"https:\/\/g-block.be\/nl\/houten-afwerking\/","title":{"rendered":"Houten afwerking"},"content":{"rendered":"<div class=\"wpb-content-wrapper\"><div class=\"vc_row wpb_row vc_row-fluid dt-default\" style=\"margin-top: 0px;margin-bottom: 0px\"><div class=\"wpb_column vc_column_container vc_col-sm-12\"><div class=\"vc_column-inner\"><div class=\"wpb_wrapper\"><div class=\"vc_tta-container\" data-vc-action=\"collapseAll\"><div class=\"vc_general vc_tta vc_tta-accordion vc_tta-color-grey vc_tta-style-classic vc_tta-shape-rounded vc_tta-o-shape-group vc_tta-controls-align-default vc_tta-o-all-clickable\"><div class=\"vc_tta-panels-container\"><div class=\"vc_tta-panels\"><div class=\"vc_tta-panel\" id=\"1737586146864-6206c0cb-e308\" data-vc-content=\".vc_tta-panel-body\"><div class=\"vc_tta-panel-heading\"><h4 class=\"vc_tta-panel-title vc_tta-controls-icon-position-left\"><a href=\"#1737586146864-6206c0cb-e308\" data-vc-accordion data-vc-container=\".vc_tta-container\"><span class=\"vc_tta-title-text\">Houten afwerking<\/span><i class=\"vc_tta-controls-icon vc_tta-controls-icon-plus\"><\/i><\/a><\/h4><\/div><div class=\"vc_tta-panel-body\"><div class=\"vc_row wpb_row vc_inner vc_row-fluid\"><div class=\"wpb_column vc_column_container vc_col-sm-4\"><div class=\"vc_column-inner\"><div class=\"wpb_wrapper\">\n\t<div  class=\"wpb_single_image wpb_content_element vc_align_left\">\n\t\t\n\t\t<figure class=\"wpb_wrapper vc_figure\">\n\t\t\t<div class=\"vc_single_image-wrapper   vc_box_border_grey\"><img loading=\"lazy\" decoding=\"async\" width=\"1280\" height=\"800\" src=\"https:\/\/g-block.be\/wp-content\/uploads\/2025\/03\/ensemble.png\" class=\"vc_single_image-img attachment-full\" alt=\"\" title=\"stel  in\" srcset=\"https:\/\/g-block.be\/wp-content\/uploads\/2025\/03\/ensemble.png 1280w, https:\/\/g-block.be\/wp-content\/uploads\/2025\/03\/ensemble-300x188.png 300w, https:\/\/g-block.be\/wp-content\/uploads\/2025\/03\/ensemble-1024x640.png 1024w, https:\/\/g-block.be\/wp-content\/uploads\/2025\/03\/ensemble-768x480.png 768w\" sizes=\"auto, (max-width: 1280px) 100vw, 1280px\"  data-dt-location=\"https:\/\/g-block.be\/nl\/houten-afwerking\/stel-in\/\" \/><\/div>\n\t\t<\/figure>\n\t<\/div>\n\n\t<div class=\"wpb_text_column wpb_content_element  vc_custom_1742911773879\" >\n\t\t<div class=\"wpb_wrapper\">\n\t\t\t<h5>Ontdek het assortiment houtfineer van G-Block, ideaal om uw deuren een natuurlijke, elegante uitstraling te geven. Ons fineer van 4 mm is gemaakt van hout van topkwaliteit en zorgt voor een esthetische en duurzame afwerking.<\/h5>\n\n\t\t<\/div>\n\t<\/div>\n<\/div><\/div><\/div><div class=\"wpb_column vc_column_container vc_col-sm-8\"><div class=\"vc_column-inner\"><div class=\"wpb_wrapper\">\n\t<div class=\"wpb_text_column wpb_content_element\" >\n\t\t<div class=\"wpb_wrapper\">\n\t\t\t<h4>Kenmerken van fineerhout<\/h4>\n<ul>\n<li>Twee kanten: kant A in fineer van hoge kwaliteit, kant B in fineer van lage kwaliteit<\/li>\n<li>Medium-density ondersteuning voor een stabiele structuur<\/li>\n<li>De natuurlijke schoonheid en het karakter van hout<\/li>\n<li>Afwerkingsopties: ruw (onafgewerkt) of gelakt<\/li>\n<\/ul>\n<h5>Esthetiek en duurzaamheid gegarandeerd<\/h5>\n<p>We bieden een verscheidenheid aan natuurlijke houtsoorten voor onze fineren, waaronder :<\/p>\n<ul>\n<li>Sappelli<\/li>\n<li>Eik<\/li>\n<li>Beuken<\/li>\n<li>Walnoot<\/li>\n<li>Okoum\u00e9<\/li>\n<li>Weng\u00e9<\/li>\n<\/ul>\n<p>(Beschikbaarheid volgens leveranciers)<\/p>\n\n\t\t<\/div>\n\t<\/div>\n<\/div><\/div><\/div><\/div><div class=\"vc_row wpb_row vc_inner vc_row-fluid\"><div class=\"wpb_column vc_column_container vc_col-sm-12\"><div class=\"vc_column-inner\"><div class=\"wpb_wrapper\"><style type=\"text\/css\" data-type=\"the7_shortcodes-inline-css\">.gallery-shortcode.gallery-masonry-shortcode-id-f2815fe6a5856636e36e284930a92b0b figure,\n.gallery-shortcode.gallery-masonry-shortcode-id-f2815fe6a5856636e36e284930a92b0b .rollover,\n.gallery-shortcode.gallery-masonry-shortcode-id-f2815fe6a5856636e36e284930a92b0b img,\n.gallery-shortcode.gallery-masonry-shortcode-id-f2815fe6a5856636e36e284930a92b0b .gallery-rollover {\n  border-radius: 0px;\n}\n.gallery-shortcode.gallery-masonry-shortcode-id-f2815fe6a5856636e36e284930a92b0b.enable-bg-rollover .gallery-rollover {\n  background: -webkit-linear-gradient();\n  background: linear-gradient();\n}\n.gallery-shortcode.gallery-masonry-shortcode-id-f2815fe6a5856636e36e284930a92b0b.enable-bg-rollover.hover-scale figure .rollover:after {\n  background: -webkit-linear-gradient();\n  background: linear-gradient();\n}\n.gallery-shortcode.gallery-masonry-shortcode-id-f2815fe6a5856636e36e284930a92b0b .gallery-zoom-ico {\n  width: 44px;\n  height: 44px;\n  line-height: 44px;\n  border-radius: 100px;\n  margin: -22px 0 0 -22px;\n  border-width: 0px;\n  color: #ffffff;\n}\n.dt-icon-bg-on.gallery-shortcode.gallery-masonry-shortcode-id-f2815fe6a5856636e36e284930a92b0b .gallery-zoom-ico {\n  background: rgba(255,255,255,0.3);\n  box-shadow: none;\n}\n.gallery-shortcode.gallery-masonry-shortcode-id-f2815fe6a5856636e36e284930a92b0b .gallery-zoom-ico:before,\n.gallery-shortcode.gallery-masonry-shortcode-id-f2815fe6a5856636e36e284930a92b0b .gallery-zoom-ico span {\n  font-size: 32px;\n  line-height: 44px;\n  color: #ffffff;\n}\n.gallery-shortcode.gallery-masonry-shortcode-id-f2815fe6a5856636e36e284930a92b0b:not(.resize-by-browser-width) .dt-css-grid {\n  grid-row-gap: 10px;\n  grid-column-gap: 10px;\n  grid-template-columns: repeat(auto-fill,minmax(,1fr));\n}\n.gallery-shortcode.gallery-masonry-shortcode-id-f2815fe6a5856636e36e284930a92b0b:not(.resize-by-browser-width) .dt-css-grid .double-width {\n  grid-column: span 2;\n}\n.cssgridlegacy.no-cssgrid .gallery-shortcode.gallery-masonry-shortcode-id-f2815fe6a5856636e36e284930a92b0b:not(.resize-by-browser-width) .dt-css-grid,\n.no-cssgridlegacy.no-cssgrid .gallery-shortcode.gallery-masonry-shortcode-id-f2815fe6a5856636e36e284930a92b0b:not(.resize-by-browser-width) .dt-css-grid {\n  display: flex;\n  flex-flow: row wrap;\n  margin: -5px;\n}\n.cssgridlegacy.no-cssgrid .gallery-shortcode.gallery-masonry-shortcode-id-f2815fe6a5856636e36e284930a92b0b:not(.resize-by-browser-width) .dt-css-grid .wf-cell,\n.no-cssgridlegacy.no-cssgrid .gallery-shortcode.gallery-masonry-shortcode-id-f2815fe6a5856636e36e284930a92b0b:not(.resize-by-browser-width) .dt-css-grid .wf-cell {\n  flex: 1 0 ;\n  max-width: 100%;\n  padding: 5px;\n  box-sizing: border-box;\n}\n.gallery-shortcode.gallery-masonry-shortcode-id-f2815fe6a5856636e36e284930a92b0b.resize-by-browser-width .dt-css-grid {\n  grid-template-columns: repeat(6,1fr);\n  grid-template-rows: auto;\n  grid-column-gap: 10px;\n  grid-row-gap: 10px;\n}\n.gallery-shortcode.gallery-masonry-shortcode-id-f2815fe6a5856636e36e284930a92b0b.resize-by-browser-width .dt-css-grid .double-width {\n  grid-column: span 2;\n}\n.cssgridlegacy.no-cssgrid .gallery-shortcode.gallery-masonry-shortcode-id-f2815fe6a5856636e36e284930a92b0b.resize-by-browser-width .dt-css-grid {\n  margin: -5px;\n}\n.cssgridlegacy.no-cssgrid .gallery-shortcode.gallery-masonry-shortcode-id-f2815fe6a5856636e36e284930a92b0b.resize-by-browser-width .dt-css-grid .wf-cell {\n  width: 16.666666666667%;\n  padding: 5px;\n}\n.cssgridlegacy.no-cssgrid .gallery-shortcode.gallery-masonry-shortcode-id-f2815fe6a5856636e36e284930a92b0b.resize-by-browser-width .dt-css-grid .wf-cell.double-width {\n  width: calc(16.666666666667%) * 2;\n}\n.gallery-shortcode.gallery-masonry-shortcode-id-f2815fe6a5856636e36e284930a92b0b.resize-by-browser-width:not(.centered-layout-list):not(.content-bg-on) .dt-css-grid {\n  grid-row-gap: 10px - ;\n}\n@media screen and (max-width: 1199px) {\n  .gallery-shortcode.gallery-masonry-shortcode-id-f2815fe6a5856636e36e284930a92b0b.resize-by-browser-width .dt-css-grid {\n    grid-template-columns: repeat(6,1fr);\n  }\n  .cssgridlegacy.no-cssgrid .gallery-shortcode.gallery-masonry-shortcode-id-f2815fe6a5856636e36e284930a92b0b.resize-by-browser-width .dt-css-grid .wf-cell,\n  .no-cssgridlegacy.no-cssgrid .gallery-shortcode.gallery-masonry-shortcode-id-f2815fe6a5856636e36e284930a92b0b.resize-by-browser-width .dt-css-grid .wf-cell {\n    width: 16.666666666667%;\n  }\n  .cssgridlegacy.no-cssgrid .gallery-shortcode.gallery-masonry-shortcode-id-f2815fe6a5856636e36e284930a92b0b.resize-by-browser-width .dt-css-grid .wf-cell.double-width,\n  .no-cssgridlegacy.no-cssgrid .gallery-shortcode.gallery-masonry-shortcode-id-f2815fe6a5856636e36e284930a92b0b.resize-by-browser-width .dt-css-grid .wf-cell.double-width {\n    width: calc(16.666666666667%)*2;\n  }\n}\n@media screen and (max-width: 991px) {\n  .gallery-shortcode.gallery-masonry-shortcode-id-f2815fe6a5856636e36e284930a92b0b.resize-by-browser-width .dt-css-grid {\n    grid-template-columns: repeat(1,1fr);\n  }\n  .cssgridlegacy.no-cssgrid .gallery-shortcode.gallery-masonry-shortcode-id-f2815fe6a5856636e36e284930a92b0b.resize-by-browser-width .dt-css-grid .wf-cell,\n  .no-cssgridlegacy.no-cssgrid .gallery-shortcode.gallery-masonry-shortcode-id-f2815fe6a5856636e36e284930a92b0b.resize-by-browser-width .dt-css-grid .wf-cell {\n    width: 100%;\n  }\n  .cssgridlegacy.no-cssgrid .gallery-shortcode.gallery-masonry-shortcode-id-f2815fe6a5856636e36e284930a92b0b.resize-by-browser-width .dt-css-grid .wf-cell.double-width,\n  .no-cssgridlegacy.no-cssgrid .gallery-shortcode.gallery-masonry-shortcode-id-f2815fe6a5856636e36e284930a92b0b.resize-by-browser-width .dt-css-grid .wf-cell.double-width {\n    width: calc(100%)*2;\n  }\n}\n@media screen and (max-width: 767px) {\n  .gallery-shortcode.gallery-masonry-shortcode-id-f2815fe6a5856636e36e284930a92b0b.resize-by-browser-width .dt-css-grid {\n    grid-template-columns: repeat(1,1fr);\n  }\n  .cssgridlegacy.no-cssgrid .gallery-shortcode.gallery-masonry-shortcode-id-f2815fe6a5856636e36e284930a92b0b.resize-by-browser-width .dt-css-grid .wf-cell,\n  .no-cssgridlegacy.no-cssgrid .gallery-shortcode.gallery-masonry-shortcode-id-f2815fe6a5856636e36e284930a92b0b.resize-by-browser-width .dt-css-grid .wf-cell {\n    width: 100%;\n  }\n  .cssgridlegacy.no-cssgrid .gallery-shortcode.gallery-masonry-shortcode-id-f2815fe6a5856636e36e284930a92b0b.resize-by-browser-width .dt-css-grid .wf-cell.double-width,\n  .no-cssgridlegacy.no-cssgrid .gallery-shortcode.gallery-masonry-shortcode-id-f2815fe6a5856636e36e284930a92b0b.resize-by-browser-width .dt-css-grid .wf-cell.double-width {\n    width: calc(100%)*2;\n  }\n}<\/style><div class=\"gallery-shortcode dt-gallery-container gallery-masonry-shortcode-id-f2815fe6a5856636e36e284930a92b0b mode-grid jquery-filter dt-icon-bg-off quick-scale-img dt-css-grid-wrap enable-bg-rollover resize-by-browser-width  vc_custom_1742912171006 hover-fade loading-effect-fade-in description-on-hover\" data-padding=\"5px\" data-cur-page=\"1\" data-post-limit=\"-1\" data-pagination-mode=\"none\" data-desktop-columns-num=\"6\" data-v-tablet-columns-num=\"1\" data-h-tablet-columns-num=\"6\" data-phone-columns-num=\"1\" data-width=\"0px\" data-columns=\"0\"><div class=\"dt-css-grid\" ><div class=\"wf-cell\" data-post-id=\"4406\" data-date=\"2025-03-25T15:12:55+01:00\" data-name=\"Ch\u00eane\"><figure class=\"post visible\"><a href=\"https:\/\/g-block.be\/wp-content\/uploads\/2025\/03\/Chene-rotated.jpg\" class=\"rollover dt-pswp-item layzr-bg\" data-large_image_width=\"640\" data-large_image_height=\"480\" data-dt-img-description=\"\" title=\"Eik\"><img fetchpriority=\"high\" decoding=\"async\" class=\"preload-me iso-lazy-load aspect\" src=\"data:image\/svg+xml,%3Csvg%20xmlns%3D&#39;http%3A%2F%2Fwww.w3.org%2F2000%2Fsvg&#39;%20viewBox%3D&#39;0%200%20640%20479&#39;%2F%3E\" data-src=\"https:\/\/g-block.be\/wp-content\/uploads\/2025\/03\/Chene-rotated.jpg\" data-srcset=\"https:\/\/g-block.be\/wp-content\/uploads\/2025\/03\/Chene-rotated.jpg 640w\" loading=\"eager\" style=\"--ratio: 640 \/ 479\" sizes=\"(max-width: 640px) 100vw, 640px\" alt=\"\" width=\"640\" height=\"479\"  \/><span class=\"gallery-rollover\"><span class=\"gallery-zoom-ico icomoon-the7-font-the7-expand-04\"><span><\/span><\/span><\/span><\/a><\/figure><\/div><div class=\"wf-cell\" data-post-id=\"4405\" data-date=\"2025-03-25T15:12:53+01:00\" data-name=\"Wenge\"><figure class=\"post visible\"><a href=\"https:\/\/g-block.be\/wp-content\/uploads\/2025\/03\/Wenge-rotated.jpg\" class=\"rollover dt-pswp-item layzr-bg\" data-large_image_width=\"640\" data-large_image_height=\"480\" data-dt-img-description=\"\" title=\"Weng\u00e9\"><img decoding=\"async\" class=\"preload-me iso-lazy-load aspect\" src=\"data:image\/svg+xml,%3Csvg%20xmlns%3D&#39;http%3A%2F%2Fwww.w3.org%2F2000%2Fsvg&#39;%20viewBox%3D&#39;0%200%20640%20479&#39;%2F%3E\" data-src=\"https:\/\/g-block.be\/wp-content\/uploads\/2025\/03\/Wenge-rotated.jpg\" data-srcset=\"https:\/\/g-block.be\/wp-content\/uploads\/2025\/03\/Wenge-rotated.jpg 640w\" loading=\"eager\" style=\"--ratio: 640 \/ 479\" sizes=\"(max-width: 640px) 100vw, 640px\" alt=\"\" width=\"640\" height=\"479\"  \/><span class=\"gallery-rollover\"><span class=\"gallery-zoom-ico icomoon-the7-font-the7-expand-04\"><span><\/span><\/span><\/span><\/a><\/figure><\/div><div class=\"wf-cell\" data-post-id=\"4404\" data-date=\"2025-03-25T15:12:52+01:00\" data-name=\"Sapelli\"><figure class=\"post visible\"><a href=\"https:\/\/g-block.be\/wp-content\/uploads\/2025\/03\/Sapelli-rotated.jpg\" class=\"rollover dt-pswp-item layzr-bg\" data-large_image_width=\"640\" data-large_image_height=\"480\" data-dt-img-description=\"\" title=\"Sapelli\"><img decoding=\"async\" class=\"preload-me iso-lazy-load aspect\" src=\"data:image\/svg+xml,%3Csvg%20xmlns%3D&#39;http%3A%2F%2Fwww.w3.org%2F2000%2Fsvg&#39;%20viewBox%3D&#39;0%200%20640%20479&#39;%2F%3E\" data-src=\"https:\/\/g-block.be\/wp-content\/uploads\/2025\/03\/Sapelli-rotated.jpg\" data-srcset=\"https:\/\/g-block.be\/wp-content\/uploads\/2025\/03\/Sapelli-rotated.jpg 640w\" loading=\"eager\" style=\"--ratio: 640 \/ 479\" sizes=\"(max-width: 640px) 100vw, 640px\" alt=\"\" width=\"640\" height=\"479\"  \/><span class=\"gallery-rollover\"><span class=\"gallery-zoom-ico icomoon-the7-font-the7-expand-04\"><span><\/span><\/span><\/span><\/a><\/figure><\/div><div class=\"wf-cell\" data-post-id=\"4403\" data-date=\"2025-03-25T15:12:50+01:00\" data-name=\"Ockum\u00e9\"><figure class=\"post visible\"><a href=\"https:\/\/g-block.be\/wp-content\/uploads\/2025\/03\/Ockume.jpg\" class=\"rollover dt-pswp-item layzr-bg\" data-large_image_width=\"480\" data-large_image_height=\"640\" data-dt-img-description=\"\" title=\"Ockum\u00e9\"><img decoding=\"async\" class=\"preload-me iso-lazy-load aspect\" src=\"data:image\/svg+xml,%3Csvg%20xmlns%3D&#39;http%3A%2F%2Fwww.w3.org%2F2000%2Fsvg&#39;%20viewBox%3D&#39;0%200%20480%20359&#39;%2F%3E\" data-src=\"https:\/\/g-block.be\/wp-content\/uploads\/2025\/03\/Ockume-480x359.jpg\" data-srcset=\"https:\/\/g-block.be\/wp-content\/uploads\/2025\/03\/Ockume-480x359.jpg 480w\" loading=\"eager\" style=\"--ratio: 480 \/ 359\" sizes=\"(max-width: 480px) 100vw, 480px\" alt=\"\" width=\"480\" height=\"359\"  \/><span class=\"gallery-rollover\"><span class=\"gallery-zoom-ico icomoon-the7-font-the7-expand-04\"><span><\/span><\/span><\/span><\/a><\/figure><\/div><div class=\"wf-cell\" data-post-id=\"4402\" data-date=\"2025-03-25T15:12:48+01:00\" data-name=\"Noyer\"><figure class=\"post visible\"><a href=\"https:\/\/g-block.be\/wp-content\/uploads\/2025\/03\/Noyer-rotated.jpg\" class=\"rollover dt-pswp-item layzr-bg\" data-large_image_width=\"640\" data-large_image_height=\"480\" data-dt-img-description=\"\" title=\"Walnoot\"><img decoding=\"async\" class=\"preload-me iso-lazy-load aspect\" src=\"data:image\/svg+xml,%3Csvg%20xmlns%3D&#39;http%3A%2F%2Fwww.w3.org%2F2000%2Fsvg&#39;%20viewBox%3D&#39;0%200%20640%20479&#39;%2F%3E\" data-src=\"https:\/\/g-block.be\/wp-content\/uploads\/2025\/03\/Noyer-rotated.jpg\" data-srcset=\"https:\/\/g-block.be\/wp-content\/uploads\/2025\/03\/Noyer-rotated.jpg 640w\" loading=\"eager\" style=\"--ratio: 640 \/ 479\" sizes=\"(max-width: 640px) 100vw, 640px\" alt=\"\" width=\"640\" height=\"479\"  \/><span class=\"gallery-rollover\"><span class=\"gallery-zoom-ico icomoon-the7-font-the7-expand-04\"><span><\/span><\/span><\/span><\/a><\/figure><\/div><div class=\"wf-cell\" data-post-id=\"4401\" data-date=\"2025-03-25T15:12:47+01:00\" data-name=\"H\u00eatre\"><figure class=\"post visible\"><a href=\"https:\/\/g-block.be\/wp-content\/uploads\/2025\/03\/Hetre-rotated.jpg\" class=\"rollover dt-pswp-item layzr-bg\" data-large_image_width=\"640\" data-large_image_height=\"480\" data-dt-img-description=\"\" title=\"Beuken\"><img decoding=\"async\" class=\"preload-me iso-lazy-load aspect\" src=\"data:image\/svg+xml,%3Csvg%20xmlns%3D&#39;http%3A%2F%2Fwww.w3.org%2F2000%2Fsvg&#39;%20viewBox%3D&#39;0%200%20640%20479&#39;%2F%3E\" data-src=\"https:\/\/g-block.be\/wp-content\/uploads\/2025\/03\/Hetre-rotated.jpg\" data-srcset=\"https:\/\/g-block.be\/wp-content\/uploads\/2025\/03\/Hetre-rotated.jpg 640w\" loading=\"eager\" style=\"--ratio: 640 \/ 479\" sizes=\"(max-width: 640px) 100vw, 640px\" alt=\"\" width=\"640\" height=\"479\"  \/><span class=\"gallery-rollover\"><span class=\"gallery-zoom-ico icomoon-the7-font-the7-expand-04\"><span><\/span><\/span><\/span><\/a><\/figure><\/div><\/div><!-- iso-container|iso-grid --><\/div><\/div><\/div><\/div><\/div><\/div><\/div><\/div><\/div><\/div><\/div><\/div><\/div><\/div><\/div>\n<\/div>","protected":false},"excerpt":{"rendered":"<p>Finition en bois D\u00e9couvrez la gamme de finitions en bois de G-Block, id\u00e9ale pour donner un aspect naturel et \u00e9l\u00e9gant \u00e0 vos portes. Nos placages de 4 mm sont r\u00e9alis\u00e9s avec du bois de qualit\u00e9 sup\u00e9rieure, offrant un rendu esth\u00e9tique et durable. Caract\u00e9ristiques des placages en bois Deux faces : Face A en placage de&hellip;<\/p>","protected":false},"author":2,"featured_media":4407,"parent":0,"menu_order":0,"comment_status":"closed","ping_status":"closed","template":"","meta":{"footnotes":""},"class_list":["post-4398","page","type-page","status-publish","has-post-thumbnail","hentry","description-off"],"yoast_head":"<!-- This site is optimized with the Yoast SEO plugin v27.5 - https:\/\/yoast.com\/product\/yoast-seo-wordpress\/ -->\n<title>Finition en Bois pour Portes - Esth\u00e9tique et Durabilit\u00e9 | G-Block<\/title>\n<meta name=\"description\" content=\"D\u00e9couvrez les finitions en bois de G-Block pour sublimer vos portes. Placages en bois de qualit\u00e9 sup\u00e9rieure disponibles en plusieurs essences. Contactez-nous.\" \/>\n<meta name=\"robots\" content=\"index, follow, max-snippet:-1, max-image-preview:large, max-video-preview:-1\" \/>\n<link rel=\"canonical\" href=\"https:\/\/g-block.be\/nl\/houten-afwerking\/\" \/>\n<meta property=\"og:locale\" content=\"nl_NL\" \/>\n<meta property=\"og:type\" content=\"article\" \/>\n<meta property=\"og:title\" content=\"Finition en Bois pour Portes - Esth\u00e9tique et Durabilit\u00e9 | G-Block\" \/>\n<meta property=\"og:description\" content=\"Ajoutez une touche naturelle \u00e0 vos portes avec les finitions en bois de G-Block. Qualit\u00e9 sup\u00e9rieure et esth\u00e9tique garantie ! #FinitionBois #Portes #GBock\" \/>\n<meta property=\"og:url\" content=\"https:\/\/g-block.be\/nl\/houten-afwerking\/\" \/>\n<meta property=\"og:site_name\" content=\"G-Block\" \/>\n<meta property=\"article:modified_time\" content=\"2025-03-31T08:55:56+00:00\" \/>\n<meta property=\"og:image\" content=\"https:\/\/g-block.be\/wp-content\/uploads\/2025\/03\/ensemble.png\" \/>\n\t<meta property=\"og:image:width\" content=\"1280\" \/>\n\t<meta property=\"og:image:height\" content=\"800\" \/>\n\t<meta property=\"og:image:type\" content=\"image\/png\" \/>\n<meta name=\"twitter:card\" content=\"summary_large_image\" \/>\n<meta name=\"twitter:title\" content=\"Finition en Bois pour Portes - Esth\u00e9tique et Durabilit\u00e9 | G-Block\" \/>\n<meta name=\"twitter:description\" content=\"Ajoutez une touche naturelle \u00e0 vos portes avec les finitions en bois de G-Block. Qualit\u00e9 sup\u00e9rieure et esth\u00e9tique garantie ! #FinitionBois #Portes #GBock\" \/>\n<meta name=\"twitter:image\" content=\"https:\/\/g-block.be\/wp-content\/uploads\/2025\/03\/ensemble.png\" \/>\n<meta name=\"twitter:label1\" content=\"Geschatte leestijd\" \/>\n\t<meta name=\"twitter:data1\" content=\"3 minuten\" \/>\n<script type=\"application\/ld+json\" class=\"yoast-schema-graph\">{\"@context\":\"https:\\\/\\\/schema.org\",\"@graph\":[{\"@type\":\"WebPage\",\"@id\":\"https:\\\/\\\/g-block.be\\\/finition-en-bois\\\/\",\"url\":\"https:\\\/\\\/g-block.be\\\/finition-en-bois\\\/\",\"name\":\"Finition en Bois pour Portes - Esth\u00e9tique et Durabilit\u00e9 | G-Block\",\"isPartOf\":{\"@id\":\"https:\\\/\\\/g-block.be\\\/#website\"},\"primaryImageOfPage\":{\"@id\":\"https:\\\/\\\/g-block.be\\\/finition-en-bois\\\/#primaryimage\"},\"image\":{\"@id\":\"https:\\\/\\\/g-block.be\\\/finition-en-bois\\\/#primaryimage\"},\"thumbnailUrl\":\"https:\\\/\\\/g-block.be\\\/wp-content\\\/uploads\\\/2025\\\/03\\\/ensemble.png\",\"datePublished\":\"2025-03-25T14:16:28+00:00\",\"dateModified\":\"2025-03-31T08:55:56+00:00\",\"description\":\"D\u00e9couvrez les finitions en bois de G-Block pour sublimer vos portes. Placages en bois de qualit\u00e9 sup\u00e9rieure disponibles en plusieurs essences. Contactez-nous.\",\"breadcrumb\":{\"@id\":\"https:\\\/\\\/g-block.be\\\/finition-en-bois\\\/#breadcrumb\"},\"inLanguage\":\"nl-NL\",\"potentialAction\":[{\"@type\":\"ReadAction\",\"target\":[\"https:\\\/\\\/g-block.be\\\/finition-en-bois\\\/\"]}]},{\"@type\":\"ImageObject\",\"inLanguage\":\"nl-NL\",\"@id\":\"https:\\\/\\\/g-block.be\\\/finition-en-bois\\\/#primaryimage\",\"url\":\"https:\\\/\\\/g-block.be\\\/wp-content\\\/uploads\\\/2025\\\/03\\\/ensemble.png\",\"contentUrl\":\"https:\\\/\\\/g-block.be\\\/wp-content\\\/uploads\\\/2025\\\/03\\\/ensemble.png\",\"width\":1280,\"height\":800},{\"@type\":\"BreadcrumbList\",\"@id\":\"https:\\\/\\\/g-block.be\\\/finition-en-bois\\\/#breadcrumb\",\"itemListElement\":[{\"@type\":\"ListItem\",\"position\":1,\"name\":\"Accueil\",\"item\":\"https:\\\/\\\/g-block.be\\\/\"},{\"@type\":\"ListItem\",\"position\":2,\"name\":\"Finition en Bois\"}]},{\"@type\":\"WebSite\",\"@id\":\"https:\\\/\\\/g-block.be\\\/#website\",\"url\":\"https:\\\/\\\/g-block.be\\\/\",\"name\":\"G-Block\",\"description\":\"\",\"potentialAction\":[{\"@type\":\"SearchAction\",\"target\":{\"@type\":\"EntryPoint\",\"urlTemplate\":\"https:\\\/\\\/g-block.be\\\/?s={search_term_string}\"},\"query-input\":{\"@type\":\"PropertyValueSpecification\",\"valueRequired\":true,\"valueName\":\"search_term_string\"}}],\"inLanguage\":\"nl-NL\"}]}<\/script>\n<!-- \/ Yoast SEO plugin. -->","yoast_head_json":{"title":"Afwerking voor houten deuren - Esthetiek en duurzaamheid | G-Block","description":"Ontdek de houtafwerkingen van G-Block om uw deuren te verfraaien. Houtfineer van hoge kwaliteit verkrijgbaar in verschillende soorten. Neem contact met ons op voor meer informatie.","robots":{"index":"index","follow":"follow","max-snippet":"max-snippet:-1","max-image-preview":"max-image-preview:large","max-video-preview":"max-video-preview:-1"},"canonical":"https:\/\/g-block.be\/nl\/houten-afwerking\/","og_locale":"nl_NL","og_type":"article","og_title":"Finition en Bois pour Portes - Esth\u00e9tique et Durabilit\u00e9 | G-Block","og_description":"Ajoutez une touche naturelle \u00e0 vos portes avec les finitions en bois de G-Block. Qualit\u00e9 sup\u00e9rieure et esth\u00e9tique garantie ! #FinitionBois #Portes #GBock","og_url":"https:\/\/g-block.be\/nl\/houten-afwerking\/","og_site_name":"G-Block","article_modified_time":"2025-03-31T08:55:56+00:00","og_image":[{"width":1280,"height":800,"url":"https:\/\/g-block.be\/wp-content\/uploads\/2025\/03\/ensemble.png","type":"image\/png"}],"twitter_card":"summary_large_image","twitter_title":"Finition en Bois pour Portes - Esth\u00e9tique et Durabilit\u00e9 | G-Block","twitter_description":"Ajoutez une touche naturelle \u00e0 vos portes avec les finitions en bois de G-Block. Qualit\u00e9 sup\u00e9rieure et esth\u00e9tique garantie ! #FinitionBois #Portes #GBock","twitter_image":"https:\/\/g-block.be\/wp-content\/uploads\/2025\/03\/ensemble.png","twitter_misc":{"Geschatte leestijd":"3 minuten"},"schema":{"@context":"https:\/\/schema.org","@graph":[{"@type":"WebPage","@id":"https:\/\/g-block.be\/finition-en-bois\/","url":"https:\/\/g-block.be\/finition-en-bois\/","name":"Afwerking voor houten deuren - Esthetiek en duurzaamheid | G-Block","isPartOf":{"@id":"https:\/\/g-block.be\/#website"},"primaryImageOfPage":{"@id":"https:\/\/g-block.be\/finition-en-bois\/#primaryimage"},"image":{"@id":"https:\/\/g-block.be\/finition-en-bois\/#primaryimage"},"thumbnailUrl":"https:\/\/g-block.be\/wp-content\/uploads\/2025\/03\/ensemble.png","datePublished":"2025-03-25T14:16:28+00:00","dateModified":"2025-03-31T08:55:56+00:00","description":"Ontdek de houtafwerkingen van G-Block om uw deuren te verfraaien. Houtfineer van hoge kwaliteit verkrijgbaar in verschillende soorten. Neem contact met ons op voor meer informatie.","breadcrumb":{"@id":"https:\/\/g-block.be\/finition-en-bois\/#breadcrumb"},"inLanguage":"nl-NL","potentialAction":[{"@type":"ReadAction","target":["https:\/\/g-block.be\/finition-en-bois\/"]}]},{"@type":"ImageObject","inLanguage":"nl-NL","@id":"https:\/\/g-block.be\/finition-en-bois\/#primaryimage","url":"https:\/\/g-block.be\/wp-content\/uploads\/2025\/03\/ensemble.png","contentUrl":"https:\/\/g-block.be\/wp-content\/uploads\/2025\/03\/ensemble.png","width":1280,"height":800},{"@type":"BreadcrumbList","@id":"https:\/\/g-block.be\/finition-en-bois\/#breadcrumb","itemListElement":[{"@type":"ListItem","position":1,"name":"Accueil","item":"https:\/\/g-block.be\/"},{"@type":"ListItem","position":2,"name":"Finition en Bois"}]},{"@type":"WebSite","@id":"https:\/\/g-block.be\/#website","url":"https:\/\/g-block.be\/","name":"G-blok","description":"","potentialAction":[{"@type":"SearchAction","target":{"@type":"EntryPoint","urlTemplate":"https:\/\/g-block.be\/?s={search_term_string}"},"query-input":{"@type":"PropertyValueSpecification","valueRequired":true,"valueName":"search_term_string"}}],"inLanguage":"nl-NL"}]}},"_links":{"self":[{"href":"https:\/\/g-block.be\/nl\/wp-json\/wp\/v2\/pages\/4398","targetHints":{"allow":["GET"]}}],"collection":[{"href":"https:\/\/g-block.be\/nl\/wp-json\/wp\/v2\/pages"}],"about":[{"href":"https:\/\/g-block.be\/nl\/wp-json\/wp\/v2\/types\/page"}],"author":[{"embeddable":true,"href":"https:\/\/g-block.be\/nl\/wp-json\/wp\/v2\/users\/2"}],"replies":[{"embeddable":true,"href":"https:\/\/g-block.be\/nl\/wp-json\/wp\/v2\/comments?post=4398"}],"version-history":[{"count":8,"href":"https:\/\/g-block.be\/nl\/wp-json\/wp\/v2\/pages\/4398\/revisions"}],"predecessor-version":[{"id":4422,"href":"https:\/\/g-block.be\/nl\/wp-json\/wp\/v2\/pages\/4398\/revisions\/4422"}],"wp:featuredmedia":[{"embeddable":true,"href":"https:\/\/g-block.be\/nl\/wp-json\/wp\/v2\/media\/4407"}],"wp:attachment":[{"href":"https:\/\/g-block.be\/nl\/wp-json\/wp\/v2\/media?parent=4398"}],"curies":[{"name":"wp","href":"https:\/\/api.w.org\/{rel}","templated":true}]}}