{"id":4412,"date":"2025-03-25T15:21:13","date_gmt":"2025-03-25T14:21:13","guid":{"rendered":"https:\/\/g-block.be\/?page_id=4412"},"modified":"2025-03-31T10:55:23","modified_gmt":"2025-03-31T08:55:23","slug":"lakafwerking","status":"publish","type":"page","link":"https:\/\/g-block.be\/nl\/lakafwerking\/","title":{"rendered":"Lakafwerking"},"content":{"rendered":"<div class=\"wpb-content-wrapper\"><div class=\"vc_row wpb_row vc_row-fluid dt-default\" style=\"margin-top: 0px;margin-bottom: 0px\"><div class=\"wpb_column vc_column_container vc_col-sm-12\"><div class=\"vc_column-inner\"><div class=\"wpb_wrapper\"><div class=\"vc_tta-container\" data-vc-action=\"collapseAll\"><div class=\"vc_general vc_tta vc_tta-accordion vc_tta-color-grey vc_tta-style-classic vc_tta-shape-rounded vc_tta-o-shape-group vc_tta-controls-align-default vc_tta-o-all-clickable\"><div class=\"vc_tta-panels-container\"><div class=\"vc_tta-panels\"><div class=\"vc_tta-panel\" id=\"1737586146864-6206c0cb-e308\" data-vc-content=\".vc_tta-panel-body\"><div class=\"vc_tta-panel-heading\"><h4 class=\"vc_tta-panel-title vc_tta-controls-icon-position-left\"><a href=\"#1737586146864-6206c0cb-e308\" data-vc-accordion data-vc-container=\".vc_tta-container\"><span class=\"vc_tta-title-text\">Lakafwerking<\/span><i class=\"vc_tta-controls-icon vc_tta-controls-icon-plus\"><\/i><\/a><\/h4><\/div><div class=\"vc_tta-panel-body\"><div class=\"vc_row wpb_row vc_inner vc_row-fluid\"><div class=\"wpb_column vc_column_container vc_col-sm-4\"><div class=\"vc_column-inner\"><div class=\"wpb_wrapper\">\n\t<div  class=\"wpb_single_image wpb_content_element vc_align_left\">\n\t\t\n\t\t<figure class=\"wpb_wrapper vc_figure\">\n\t\t\t<div class=\"vc_single_image-wrapper   vc_box_border_grey\"><img loading=\"lazy\" decoding=\"async\" width=\"1268\" height=\"664\" src=\"https:\/\/g-block.be\/wp-content\/uploads\/2025\/03\/nuancier-ral-couleur.jpg\" class=\"vc_single_image-img attachment-full\" alt=\"\" title=\"kleurenkaart\" srcset=\"https:\/\/g-block.be\/wp-content\/uploads\/2025\/03\/nuancier-ral-couleur.jpg 1268w, https:\/\/g-block.be\/wp-content\/uploads\/2025\/03\/nuancier-ral-couleur-300x157.jpg 300w, https:\/\/g-block.be\/wp-content\/uploads\/2025\/03\/nuancier-ral-couleur-1024x536.jpg 1024w, https:\/\/g-block.be\/wp-content\/uploads\/2025\/03\/nuancier-ral-couleur-768x402.jpg 768w\" sizes=\"auto, (max-width: 1268px) 100vw, 1268px\"  data-dt-location=\"https:\/\/g-block.be\/nl\/lakafwerking\/ral-kleurenkaart\/\" \/><\/div>\n\t\t<\/figure>\n\t<\/div>\n\n\t<div class=\"wpb_text_column wpb_content_element  vc_custom_1742912336383\" >\n\t\t<div class=\"wpb_wrapper\">\n\t\t\t<h4>De finishing touch voor perfecte deuren<\/h4>\n<h5>Bij G-Block bieden we een hoogwaardige lakafwerking voor uw deuren, zodat ze er netjes en duurzaam uitzien. Lees meer over onze verfopties en de voordelen van het kiezen van een professionele afwerking voor uw deuren.<\/h5>\n\n\t\t<\/div>\n\t<\/div>\n<\/div><\/div><\/div><div class=\"wpb_column vc_column_container vc_col-sm-8\"><div class=\"vc_column-inner\"><div class=\"wpb_wrapper\">\n\t<div class=\"wpb_text_column wpb_content_element\" >\n\t\t<div class=\"wpb_wrapper\">\n\t\t\t<h4>Kenmerken<\/h4>\n<p><strong>Voorgeverfd :<\/strong> Al onze deuren verlaten onze werkplaatsen met een RAL 9010 primer\/hanger.<\/p>\n<p><strong>Optie:<\/strong> Op verzoek kunnen we een gestructureerde \"M\" vloeibare verf aanbrengen in de RAL van je keuze, afhankelijk van de beschikbaarheid bij onze leveranciers.<\/p>\n<p><strong>Aanbevelingen:<\/strong> Als je deur wordt blootgesteld aan de zon, raden we het gebruik van een donkere kleur sterk af.<\/p>\n\n\t\t<\/div>\n\t<\/div>\n<\/div><\/div><\/div><\/div><\/div><\/div><\/div><\/div><\/div><\/div><\/div><\/div><\/div><\/div>\n<\/div>","protected":false},"excerpt":{"rendered":"<p>Finition peinture La touche finale pour des portes parfaites Chez G-Block, nous vous proposons une finition peinture de haute qualit\u00e9 pour vos portes, afin de leur donner un aspect soign\u00e9 et durable. D\u00e9couvrez nos options de peinture et les avantages de choisir une finition professionnelle pour vos portes. Caract\u00e9ristiques Pr\u00e9-peintes : toutes nos portes sortent&hellip;<\/p>","protected":false},"author":2,"featured_media":4413,"parent":0,"menu_order":0,"comment_status":"closed","ping_status":"closed","template":"","meta":{"footnotes":""},"class_list":["post-4412","page","type-page","status-publish","has-post-thumbnail","hentry","description-off"],"yoast_head":"<!-- This site is optimized with the Yoast SEO plugin v27.4 - https:\/\/yoast.com\/product\/yoast-seo-wordpress\/ -->\n<title>Finition Peinture pour Portes - Qualit\u00e9 et Personnalisation | G-Block<\/title>\n<meta name=\"description\" content=\"D\u00e9couvrez la finition peinture de G-Block pour vos portes. Options de couleurs personnalis\u00e9es. Contactez-nous pour en savoir plus.\" \/>\n<meta name=\"robots\" content=\"index, follow, max-snippet:-1, max-image-preview:large, max-video-preview:-1\" \/>\n<link rel=\"canonical\" href=\"https:\/\/g-block.be\/nl\/lakafwerking\/\" \/>\n<meta property=\"og:locale\" content=\"nl_NL\" \/>\n<meta property=\"og:type\" content=\"article\" \/>\n<meta property=\"og:title\" content=\"Finition Peinture pour Portes - Qualit\u00e9 et Personnalisation | G-Block\" \/>\n<meta property=\"og:description\" content=\"Offrez \u00e0 vos portes une finition parfaite avec la peinture de G-Block. Choisissez parmi une large gamme de couleurs ! #FinitionPeinture #Portes #GBlock\" \/>\n<meta property=\"og:url\" content=\"https:\/\/g-block.be\/nl\/lakafwerking\/\" \/>\n<meta property=\"og:site_name\" content=\"G-Block\" \/>\n<meta property=\"article:modified_time\" content=\"2025-03-31T08:55:23+00:00\" \/>\n<meta property=\"og:image\" content=\"https:\/\/g-block.be\/wp-content\/uploads\/2025\/03\/nuancier-ral-couleur.jpg\" \/>\n\t<meta property=\"og:image:width\" content=\"1268\" \/>\n\t<meta property=\"og:image:height\" content=\"664\" \/>\n\t<meta property=\"og:image:type\" content=\"image\/jpeg\" \/>\n<meta name=\"twitter:card\" content=\"summary_large_image\" \/>\n<meta name=\"twitter:title\" content=\"Finition Peinture pour Portes - Qualit\u00e9 et Personnalisation | G-Block\" \/>\n<meta name=\"twitter:description\" content=\"Offrez \u00e0 vos portes une finition parfaite avec la peinture de G-Block. Choisissez parmi une large gamme de couleurs ! #FinitionPeinture #Portes #GBlock\" \/>\n<meta name=\"twitter:image\" content=\"https:\/\/g-block.be\/wp-content\/uploads\/2025\/03\/nuancier-ral-couleur.jpg\" \/>\n<meta name=\"twitter:label1\" content=\"Geschatte leestijd\" \/>\n\t<meta name=\"twitter:data1\" content=\"2 minuten\" \/>\n<script type=\"application\/ld+json\" class=\"yoast-schema-graph\">{\"@context\":\"https:\\\/\\\/schema.org\",\"@graph\":[{\"@type\":\"WebPage\",\"@id\":\"https:\\\/\\\/g-block.be\\\/finition-peinture\\\/\",\"url\":\"https:\\\/\\\/g-block.be\\\/finition-peinture\\\/\",\"name\":\"Finition Peinture pour Portes - Qualit\u00e9 et Personnalisation | G-Block\",\"isPartOf\":{\"@id\":\"https:\\\/\\\/g-block.be\\\/#website\"},\"primaryImageOfPage\":{\"@id\":\"https:\\\/\\\/g-block.be\\\/finition-peinture\\\/#primaryimage\"},\"image\":{\"@id\":\"https:\\\/\\\/g-block.be\\\/finition-peinture\\\/#primaryimage\"},\"thumbnailUrl\":\"https:\\\/\\\/g-block.be\\\/wp-content\\\/uploads\\\/2025\\\/03\\\/nuancier-ral-couleur.jpg\",\"datePublished\":\"2025-03-25T14:21:13+00:00\",\"dateModified\":\"2025-03-31T08:55:23+00:00\",\"description\":\"D\u00e9couvrez la finition peinture de G-Block pour vos portes. Options de couleurs personnalis\u00e9es. Contactez-nous pour en savoir plus.\",\"breadcrumb\":{\"@id\":\"https:\\\/\\\/g-block.be\\\/finition-peinture\\\/#breadcrumb\"},\"inLanguage\":\"nl-NL\",\"potentialAction\":[{\"@type\":\"ReadAction\",\"target\":[\"https:\\\/\\\/g-block.be\\\/finition-peinture\\\/\"]}]},{\"@type\":\"ImageObject\",\"inLanguage\":\"nl-NL\",\"@id\":\"https:\\\/\\\/g-block.be\\\/finition-peinture\\\/#primaryimage\",\"url\":\"https:\\\/\\\/g-block.be\\\/wp-content\\\/uploads\\\/2025\\\/03\\\/nuancier-ral-couleur.jpg\",\"contentUrl\":\"https:\\\/\\\/g-block.be\\\/wp-content\\\/uploads\\\/2025\\\/03\\\/nuancier-ral-couleur.jpg\",\"width\":1268,\"height\":664},{\"@type\":\"BreadcrumbList\",\"@id\":\"https:\\\/\\\/g-block.be\\\/finition-peinture\\\/#breadcrumb\",\"itemListElement\":[{\"@type\":\"ListItem\",\"position\":1,\"name\":\"Accueil\",\"item\":\"https:\\\/\\\/g-block.be\\\/\"},{\"@type\":\"ListItem\",\"position\":2,\"name\":\"Finition peinture\"}]},{\"@type\":\"WebSite\",\"@id\":\"https:\\\/\\\/g-block.be\\\/#website\",\"url\":\"https:\\\/\\\/g-block.be\\\/\",\"name\":\"G-Block\",\"description\":\"\",\"potentialAction\":[{\"@type\":\"SearchAction\",\"target\":{\"@type\":\"EntryPoint\",\"urlTemplate\":\"https:\\\/\\\/g-block.be\\\/?s={search_term_string}\"},\"query-input\":{\"@type\":\"PropertyValueSpecification\",\"valueRequired\":true,\"valueName\":\"search_term_string\"}}],\"inLanguage\":\"nl-NL\"}]}<\/script>\n<!-- \/ Yoast SEO plugin. -->","yoast_head_json":{"title":"Finition Peinture pour Portes - Qualit\u00e9 et Personnalisation | G-Block","description":"D\u00e9couvrez la finition peinture de G-Block pour vos portes. Options de couleurs personnalis\u00e9es. Contactez-nous pour en savoir plus.","robots":{"index":"index","follow":"follow","max-snippet":"max-snippet:-1","max-image-preview":"max-image-preview:large","max-video-preview":"max-video-preview:-1"},"canonical":"https:\/\/g-block.be\/nl\/lakafwerking\/","og_locale":"nl_NL","og_type":"article","og_title":"Finition Peinture pour Portes - Qualit\u00e9 et Personnalisation | G-Block","og_description":"Offrez \u00e0 vos portes une finition parfaite avec la peinture de G-Block. Choisissez parmi une large gamme de couleurs ! #FinitionPeinture #Portes #GBlock","og_url":"https:\/\/g-block.be\/nl\/lakafwerking\/","og_site_name":"G-Block","article_modified_time":"2025-03-31T08:55:23+00:00","og_image":[{"width":1268,"height":664,"url":"https:\/\/g-block.be\/wp-content\/uploads\/2025\/03\/nuancier-ral-couleur.jpg","type":"image\/jpeg"}],"twitter_card":"summary_large_image","twitter_title":"Finition Peinture pour Portes - Qualit\u00e9 et Personnalisation | G-Block","twitter_description":"Offrez \u00e0 vos portes une finition parfaite avec la peinture de G-Block. Choisissez parmi une large gamme de couleurs ! #FinitionPeinture #Portes #GBlock","twitter_image":"https:\/\/g-block.be\/wp-content\/uploads\/2025\/03\/nuancier-ral-couleur.jpg","twitter_misc":{"Geschatte leestijd":"2 minuten"},"schema":{"@context":"https:\/\/schema.org","@graph":[{"@type":"WebPage","@id":"https:\/\/g-block.be\/finition-peinture\/","url":"https:\/\/g-block.be\/finition-peinture\/","name":"Finition Peinture pour Portes - Qualit\u00e9 et Personnalisation | G-Block","isPartOf":{"@id":"https:\/\/g-block.be\/#website"},"primaryImageOfPage":{"@id":"https:\/\/g-block.be\/finition-peinture\/#primaryimage"},"image":{"@id":"https:\/\/g-block.be\/finition-peinture\/#primaryimage"},"thumbnailUrl":"https:\/\/g-block.be\/wp-content\/uploads\/2025\/03\/nuancier-ral-couleur.jpg","datePublished":"2025-03-25T14:21:13+00:00","dateModified":"2025-03-31T08:55:23+00:00","description":"D\u00e9couvrez la finition peinture de G-Block pour vos portes. Options de couleurs personnalis\u00e9es. Contactez-nous pour en savoir plus.","breadcrumb":{"@id":"https:\/\/g-block.be\/finition-peinture\/#breadcrumb"},"inLanguage":"nl-NL","potentialAction":[{"@type":"ReadAction","target":["https:\/\/g-block.be\/finition-peinture\/"]}]},{"@type":"ImageObject","inLanguage":"nl-NL","@id":"https:\/\/g-block.be\/finition-peinture\/#primaryimage","url":"https:\/\/g-block.be\/wp-content\/uploads\/2025\/03\/nuancier-ral-couleur.jpg","contentUrl":"https:\/\/g-block.be\/wp-content\/uploads\/2025\/03\/nuancier-ral-couleur.jpg","width":1268,"height":664},{"@type":"BreadcrumbList","@id":"https:\/\/g-block.be\/finition-peinture\/#breadcrumb","itemListElement":[{"@type":"ListItem","position":1,"name":"Accueil","item":"https:\/\/g-block.be\/"},{"@type":"ListItem","position":2,"name":"Finition peinture"}]},{"@type":"WebSite","@id":"https:\/\/g-block.be\/#website","url":"https:\/\/g-block.be\/","name":"G-blok","description":"","potentialAction":[{"@type":"SearchAction","target":{"@type":"EntryPoint","urlTemplate":"https:\/\/g-block.be\/?s={search_term_string}"},"query-input":{"@type":"PropertyValueSpecification","valueRequired":true,"valueName":"search_term_string"}}],"inLanguage":"nl-NL"}]}},"_links":{"self":[{"href":"https:\/\/g-block.be\/nl\/wp-json\/wp\/v2\/pages\/4412","targetHints":{"allow":["GET"]}}],"collection":[{"href":"https:\/\/g-block.be\/nl\/wp-json\/wp\/v2\/pages"}],"about":[{"href":"https:\/\/g-block.be\/nl\/wp-json\/wp\/v2\/types\/page"}],"author":[{"embeddable":true,"href":"https:\/\/g-block.be\/nl\/wp-json\/wp\/v2\/users\/2"}],"replies":[{"embeddable":true,"href":"https:\/\/g-block.be\/nl\/wp-json\/wp\/v2\/comments?post=4412"}],"version-history":[{"count":2,"href":"https:\/\/g-block.be\/nl\/wp-json\/wp\/v2\/pages\/4412\/revisions"}],"predecessor-version":[{"id":4415,"href":"https:\/\/g-block.be\/nl\/wp-json\/wp\/v2\/pages\/4412\/revisions\/4415"}],"wp:featuredmedia":[{"embeddable":true,"href":"https:\/\/g-block.be\/nl\/wp-json\/wp\/v2\/media\/4413"}],"wp:attachment":[{"href":"https:\/\/g-block.be\/nl\/wp-json\/wp\/v2\/media?parent=4412"}],"curies":[{"name":"wp","href":"https:\/\/api.w.org\/{rel}","templated":true}]}}