{"id":4420,"date":"2025-03-25T15:54:13","date_gmt":"2025-03-25T14:54:13","guid":{"rendered":"https:\/\/g-block.be\/?page_id=4420"},"modified":"2025-03-31T10:47:41","modified_gmt":"2025-03-31T08:47:41","slug":"scharnier-draaiapparaat-scharnier","status":"publish","type":"page","link":"https:\/\/g-block.be\/nl\/scharnier-draaiapparaat-scharnier\/","title":{"rendered":"Organe de rotation &#8211; Paumelle-Charni\u00e8re"},"content":{"rendered":"<div class=\"wpb-content-wrapper\"><div class=\"vc_row wpb_row vc_row-fluid dt-default\" style=\"margin-top: 0px;margin-bottom: 0px\"><div class=\"wpb_column vc_column_container vc_col-sm-12\"><div class=\"vc_column-inner\"><div class=\"wpb_wrapper\"><div class=\"vc_tta-container\" data-vc-action=\"collapseAll\"><div class=\"vc_general vc_tta vc_tta-accordion vc_tta-color-grey vc_tta-style-classic vc_tta-shape-rounded vc_tta-o-shape-group vc_tta-controls-align-default vc_tta-o-all-clickable\"><div class=\"vc_tta-panels-container\"><div class=\"vc_tta-panels\"><div class=\"vc_tta-panel\" id=\"1737586146864-6206c0cb-e308\" data-vc-content=\".vc_tta-panel-body\"><div class=\"vc_tta-panel-heading\"><h4 class=\"vc_tta-panel-title vc_tta-controls-icon-position-left\"><a href=\"#1737586146864-6206c0cb-e308\" data-vc-accordion data-vc-container=\".vc_tta-container\"><span class=\"vc_tta-title-text\">Organe de rotation - Paumelle-Charni\u00e8re<\/span><i class=\"vc_tta-controls-icon vc_tta-controls-icon-plus\"><\/i><\/a><\/h4><\/div><div class=\"vc_tta-panel-body\"><div class=\"vc_row wpb_row vc_inner vc_row-fluid\"><div class=\"wpb_column vc_column_container vc_col-sm-4\"><div class=\"vc_column-inner\"><div class=\"wpb_wrapper\">\n\t<div  class=\"wpb_single_image wpb_content_element vc_align_left\">\n\t\t\n\t\t<figure class=\"wpb_wrapper vc_figure\">\n\t\t\t<div class=\"vc_single_image-wrapper   vc_box_border_grey\"><img loading=\"lazy\" decoding=\"async\" width=\"800\" height=\"470\" src=\"https:\/\/g-block.be\/wp-content\/uploads\/2025\/03\/comunello-gate-498_498z-02.jpg\" class=\"vc_single_image-img attachment-full\" alt=\"\" title=\"comunello-gate-498_498z-02\" srcset=\"https:\/\/g-block.be\/wp-content\/uploads\/2025\/03\/comunello-gate-498_498z-02.jpg 800w, https:\/\/g-block.be\/wp-content\/uploads\/2025\/03\/comunello-gate-498_498z-02-300x176.jpg 300w, https:\/\/g-block.be\/wp-content\/uploads\/2025\/03\/comunello-gate-498_498z-02-768x451.jpg 768w\" sizes=\"auto, (max-width: 800px) 100vw, 800px\"  data-dt-location=\"https:\/\/g-block.be\/nl\/scharnier-draaiapparaat-scharnier\/comunello-poort-498_498z-02\/\" \/><\/div>\n\t\t<\/figure>\n\t<\/div>\n\n\t<div class=\"wpb_text_column wpb_content_element  vc_custom_1742913082022\" >\n\t\t<div class=\"wpb_wrapper\">\n\t\t\t<h4>Charni\u00e8res de haute performance pour vos portes<\/h4>\n<h5>Les paumelles-charni\u00e8res sont des composants essentiels pour assurer le bon fonctionnement et la durabilit\u00e9 de vos portes. Chez G-Block, nous proposons une gamme vari\u00e9e de paumelles \u00e0 souder, adapt\u00e9es \u00e0 diff\u00e9rentes configurations et besoins de s\u00e9curit\u00e9.<\/h5>\n\n\t\t<\/div>\n\t<\/div>\n<\/div><\/div><\/div><div class=\"wpb_column vc_column_container vc_col-sm-8\"><div class=\"vc_column-inner\"><div class=\"wpb_wrapper\">\n\t<div class=\"wpb_text_column wpb_content_element \" >\n\t\t<div class=\"wpb_wrapper\">\n\t\t\t<h4>Caract\u00e9ristiques<\/h4>\n<ul>\n<li><strong>Moyen de Suspension efficace :<\/strong> Les vantaux sont suspendus \u00e0 l\u2019huisserie \u00e0 l\u2019aide d\u2019au moins deux paumelles soud\u00e9es en acier de diam\u00e8tre ext\u00e9rieur de minimum 20 mm. Ces paumelles, mont\u00e9es sur roulement \u00e0 billes, offrent une grande inertie et permettent des ouvertures jusqu\u2019\u00e0 180\u00b0, selon les situations.<\/li>\n<li><strong>S\u00e9curit\u00e9 renforc\u00e9e :<\/strong> Nos paumelles sont con\u00e7ues pour emp\u00eacher d\u2019en chasser l\u2019axe, augmentant ainsi la s\u00e9curit\u00e9. En option, des points anti-d\u00e9gondage peuvent \u00eatre ajout\u00e9s, particuli\u00e8rement utiles pour les portes dont les paumelles sont \u00e0 l\u2019ext\u00e9rieur du local \u00e0 s\u00e9curiser<\/li>\n<li><strong>Paumelles invisibles :<\/strong> Pour une s\u00e9curit\u00e9 et esth\u00e9tique accrues, nous proposons \u00e9galement des paumelles dites \u00ab\u00a0invisibles\u00a0\u00bb. Celles-ci sont cach\u00e9es lorsque la porte est ferm\u00e9e, \u00e0 l&rsquo;abri des regards ind\u00e9sirables. Notez que ce syst\u00e8me ne peut \u00eatre appliqu\u00e9 \u00e0 tous les types de vantaux. Veuillez nous consulter pour plus de d\u00e9tails. [Lien page contact]<\/li>\n<\/ul>\n\n\t\t<\/div>\n\t<\/div>\n<\/div><\/div><\/div><\/div><div class=\"vc_row wpb_row vc_inner vc_row-fluid\"><div class=\"wpb_column vc_column_container vc_col-sm-12\"><div class=\"vc_column-inner\"><div class=\"wpb_wrapper\"><style type=\"text\/css\" data-type=\"the7_shortcodes-inline-css\">.gallery-shortcode.gallery-masonry-shortcode-id-4a01d7c83ae300f68e39a0e7c4b6cf3d figure,\n.gallery-shortcode.gallery-masonry-shortcode-id-4a01d7c83ae300f68e39a0e7c4b6cf3d .rollover,\n.gallery-shortcode.gallery-masonry-shortcode-id-4a01d7c83ae300f68e39a0e7c4b6cf3d img,\n.gallery-shortcode.gallery-masonry-shortcode-id-4a01d7c83ae300f68e39a0e7c4b6cf3d .gallery-rollover {\n  border-radius: 0px;\n}\n.gallery-shortcode.gallery-masonry-shortcode-id-4a01d7c83ae300f68e39a0e7c4b6cf3d.enable-bg-rollover .gallery-rollover {\n  background: -webkit-linear-gradient();\n  background: linear-gradient();\n}\n.gallery-shortcode.gallery-masonry-shortcode-id-4a01d7c83ae300f68e39a0e7c4b6cf3d.enable-bg-rollover.hover-scale figure .rollover:after {\n  background: -webkit-linear-gradient();\n  background: linear-gradient();\n}\n.gallery-shortcode.gallery-masonry-shortcode-id-4a01d7c83ae300f68e39a0e7c4b6cf3d .gallery-zoom-ico {\n  width: 44px;\n  height: 44px;\n  line-height: 44px;\n  border-radius: 100px;\n  margin: -22px 0 0 -22px;\n  border-width: 0px;\n  color: #ffffff;\n}\n.dt-icon-bg-on.gallery-shortcode.gallery-masonry-shortcode-id-4a01d7c83ae300f68e39a0e7c4b6cf3d .gallery-zoom-ico {\n  background: rgba(255,255,255,0.3);\n  box-shadow: none;\n}\n.gallery-shortcode.gallery-masonry-shortcode-id-4a01d7c83ae300f68e39a0e7c4b6cf3d .gallery-zoom-ico:before,\n.gallery-shortcode.gallery-masonry-shortcode-id-4a01d7c83ae300f68e39a0e7c4b6cf3d .gallery-zoom-ico span {\n  font-size: 32px;\n  line-height: 44px;\n  color: #ffffff;\n}\n.gallery-shortcode.gallery-masonry-shortcode-id-4a01d7c83ae300f68e39a0e7c4b6cf3d:not(.resize-by-browser-width) .dt-css-grid {\n  grid-row-gap: 10px;\n  grid-column-gap: 10px;\n  grid-template-columns: repeat(auto-fill,minmax(,1fr));\n}\n.gallery-shortcode.gallery-masonry-shortcode-id-4a01d7c83ae300f68e39a0e7c4b6cf3d:not(.resize-by-browser-width) .dt-css-grid .double-width {\n  grid-column: span 2;\n}\n.cssgridlegacy.no-cssgrid .gallery-shortcode.gallery-masonry-shortcode-id-4a01d7c83ae300f68e39a0e7c4b6cf3d:not(.resize-by-browser-width) .dt-css-grid,\n.no-cssgridlegacy.no-cssgrid .gallery-shortcode.gallery-masonry-shortcode-id-4a01d7c83ae300f68e39a0e7c4b6cf3d:not(.resize-by-browser-width) .dt-css-grid {\n  display: flex;\n  flex-flow: row wrap;\n  margin: -5px;\n}\n.cssgridlegacy.no-cssgrid .gallery-shortcode.gallery-masonry-shortcode-id-4a01d7c83ae300f68e39a0e7c4b6cf3d:not(.resize-by-browser-width) .dt-css-grid .wf-cell,\n.no-cssgridlegacy.no-cssgrid .gallery-shortcode.gallery-masonry-shortcode-id-4a01d7c83ae300f68e39a0e7c4b6cf3d:not(.resize-by-browser-width) .dt-css-grid .wf-cell {\n  flex: 1 0 ;\n  max-width: 100%;\n  padding: 5px;\n  box-sizing: border-box;\n}\n.gallery-shortcode.gallery-masonry-shortcode-id-4a01d7c83ae300f68e39a0e7c4b6cf3d.resize-by-browser-width .dt-css-grid {\n  grid-template-columns: repeat(6,1fr);\n  grid-template-rows: auto;\n  grid-column-gap: 10px;\n  grid-row-gap: 10px;\n}\n.gallery-shortcode.gallery-masonry-shortcode-id-4a01d7c83ae300f68e39a0e7c4b6cf3d.resize-by-browser-width .dt-css-grid .double-width {\n  grid-column: span 2;\n}\n.cssgridlegacy.no-cssgrid .gallery-shortcode.gallery-masonry-shortcode-id-4a01d7c83ae300f68e39a0e7c4b6cf3d.resize-by-browser-width .dt-css-grid {\n  margin: -5px;\n}\n.cssgridlegacy.no-cssgrid .gallery-shortcode.gallery-masonry-shortcode-id-4a01d7c83ae300f68e39a0e7c4b6cf3d.resize-by-browser-width .dt-css-grid .wf-cell {\n  width: 16.666666666667%;\n  padding: 5px;\n}\n.cssgridlegacy.no-cssgrid .gallery-shortcode.gallery-masonry-shortcode-id-4a01d7c83ae300f68e39a0e7c4b6cf3d.resize-by-browser-width .dt-css-grid .wf-cell.double-width {\n  width: calc(16.666666666667%) * 2;\n}\n.gallery-shortcode.gallery-masonry-shortcode-id-4a01d7c83ae300f68e39a0e7c4b6cf3d.resize-by-browser-width:not(.centered-layout-list):not(.content-bg-on) .dt-css-grid {\n  grid-row-gap: 10px - ;\n}\n@media screen and (max-width: 1199px) {\n  .gallery-shortcode.gallery-masonry-shortcode-id-4a01d7c83ae300f68e39a0e7c4b6cf3d.resize-by-browser-width .dt-css-grid {\n    grid-template-columns: repeat(6,1fr);\n  }\n  .cssgridlegacy.no-cssgrid .gallery-shortcode.gallery-masonry-shortcode-id-4a01d7c83ae300f68e39a0e7c4b6cf3d.resize-by-browser-width .dt-css-grid .wf-cell,\n  .no-cssgridlegacy.no-cssgrid .gallery-shortcode.gallery-masonry-shortcode-id-4a01d7c83ae300f68e39a0e7c4b6cf3d.resize-by-browser-width .dt-css-grid .wf-cell {\n    width: 16.666666666667%;\n  }\n  .cssgridlegacy.no-cssgrid .gallery-shortcode.gallery-masonry-shortcode-id-4a01d7c83ae300f68e39a0e7c4b6cf3d.resize-by-browser-width .dt-css-grid .wf-cell.double-width,\n  .no-cssgridlegacy.no-cssgrid .gallery-shortcode.gallery-masonry-shortcode-id-4a01d7c83ae300f68e39a0e7c4b6cf3d.resize-by-browser-width .dt-css-grid .wf-cell.double-width {\n    width: calc(16.666666666667%)*2;\n  }\n}\n@media screen and (max-width: 991px) {\n  .gallery-shortcode.gallery-masonry-shortcode-id-4a01d7c83ae300f68e39a0e7c4b6cf3d.resize-by-browser-width .dt-css-grid {\n    grid-template-columns: repeat(1,1fr);\n  }\n  .cssgridlegacy.no-cssgrid .gallery-shortcode.gallery-masonry-shortcode-id-4a01d7c83ae300f68e39a0e7c4b6cf3d.resize-by-browser-width .dt-css-grid .wf-cell,\n  .no-cssgridlegacy.no-cssgrid .gallery-shortcode.gallery-masonry-shortcode-id-4a01d7c83ae300f68e39a0e7c4b6cf3d.resize-by-browser-width .dt-css-grid .wf-cell {\n    width: 100%;\n  }\n  .cssgridlegacy.no-cssgrid .gallery-shortcode.gallery-masonry-shortcode-id-4a01d7c83ae300f68e39a0e7c4b6cf3d.resize-by-browser-width .dt-css-grid .wf-cell.double-width,\n  .no-cssgridlegacy.no-cssgrid .gallery-shortcode.gallery-masonry-shortcode-id-4a01d7c83ae300f68e39a0e7c4b6cf3d.resize-by-browser-width .dt-css-grid .wf-cell.double-width {\n    width: calc(100%)*2;\n  }\n}\n@media screen and (max-width: 767px) {\n  .gallery-shortcode.gallery-masonry-shortcode-id-4a01d7c83ae300f68e39a0e7c4b6cf3d.resize-by-browser-width .dt-css-grid {\n    grid-template-columns: repeat(1,1fr);\n  }\n  .cssgridlegacy.no-cssgrid .gallery-shortcode.gallery-masonry-shortcode-id-4a01d7c83ae300f68e39a0e7c4b6cf3d.resize-by-browser-width .dt-css-grid .wf-cell,\n  .no-cssgridlegacy.no-cssgrid .gallery-shortcode.gallery-masonry-shortcode-id-4a01d7c83ae300f68e39a0e7c4b6cf3d.resize-by-browser-width .dt-css-grid .wf-cell {\n    width: 100%;\n  }\n  .cssgridlegacy.no-cssgrid .gallery-shortcode.gallery-masonry-shortcode-id-4a01d7c83ae300f68e39a0e7c4b6cf3d.resize-by-browser-width .dt-css-grid .wf-cell.double-width,\n  .no-cssgridlegacy.no-cssgrid .gallery-shortcode.gallery-masonry-shortcode-id-4a01d7c83ae300f68e39a0e7c4b6cf3d.resize-by-browser-width .dt-css-grid .wf-cell.double-width {\n    width: calc(100%)*2;\n  }\n}<\/style><div class=\"gallery-shortcode dt-gallery-container gallery-masonry-shortcode-id-4a01d7c83ae300f68e39a0e7c4b6cf3d mode-grid jquery-filter dt-icon-bg-off quick-scale-img dt-css-grid-wrap enable-bg-rollover resize-by-browser-width  vc_custom_1742914386297 hover-fade loading-effect-fade-in description-on-hover\" data-padding=\"5px\" data-cur-page=\"1\" data-post-limit=\"-1\" data-pagination-mode=\"none\" data-desktop-columns-num=\"6\" data-v-tablet-columns-num=\"1\" data-h-tablet-columns-num=\"6\" data-phone-columns-num=\"1\" data-width=\"0px\" data-columns=\"0\"><div class=\"dt-css-grid\" ><div class=\"wf-cell\" data-post-id=\"4425\" data-date=\"2025-03-25T15:36:28+01:00\" data-name=\"DSC00216\"><figure class=\"post visible\"><a href=\"https:\/\/g-block.be\/wp-content\/uploads\/2025\/03\/DSC00216.jpg\" class=\"rollover dt-pswp-item layzr-bg\" data-large_image_width=\"640\" data-large_image_height=\"480\" data-dt-img-description=\"\" title=\"DSC00216\"><img fetchpriority=\"high\" decoding=\"async\" class=\"preload-me iso-lazy-load aspect\" src=\"data:image\/svg+xml,%3Csvg%20xmlns%3D&#39;http%3A%2F%2Fwww.w3.org%2F2000%2Fsvg&#39;%20viewBox%3D&#39;0%200%20640%20479&#39;%2F%3E\" data-src=\"https:\/\/g-block.be\/wp-content\/uploads\/2025\/03\/DSC00216.jpg\" data-srcset=\"https:\/\/g-block.be\/wp-content\/uploads\/2025\/03\/DSC00216.jpg 640w\" loading=\"eager\" style=\"--ratio: 640 \/ 479\" sizes=\"(max-width: 640px) 100vw, 640px\" alt=\"\" width=\"640\" height=\"479\"  \/><span class=\"gallery-rollover\"><span class=\"gallery-zoom-ico icomoon-the7-font-the7-expand-04\"><span><\/span><\/span><\/span><\/a><\/figure><\/div><div class=\"wf-cell\" data-post-id=\"4426\" data-date=\"2025-03-25T15:36:31+01:00\" data-name=\"Paumelle roulement +\"><figure class=\"post visible\"><a href=\"https:\/\/g-block.be\/wp-content\/uploads\/2025\/03\/Paumelle-roulement--scaled.jpg\" class=\"rollover dt-pswp-item layzr-bg\" data-large_image_width=\"1920\" data-large_image_height=\"2560\" data-dt-img-description=\"\" title=\"Paumelle roulement +\"><img decoding=\"async\" class=\"preload-me iso-lazy-load aspect\" src=\"data:image\/svg+xml,%3Csvg%20xmlns%3D&#39;http%3A%2F%2Fwww.w3.org%2F2000%2Fsvg&#39;%20viewBox%3D&#39;0%200%20990%20742&#39;%2F%3E\" data-src=\"https:\/\/g-block.be\/wp-content\/uploads\/2025\/03\/Paumelle-roulement--scaled-990x742.jpg\" data-srcset=\"https:\/\/g-block.be\/wp-content\/uploads\/2025\/03\/Paumelle-roulement--scaled-990x742.jpg 990w, https:\/\/g-block.be\/wp-content\/uploads\/2025\/03\/Paumelle-roulement--scaled-1485x1113.jpg 1485w\" loading=\"eager\" style=\"--ratio: 990 \/ 742\" sizes=\"(max-width: 990px) 100vw, 990px\" alt=\"\" width=\"990\" height=\"742\"  \/><span class=\"gallery-rollover\"><span class=\"gallery-zoom-ico icomoon-the7-font-the7-expand-04\"><span><\/span><\/span><\/span><\/a><\/figure><\/div><\/div><!-- iso-container|iso-grid --><\/div><\/div><\/div><\/div><\/div><\/div><\/div><\/div><\/div><\/div><\/div><\/div><\/div><\/div><\/div>\n<\/div>","protected":false},"excerpt":{"rendered":"<p>Organe de rotation &#8211; Paumelle-Charni\u00e8re Charni\u00e8res de haute performance pour vos portes Les paumelles-charni\u00e8res sont des composants essentiels pour assurer le bon fonctionnement et la durabilit\u00e9 de vos portes. Chez G-Block, nous proposons une gamme vari\u00e9e de paumelles \u00e0 souder, adapt\u00e9es \u00e0 diff\u00e9rentes configurations et besoins de s\u00e9curit\u00e9. Caract\u00e9ristiques Moyen de Suspension efficace : Les&hellip;<\/p>","protected":false},"author":2,"featured_media":4426,"parent":0,"menu_order":0,"comment_status":"closed","ping_status":"closed","template":"","meta":{"footnotes":""},"class_list":["post-4420","page","type-page","status-publish","has-post-thumbnail","hentry","description-off"],"yoast_head":"<!-- This site is optimized with the Yoast SEO plugin v27.4 - https:\/\/yoast.com\/product\/yoast-seo-wordpress\/ -->\n<title>Organe de rotation - Paumelles-Charni\u00e8res robustes et s\u00e9curis\u00e9es | G-Block<\/title>\n<meta name=\"description\" content=\"D\u00e9couvrez les paumelles-charni\u00e8res robustes et s\u00e9curis\u00e9es de G-Block, adapt\u00e9es \u00e0 vos besoins de protection et d&#039;esth\u00e9tique. Contactez-nous pour en savoir plus.\" \/>\n<meta name=\"robots\" content=\"index, follow, max-snippet:-1, max-image-preview:large, max-video-preview:-1\" \/>\n<link rel=\"canonical\" href=\"https:\/\/g-block.be\/nl\/scharnier-draaiapparaat-scharnier\/\" \/>\n<meta property=\"og:locale\" content=\"nl_NL\" \/>\n<meta property=\"og:type\" content=\"article\" \/>\n<meta property=\"og:title\" content=\"Organe de rotation - Paumelles-Charni\u00e8res robustes et s\u00e9curis\u00e9es | G-Block\" \/>\n<meta property=\"og:description\" content=\"Assurez la s\u00e9curit\u00e9 et la durabilit\u00e9 de vos portes avec les paumelles-charni\u00e8res de G-Block. Robustesse et esth\u00e9tique garanties ! #Paumelles #Charni\u00e8res #GBLock \u202f\" \/>\n<meta property=\"og:url\" content=\"https:\/\/g-block.be\/nl\/scharnier-draaiapparaat-scharnier\/\" \/>\n<meta property=\"og:site_name\" content=\"G-Block\" \/>\n<meta property=\"article:modified_time\" content=\"2025-03-31T08:47:41+00:00\" \/>\n<meta property=\"og:image\" content=\"https:\/\/g-block.be\/wp-content\/uploads\/2025\/03\/Paumelle-roulement--scaled.jpg\" \/>\n\t<meta property=\"og:image:width\" content=\"1920\" \/>\n\t<meta property=\"og:image:height\" content=\"2560\" \/>\n\t<meta property=\"og:image:type\" content=\"image\/jpeg\" \/>\n<meta name=\"twitter:card\" content=\"summary_large_image\" \/>\n<meta name=\"twitter:title\" content=\"Titre SEO pour la balise MetaTitle :\u202f Organe de rotation - Paumelles-Charni\u00e8res robustes et s\u00e9curis\u00e9es | G-Block\" \/>\n<meta name=\"twitter:description\" content=\"Assurez la s\u00e9curit\u00e9 et la durabilit\u00e9 de vos portes avec les paumelles-charni\u00e8res de G-Block. Robustesse et esth\u00e9tique garanties ! #Paumelles #Charni\u00e8res #GBLock\" \/>\n<meta name=\"twitter:image\" content=\"https:\/\/g-block.be\/wp-content\/uploads\/2025\/03\/Paumelle-roulement--scaled.jpg\" \/>\n<meta name=\"twitter:label1\" content=\"Geschatte leestijd\" \/>\n\t<meta name=\"twitter:data1\" content=\"2 minuten\" \/>\n<script type=\"application\/ld+json\" class=\"yoast-schema-graph\">{\"@context\":\"https:\\\/\\\/schema.org\",\"@graph\":[{\"@type\":\"WebPage\",\"@id\":\"https:\\\/\\\/g-block.be\\\/organe-de-rotation-paumelle-charniere\\\/\",\"url\":\"https:\\\/\\\/g-block.be\\\/organe-de-rotation-paumelle-charniere\\\/\",\"name\":\"Organe de rotation - Paumelles-Charni\u00e8res robustes et s\u00e9curis\u00e9es | G-Block\",\"isPartOf\":{\"@id\":\"https:\\\/\\\/g-block.be\\\/#website\"},\"primaryImageOfPage\":{\"@id\":\"https:\\\/\\\/g-block.be\\\/organe-de-rotation-paumelle-charniere\\\/#primaryimage\"},\"image\":{\"@id\":\"https:\\\/\\\/g-block.be\\\/organe-de-rotation-paumelle-charniere\\\/#primaryimage\"},\"thumbnailUrl\":\"https:\\\/\\\/g-block.be\\\/wp-content\\\/uploads\\\/2025\\\/03\\\/Paumelle-roulement--scaled.jpg\",\"datePublished\":\"2025-03-25T14:54:13+00:00\",\"dateModified\":\"2025-03-31T08:47:41+00:00\",\"description\":\"D\u00e9couvrez les paumelles-charni\u00e8res robustes et s\u00e9curis\u00e9es de G-Block, adapt\u00e9es \u00e0 vos besoins de protection et d'esth\u00e9tique. Contactez-nous pour en savoir plus.\",\"breadcrumb\":{\"@id\":\"https:\\\/\\\/g-block.be\\\/organe-de-rotation-paumelle-charniere\\\/#breadcrumb\"},\"inLanguage\":\"nl-NL\",\"potentialAction\":[{\"@type\":\"ReadAction\",\"target\":[\"https:\\\/\\\/g-block.be\\\/organe-de-rotation-paumelle-charniere\\\/\"]}]},{\"@type\":\"ImageObject\",\"inLanguage\":\"nl-NL\",\"@id\":\"https:\\\/\\\/g-block.be\\\/organe-de-rotation-paumelle-charniere\\\/#primaryimage\",\"url\":\"https:\\\/\\\/g-block.be\\\/wp-content\\\/uploads\\\/2025\\\/03\\\/Paumelle-roulement--scaled.jpg\",\"contentUrl\":\"https:\\\/\\\/g-block.be\\\/wp-content\\\/uploads\\\/2025\\\/03\\\/Paumelle-roulement--scaled.jpg\",\"width\":1920,\"height\":2560},{\"@type\":\"BreadcrumbList\",\"@id\":\"https:\\\/\\\/g-block.be\\\/organe-de-rotation-paumelle-charniere\\\/#breadcrumb\",\"itemListElement\":[{\"@type\":\"ListItem\",\"position\":1,\"name\":\"Accueil\",\"item\":\"https:\\\/\\\/g-block.be\\\/\"},{\"@type\":\"ListItem\",\"position\":2,\"name\":\"Organe de rotation &#8211; Paumelle-Charni\u00e8re\"}]},{\"@type\":\"WebSite\",\"@id\":\"https:\\\/\\\/g-block.be\\\/#website\",\"url\":\"https:\\\/\\\/g-block.be\\\/\",\"name\":\"G-Block\",\"description\":\"\",\"potentialAction\":[{\"@type\":\"SearchAction\",\"target\":{\"@type\":\"EntryPoint\",\"urlTemplate\":\"https:\\\/\\\/g-block.be\\\/?s={search_term_string}\"},\"query-input\":{\"@type\":\"PropertyValueSpecification\",\"valueRequired\":true,\"valueName\":\"search_term_string\"}}],\"inLanguage\":\"nl-NL\"}]}<\/script>\n<!-- \/ Yoast SEO plugin. -->","yoast_head_json":{"title":"Organe de rotation - Paumelles-Charni\u00e8res robustes et s\u00e9curis\u00e9es | G-Block","description":"D\u00e9couvrez les paumelles-charni\u00e8res robustes et s\u00e9curis\u00e9es de G-Block, adapt\u00e9es \u00e0 vos besoins de protection et d'esth\u00e9tique. Contactez-nous pour en savoir plus.","robots":{"index":"index","follow":"follow","max-snippet":"max-snippet:-1","max-image-preview":"max-image-preview:large","max-video-preview":"max-video-preview:-1"},"canonical":"https:\/\/g-block.be\/nl\/scharnier-draaiapparaat-scharnier\/","og_locale":"nl_NL","og_type":"article","og_title":"Organe de rotation - Paumelles-Charni\u00e8res robustes et s\u00e9curis\u00e9es | G-Block","og_description":"Assurez la s\u00e9curit\u00e9 et la durabilit\u00e9 de vos portes avec les paumelles-charni\u00e8res de G-Block. Robustesse et esth\u00e9tique garanties ! #Paumelles #Charni\u00e8res #GBLock \u202f","og_url":"https:\/\/g-block.be\/nl\/scharnier-draaiapparaat-scharnier\/","og_site_name":"G-Block","article_modified_time":"2025-03-31T08:47:41+00:00","og_image":[{"width":1920,"height":2560,"url":"https:\/\/g-block.be\/wp-content\/uploads\/2025\/03\/Paumelle-roulement--scaled.jpg","type":"image\/jpeg"}],"twitter_card":"summary_large_image","twitter_title":"Titre SEO pour la balise MetaTitle :\u202f Organe de rotation - Paumelles-Charni\u00e8res robustes et s\u00e9curis\u00e9es | G-Block","twitter_description":"Assurez la s\u00e9curit\u00e9 et la durabilit\u00e9 de vos portes avec les paumelles-charni\u00e8res de G-Block. Robustesse et esth\u00e9tique garanties ! #Paumelles #Charni\u00e8res #GBLock","twitter_image":"https:\/\/g-block.be\/wp-content\/uploads\/2025\/03\/Paumelle-roulement--scaled.jpg","twitter_misc":{"Geschatte leestijd":"2 minuten"},"schema":{"@context":"https:\/\/schema.org","@graph":[{"@type":"WebPage","@id":"https:\/\/g-block.be\/organe-de-rotation-paumelle-charniere\/","url":"https:\/\/g-block.be\/organe-de-rotation-paumelle-charniere\/","name":"Organe de rotation - Paumelles-Charni\u00e8res robustes et s\u00e9curis\u00e9es | G-Block","isPartOf":{"@id":"https:\/\/g-block.be\/#website"},"primaryImageOfPage":{"@id":"https:\/\/g-block.be\/organe-de-rotation-paumelle-charniere\/#primaryimage"},"image":{"@id":"https:\/\/g-block.be\/organe-de-rotation-paumelle-charniere\/#primaryimage"},"thumbnailUrl":"https:\/\/g-block.be\/wp-content\/uploads\/2025\/03\/Paumelle-roulement--scaled.jpg","datePublished":"2025-03-25T14:54:13+00:00","dateModified":"2025-03-31T08:47:41+00:00","description":"D\u00e9couvrez les paumelles-charni\u00e8res robustes et s\u00e9curis\u00e9es de G-Block, adapt\u00e9es \u00e0 vos besoins de protection et d'esth\u00e9tique. Contactez-nous pour en savoir plus.","breadcrumb":{"@id":"https:\/\/g-block.be\/organe-de-rotation-paumelle-charniere\/#breadcrumb"},"inLanguage":"nl-NL","potentialAction":[{"@type":"ReadAction","target":["https:\/\/g-block.be\/organe-de-rotation-paumelle-charniere\/"]}]},{"@type":"ImageObject","inLanguage":"nl-NL","@id":"https:\/\/g-block.be\/organe-de-rotation-paumelle-charniere\/#primaryimage","url":"https:\/\/g-block.be\/wp-content\/uploads\/2025\/03\/Paumelle-roulement--scaled.jpg","contentUrl":"https:\/\/g-block.be\/wp-content\/uploads\/2025\/03\/Paumelle-roulement--scaled.jpg","width":1920,"height":2560},{"@type":"BreadcrumbList","@id":"https:\/\/g-block.be\/organe-de-rotation-paumelle-charniere\/#breadcrumb","itemListElement":[{"@type":"ListItem","position":1,"name":"Accueil","item":"https:\/\/g-block.be\/"},{"@type":"ListItem","position":2,"name":"Organe de rotation &#8211; Paumelle-Charni\u00e8re"}]},{"@type":"WebSite","@id":"https:\/\/g-block.be\/#website","url":"https:\/\/g-block.be\/","name":"G-blok","description":"","potentialAction":[{"@type":"SearchAction","target":{"@type":"EntryPoint","urlTemplate":"https:\/\/g-block.be\/?s={search_term_string}"},"query-input":{"@type":"PropertyValueSpecification","valueRequired":true,"valueName":"search_term_string"}}],"inLanguage":"nl-NL"}]}},"_links":{"self":[{"href":"https:\/\/g-block.be\/nl\/wp-json\/wp\/v2\/pages\/4420","targetHints":{"allow":["GET"]}}],"collection":[{"href":"https:\/\/g-block.be\/nl\/wp-json\/wp\/v2\/pages"}],"about":[{"href":"https:\/\/g-block.be\/nl\/wp-json\/wp\/v2\/types\/page"}],"author":[{"embeddable":true,"href":"https:\/\/g-block.be\/nl\/wp-json\/wp\/v2\/users\/2"}],"replies":[{"embeddable":true,"href":"https:\/\/g-block.be\/nl\/wp-json\/wp\/v2\/comments?post=4420"}],"version-history":[{"count":3,"href":"https:\/\/g-block.be\/nl\/wp-json\/wp\/v2\/pages\/4420\/revisions"}],"predecessor-version":[{"id":4431,"href":"https:\/\/g-block.be\/nl\/wp-json\/wp\/v2\/pages\/4420\/revisions\/4431"}],"wp:featuredmedia":[{"embeddable":true,"href":"https:\/\/g-block.be\/nl\/wp-json\/wp\/v2\/media\/4426"}],"wp:attachment":[{"href":"https:\/\/g-block.be\/nl\/wp-json\/wp\/v2\/media?parent=4420"}],"curies":[{"name":"wp","href":"https:\/\/api.w.org\/{rel}","templated":true}]}}