{"id":4462,"date":"2025-03-31T09:45:34","date_gmt":"2025-03-31T07:45:34","guid":{"rendered":"https:\/\/g-block.be\/?page_id=4462"},"modified":"2025-11-05T08:03:24","modified_gmt":"2025-11-05T07:03:24","slug":"downloadlinks","status":"publish","type":"page","link":"https:\/\/g-block.be\/nl\/downloadlinks\/","title":{"rendered":"Links downloaden"},"content":{"rendered":"<div class=\"wpb-content-wrapper\"><div class=\"vc_row wpb_row vc_row-fluid dt-default\" style=\"margin-top: 0px;margin-bottom: 0px\"><div class=\"wpb_column vc_column_container vc_col-sm-12\"><div class=\"vc_column-inner\"><div class=\"wpb_wrapper\"><div class=\"vc_tta-container\" data-vc-action=\"collapseAll\"><div class=\"vc_general vc_tta vc_tta-accordion vc_tta-color-grey vc_tta-style-classic vc_tta-shape-rounded vc_tta-o-shape-group vc_tta-controls-align-default vc_tta-o-all-clickable\"><div class=\"vc_tta-panels-container\"><div class=\"vc_tta-panels\"><div class=\"vc_tta-panel\" id=\"1737586146864-6206c0cb-e308\" data-vc-content=\".vc_tta-panel-body\"><div class=\"vc_tta-panel-heading\"><h4 class=\"vc_tta-panel-title vc_tta-controls-icon-position-left\"><a href=\"#1737586146864-6206c0cb-e308\" data-vc-accordion data-vc-container=\".vc_tta-container\"><span class=\"vc_tta-title-text\">Links downloaden<\/span><i class=\"vc_tta-controls-icon vc_tta-controls-icon-plus\"><\/i><\/a><\/h4><\/div><div class=\"vc_tta-panel-body\"><style type=\"text\/css\" data-type=\"the7_shortcodes-inline-css\">#default-btn-299ebb1374548e87e1a06f14e9ea29bc {\n  border-radius: 0px;\n  font-size: 16px;\n  line-height: 18px;\n}\n.btn-shadow#default-btn-299ebb1374548e87e1a06f14e9ea29bc {\n  box-shadow: 0 1px 6px rgba(0,0,0,0.12);\n  transition: box-shadow 0.2s ease-out, opacity 0.45s;\n}\n.btn-shadow#default-btn-299ebb1374548e87e1a06f14e9ea29bc:hover {\n  box-shadow: 0 5px 11px 0 rgba(0,0,0,0.18), 0 4px 15px 0 rgba(0,0,0,0.15);\n}\n.btn-3d#default-btn-299ebb1374548e87e1a06f14e9ea29bc:hover {\n  box-shadow: 0px 2px 0px 0px #1e243e;\n}\n.btn-flat#default-btn-299ebb1374548e87e1a06f14e9ea29bc {\n  box-shadow: none;\n}\n.btn-flat#default-btn-299ebb1374548e87e1a06f14e9ea29bc:hover {\n  box-shadow: none;\n}\n#default-btn-299ebb1374548e87e1a06f14e9ea29bc.ico-right-side > i {\n  margin-right: 0px;\n  margin-left: 8px;\n}\n#default-btn-299ebb1374548e87e1a06f14e9ea29bc > i {\n  margin-right: 8px;\n  font-size: 12px;\n}\n#default-btn-299ebb1374548e87e1a06f14e9ea29bc:not(:hover) {\n  border-width: 1px;\n  border-color: #223377 !important;\n  color: #223377;\n  background: none !important;\n  padding: 13px 15px 13px 15px;\n}\n#default-btn-299ebb1374548e87e1a06f14e9ea29bc:not(:hover) * {\n  color: #223377;\n}\n#default-btn-299ebb1374548e87e1a06f14e9ea29bc:hover {\n  border-width: 1px;\n  border-color: #223377 !important;\n  color: #ffffff;\n  background: #223377 !important;\n  padding: 13px 15px 13px 15px;\n}\n#default-btn-299ebb1374548e87e1a06f14e9ea29bc:hover * {\n  color: #ffffff;\n}\n#default-btn-299ebb1374548e87e1a06f14e9ea29bc.ico-right-side > i {\n  margin-right: 0px;\n  margin-left: 8px;\n}\n#default-btn-299ebb1374548e87e1a06f14e9ea29bc > i {\n  margin-right: 8px;\n}<\/style><a href=\"https:\/\/g-block.be\/wp-content\/uploads\/2025\/03\/Test-acoustique-42dB.pdf\" class=\"default-btn-shortcode dt-btn link-hover-off btn-inline-left btn-flat  vc_custom_1762326193954\" target=\"_blank\" id=\"default-btn-299ebb1374548e87e1a06f14e9ea29bc\" title=\"Akoestische test 42dB\" rel=\"noopener\"><i class=\"dt-icon-the7-menu-002\"><\/i><span>Akoestische test 42dB<\/span><\/a><style type=\"text\/css\" data-type=\"the7_shortcodes-inline-css\">#default-btn-12c72ade6693443cf9788ffb80152e53 {\n  border-radius: 0px;\n  font-size: 16px;\n  line-height: 18px;\n}\n.btn-shadow#default-btn-12c72ade6693443cf9788ffb80152e53 {\n  box-shadow: 0 1px 6px rgba(0,0,0,0.12);\n  transition: box-shadow 0.2s ease-out, opacity 0.45s;\n}\n.btn-shadow#default-btn-12c72ade6693443cf9788ffb80152e53:hover {\n  box-shadow: 0 5px 11px 0 rgba(0,0,0,0.18), 0 4px 15px 0 rgba(0,0,0,0.15);\n}\n.btn-3d#default-btn-12c72ade6693443cf9788ffb80152e53:hover {\n  box-shadow: 0px 2px 0px 0px #1e243e;\n}\n.btn-flat#default-btn-12c72ade6693443cf9788ffb80152e53 {\n  box-shadow: none;\n}\n.btn-flat#default-btn-12c72ade6693443cf9788ffb80152e53:hover {\n  box-shadow: none;\n}\n#default-btn-12c72ade6693443cf9788ffb80152e53.ico-right-side > i {\n  margin-right: 0px;\n  margin-left: 8px;\n}\n#default-btn-12c72ade6693443cf9788ffb80152e53 > i {\n  margin-right: 8px;\n  font-size: 12px;\n}\n#default-btn-12c72ade6693443cf9788ffb80152e53:not(:hover) {\n  border-width: 1px;\n  border-color: #223377 !important;\n  color: #223377;\n  background: none !important;\n  padding: 13px 15px 13px 15px;\n}\n#default-btn-12c72ade6693443cf9788ffb80152e53:not(:hover) * {\n  color: #223377;\n}\n#default-btn-12c72ade6693443cf9788ffb80152e53:hover {\n  border-width: 1px;\n  border-color: #223377 !important;\n  color: #ffffff;\n  background: #223377 !important;\n  padding: 13px 15px 13px 15px;\n}\n#default-btn-12c72ade6693443cf9788ffb80152e53:hover * {\n  color: #ffffff;\n}\n#default-btn-12c72ade6693443cf9788ffb80152e53.ico-right-side > i {\n  margin-right: 0px;\n  margin-left: 8px;\n}\n#default-btn-12c72ade6693443cf9788ffb80152e53 > i {\n  margin-right: 8px;\n}<\/style><a href=\"https:\/\/g-block.be\/wp-content\/uploads\/2025\/03\/10-attestation-thermique-156.pdf\" class=\"default-btn-shortcode dt-btn link-hover-off btn-inline-left btn-flat  vc_custom_1762326200368\" target=\"_blank\" id=\"default-btn-12c72ade6693443cf9788ffb80152e53\" title=\"Thermisch certificaat 156\" rel=\"noopener\"><i class=\"dt-icon-the7-menu-002\"><\/i><span>Thermisch certificaat 156<\/span><\/a><\/div><\/div><\/div><\/div><\/div><\/div><\/div><\/div><\/div><\/div>\n<\/div>","protected":false},"excerpt":{"rendered":"<p>Links downloaden<\/p>","protected":false},"author":2,"featured_media":0,"parent":0,"menu_order":0,"comment_status":"closed","ping_status":"closed","template":"","meta":{"footnotes":""},"class_list":["post-4462","page","type-page","status-publish","hentry","description-off"],"yoast_head":"<!-- This site is optimized with the Yoast SEO plugin v27.4 - https:\/\/yoast.com\/product\/yoast-seo-wordpress\/ -->\n<title>Liens de T\u00e9l\u00e9chargement - attestations | G-Block<\/title>\n<meta name=\"description\" content=\"Liens de T\u00e9l\u00e9chargement - attestations | G-Block\" \/>\n<meta name=\"robots\" content=\"index, follow, max-snippet:-1, max-image-preview:large, max-video-preview:-1\" \/>\n<link rel=\"canonical\" href=\"https:\/\/g-block.be\/nl\/downloadlinks\/\" \/>\n<meta property=\"og:locale\" content=\"nl_NL\" \/>\n<meta property=\"og:type\" content=\"article\" \/>\n<meta property=\"og:title\" content=\"Liens de T\u00e9l\u00e9chargement - attestations | G-Block\" \/>\n<meta property=\"og:description\" content=\"Liens de T\u00e9l\u00e9chargement - attestations | G-Block\" \/>\n<meta property=\"og:url\" content=\"https:\/\/g-block.be\/nl\/downloadlinks\/\" \/>\n<meta property=\"og:site_name\" content=\"G-Block\" \/>\n<meta property=\"article:modified_time\" content=\"2025-11-05T07:03:24+00:00\" \/>\n<meta name=\"twitter:card\" content=\"summary_large_image\" \/>\n<meta name=\"twitter:title\" content=\"Liens de T\u00e9l\u00e9chargement - attestations | G-Block\" \/>\n<meta name=\"twitter:description\" content=\"Liens de T\u00e9l\u00e9chargement - attestations | G-Block\" \/>\n<meta name=\"twitter:label1\" content=\"Geschatte leestijd\" \/>\n\t<meta name=\"twitter:data1\" content=\"1 minuut\" \/>\n<script type=\"application\/ld+json\" class=\"yoast-schema-graph\">{\"@context\":\"https:\\\/\\\/schema.org\",\"@graph\":[{\"@type\":\"WebPage\",\"@id\":\"https:\\\/\\\/g-block.be\\\/liens-de-telechargement\\\/\",\"url\":\"https:\\\/\\\/g-block.be\\\/liens-de-telechargement\\\/\",\"name\":\"Liens de T\u00e9l\u00e9chargement - attestations | G-Block\",\"isPartOf\":{\"@id\":\"https:\\\/\\\/g-block.be\\\/#website\"},\"datePublished\":\"2025-03-31T07:45:34+00:00\",\"dateModified\":\"2025-11-05T07:03:24+00:00\",\"description\":\"Liens de T\u00e9l\u00e9chargement - attestations | G-Block\",\"breadcrumb\":{\"@id\":\"https:\\\/\\\/g-block.be\\\/liens-de-telechargement\\\/#breadcrumb\"},\"inLanguage\":\"nl-NL\",\"potentialAction\":[{\"@type\":\"ReadAction\",\"target\":[\"https:\\\/\\\/g-block.be\\\/liens-de-telechargement\\\/\"]}]},{\"@type\":\"BreadcrumbList\",\"@id\":\"https:\\\/\\\/g-block.be\\\/liens-de-telechargement\\\/#breadcrumb\",\"itemListElement\":[{\"@type\":\"ListItem\",\"position\":1,\"name\":\"Accueil\",\"item\":\"https:\\\/\\\/g-block.be\\\/\"},{\"@type\":\"ListItem\",\"position\":2,\"name\":\"Liens de t\u00e9l\u00e9chargement\"}]},{\"@type\":\"WebSite\",\"@id\":\"https:\\\/\\\/g-block.be\\\/#website\",\"url\":\"https:\\\/\\\/g-block.be\\\/\",\"name\":\"G-Block\",\"description\":\"\",\"potentialAction\":[{\"@type\":\"SearchAction\",\"target\":{\"@type\":\"EntryPoint\",\"urlTemplate\":\"https:\\\/\\\/g-block.be\\\/?s={search_term_string}\"},\"query-input\":{\"@type\":\"PropertyValueSpecification\",\"valueRequired\":true,\"valueName\":\"search_term_string\"}}],\"inLanguage\":\"nl-NL\"}]}<\/script>\n<!-- \/ Yoast SEO plugin. -->","yoast_head_json":{"title":"Liens de T\u00e9l\u00e9chargement - attestations | G-Block","description":"Liens de T\u00e9l\u00e9chargement - attestations | G-Block","robots":{"index":"index","follow":"follow","max-snippet":"max-snippet:-1","max-image-preview":"max-image-preview:large","max-video-preview":"max-video-preview:-1"},"canonical":"https:\/\/g-block.be\/nl\/downloadlinks\/","og_locale":"nl_NL","og_type":"article","og_title":"Liens de T\u00e9l\u00e9chargement - attestations | G-Block","og_description":"Liens de T\u00e9l\u00e9chargement - attestations | G-Block","og_url":"https:\/\/g-block.be\/nl\/downloadlinks\/","og_site_name":"G-Block","article_modified_time":"2025-11-05T07:03:24+00:00","twitter_card":"summary_large_image","twitter_title":"Liens de T\u00e9l\u00e9chargement - attestations | G-Block","twitter_description":"Liens de T\u00e9l\u00e9chargement - attestations | G-Block","twitter_misc":{"Geschatte leestijd":"1 minuut"},"schema":{"@context":"https:\/\/schema.org","@graph":[{"@type":"WebPage","@id":"https:\/\/g-block.be\/liens-de-telechargement\/","url":"https:\/\/g-block.be\/liens-de-telechargement\/","name":"Liens de T\u00e9l\u00e9chargement - attestations | G-Block","isPartOf":{"@id":"https:\/\/g-block.be\/#website"},"datePublished":"2025-03-31T07:45:34+00:00","dateModified":"2025-11-05T07:03:24+00:00","description":"Liens de T\u00e9l\u00e9chargement - attestations | G-Block","breadcrumb":{"@id":"https:\/\/g-block.be\/liens-de-telechargement\/#breadcrumb"},"inLanguage":"nl-NL","potentialAction":[{"@type":"ReadAction","target":["https:\/\/g-block.be\/liens-de-telechargement\/"]}]},{"@type":"BreadcrumbList","@id":"https:\/\/g-block.be\/liens-de-telechargement\/#breadcrumb","itemListElement":[{"@type":"ListItem","position":1,"name":"Accueil","item":"https:\/\/g-block.be\/"},{"@type":"ListItem","position":2,"name":"Liens de t\u00e9l\u00e9chargement"}]},{"@type":"WebSite","@id":"https:\/\/g-block.be\/#website","url":"https:\/\/g-block.be\/","name":"G-blok","description":"","potentialAction":[{"@type":"SearchAction","target":{"@type":"EntryPoint","urlTemplate":"https:\/\/g-block.be\/?s={search_term_string}"},"query-input":{"@type":"PropertyValueSpecification","valueRequired":true,"valueName":"search_term_string"}}],"inLanguage":"nl-NL"}]}},"_links":{"self":[{"href":"https:\/\/g-block.be\/nl\/wp-json\/wp\/v2\/pages\/4462","targetHints":{"allow":["GET"]}}],"collection":[{"href":"https:\/\/g-block.be\/nl\/wp-json\/wp\/v2\/pages"}],"about":[{"href":"https:\/\/g-block.be\/nl\/wp-json\/wp\/v2\/types\/page"}],"author":[{"embeddable":true,"href":"https:\/\/g-block.be\/nl\/wp-json\/wp\/v2\/users\/2"}],"replies":[{"embeddable":true,"href":"https:\/\/g-block.be\/nl\/wp-json\/wp\/v2\/comments?post=4462"}],"version-history":[{"count":5,"href":"https:\/\/g-block.be\/nl\/wp-json\/wp\/v2\/pages\/4462\/revisions"}],"predecessor-version":[{"id":4932,"href":"https:\/\/g-block.be\/nl\/wp-json\/wp\/v2\/pages\/4462\/revisions\/4932"}],"wp:attachment":[{"href":"https:\/\/g-block.be\/nl\/wp-json\/wp\/v2\/media?parent=4462"}],"curies":[{"name":"wp","href":"https:\/\/api.w.org\/{rel}","templated":true}]}}